{"id":133,"date":"2020-02-19T16:11:14","date_gmt":"2020-02-19T15:11:14","guid":{"rendered":"http:\/\/relaunch2.solicomp.de\/?page_id=133"},"modified":"2022-04-25T10:13:54","modified_gmt":"2022-04-25T08:13:54","slug":"emitter-laser-sensoren","status":"publish","type":"page","link":"https:\/\/solicomp.de\/de\/produkte\/emitter-laser-sensoren\/","title":{"rendered":"Emitter, Laser &#038; Sensoren"},"content":{"rendered":"\t\t<div data-elementor-type=\"wp-page\" data-elementor-id=\"133\" class=\"elementor elementor-133\" data-elementor-settings=\"{&quot;ha_cmc_init_switcher&quot;:&quot;no&quot;}\" data-elementor-post-type=\"page\">\n\t\t\t\t\t\t<section class=\"elementor-section elementor-top-section elementor-element elementor-element-53bc5fe elementor-section-boxed ang-section-padding-initial elementor-section-height-default elementor-section-height-default elementor-repeater-item-none elementor-repeater-item-none_hover\" data-id=\"53bc5fe\" data-element_type=\"section\" data-e-type=\"section\" data-settings=\"{&quot;_ha_eqh_enable&quot;:false}\">\n\t\t\t\t\t\t<div class=\"elementor-container elementor-column-gap-default\">\n\t\t\t\t\t<div class=\"elementor-column elementor-col-100 elementor-top-column elementor-element elementor-element-fd19347 elementor-repeater-item-none elementor-repeater-item-none_hover\" data-id=\"fd19347\" data-element_type=\"column\" data-e-type=\"column\">\n\t\t\t<div class=\"elementor-widget-wrap elementor-element-populated\">\n\t\t\t\t\t\t<div class=\"elementor-element elementor-element-2fc16f0 elementor-repeater-item-none elementor-repeater-item-none_hover elementor-widget elementor-widget-text-editor\" data-id=\"2fc16f0\" data-element_type=\"widget\" data-e-type=\"widget\" data-widget_type=\"text-editor.default\">\n\t\t\t\t<div class=\"elementor-widget-container\">\n\t\t\t\t\t\t\t\t\t<p>Mit Hilfe von Licht k\u00f6nnen wir auf innovative Weise mit unserer Umgebung und Maschinen interagieren und kommunizieren. Biometrische Erkennung, Sicherheitstechnik, Medizinische Sensorik und schnelle Daten\u00fcbertragung wird mit Licht noch effizienter und zuverl\u00e4ssiger. OSRAM Opto Semiconductors hat die Sender, \u00dcbertrager und Empf\u00e4nger f\u00fcr diese Technologie. Und Solicomp bringt diese Produkte zu Ihnen. Fragen Sie uns nach den richtigen Komponenten f\u00fcr Ihre Anwendung.<\/p>\t\t\t\t\t\t\t\t<\/div>\n\t\t\t\t<\/div>\n\t\t\t\t\t<\/div>\n\t\t<\/div>\n\t\t\t\t\t<\/div>\n\t\t<\/section>\n\t\t\t\t<section class=\"elementor-section elementor-top-section elementor-element elementor-element-86a8a53 ang-section-padding-no elementor-section-boxed elementor-section-height-default elementor-section-height-default elementor-repeater-item-none elementor-repeater-item-none_hover\" data-id=\"86a8a53\" data-element_type=\"section\" data-e-type=\"section\" data-settings=\"{&quot;_ha_eqh_enable&quot;:false}\">\n\t\t\t\t\t\t<div class=\"elementor-container elementor-column-gap-default\">\n\t\t\t\t\t<div class=\"elementor-column elementor-col-100 elementor-top-column elementor-element elementor-element-e4a7eae elementor-repeater-item-none elementor-repeater-item-none_hover\" data-id=\"e4a7eae\" data-element_type=\"column\" data-e-type=\"column\">\n\t\t\t<div class=\"elementor-widget-wrap elementor-element-populated\">\n\t\t\t\t\t\t<div class=\"elementor-element elementor-element-fa18b72 elementor-repeater-item-none elementor-repeater-item-none_hover elementor-widget elementor-widget-solicomp-product-listing\" data-id=\"fa18b72\" data-element_type=\"widget\" data-e-type=\"widget\" data-widget_type=\"solicomp-product-listing.default\">\n\t\t\t\t<div class=\"elementor-widget-container\">\n\t\t\t\t\t<h3 style=\"margin-bottom: 20px;\">Emitter, Laser und Sensoren<\/h3><div class=\"accordion-wrapper\"><div class=\"accordion_parent\"><div class=\"js_button_parent\">Infrarot Emitter<\/div><div class=\"panel_parent\"><div class=\"accordion_child\"><div class=\"js_button_parent\">High-power Emitter (&gt; 1 W)<\/div><div class=\"panel_parent\"><div class=\"product-wrapper\"><div class=\"product-image-wrapper\"><img fetchpriority=\"high\" decoding=\"async\" width=\"300\" height=\"187\" src=\"https:\/\/solicomp.de\/wp-content\/uploads\/2020\/03\/OSRAM-OSLUX-300x187.jpg\" class=\"product-image wp-post-image\" alt=\"\" srcset=\"https:\/\/solicomp.de\/wp-content\/uploads\/2020\/03\/OSRAM-OSLUX-300x187.jpg 300w, https:\/\/solicomp.de\/wp-content\/uploads\/2020\/03\/OSRAM-OSLUX.jpg 588w\" sizes=\"(max-width: 300px) 100vw, 300px\" title=\"\"><\/div><h5 class=\"product-title\"><span>OSLUX<\/span><\/h5><div class=\"product-content\"><\/div><\/div><div class=\"product-wrapper\"><div class=\"product-image-wrapper\"><img decoding=\"async\" width=\"300\" height=\"187\" src=\"https:\/\/solicomp.de\/wp-content\/uploads\/2020\/03\/OSRAM-SYNIOS-300x187.jpg\" class=\"product-image wp-post-image\" alt=\"\" srcset=\"https:\/\/solicomp.de\/wp-content\/uploads\/2020\/03\/OSRAM-SYNIOS-300x187.jpg 300w, https:\/\/solicomp.de\/wp-content\/uploads\/2020\/03\/OSRAM-SYNIOS.jpg 588w\" sizes=\"(max-width: 300px) 100vw, 300px\" title=\"\"><\/div><h5 class=\"product-title\"><span>SYNIOS<\/span><\/h5><div class=\"product-content\"><\/div><\/div><\/div><\/div><div class=\"accordion_child\"><div class=\"js_button_parent\">Standard und Power Emitter (&lt; 1 W)<\/div><div class=\"panel_parent\"><div class=\"product-wrapper\"><div class=\"product-image-wrapper\"><img decoding=\"async\" width=\"300\" height=\"187\" src=\"https:\/\/solicomp.de\/wp-content\/uploads\/2020\/03\/OSRAM-MIDLED-300x187.jpg\" class=\"product-image wp-post-image\" alt=\"\" srcset=\"https:\/\/solicomp.de\/wp-content\/uploads\/2020\/03\/OSRAM-MIDLED-300x187.jpg 300w, https:\/\/solicomp.de\/wp-content\/uploads\/2020\/03\/OSRAM-MIDLED-768x479.jpg 768w, https:\/\/solicomp.de\/wp-content\/uploads\/2020\/03\/OSRAM-MIDLED.jpg 800w\" sizes=\"(max-width: 300px) 100vw, 300px\" title=\"\"><\/div><h5 class=\"product-title\"><span>MIDLED<\/span><\/h5><div class=\"product-content\"><\/div><\/div><div class=\"product-wrapper\"><div class=\"product-image-wrapper\"><img loading=\"lazy\" decoding=\"async\" width=\"300\" height=\"187\" src=\"https:\/\/solicomp.de\/wp-content\/uploads\/2020\/03\/OSRAM-Pre-Molded-300x187.jpeg\" class=\"product-image wp-post-image\" alt=\"\" srcset=\"https:\/\/solicomp.de\/wp-content\/uploads\/2020\/03\/OSRAM-Pre-Molded-300x187.jpeg 300w, https:\/\/solicomp.de\/wp-content\/uploads\/2020\/03\/OSRAM-Pre-Molded-768x479.jpeg 768w, https:\/\/solicomp.de\/wp-content\/uploads\/2020\/03\/OSRAM-Pre-Molded.jpeg 800w\" sizes=\"(max-width: 300px) 100vw, 300px\" title=\"\"><\/div><h5 class=\"product-title\"><span>Pre-Molded<\/span><\/h5><div class=\"product-content\"><\/div><\/div><div class=\"product-wrapper\"><div class=\"product-image-wrapper\"><img loading=\"lazy\" decoding=\"async\" width=\"300\" height=\"187\" src=\"https:\/\/solicomp.de\/wp-content\/uploads\/2020\/03\/OSRAM-Array-300x187.jpeg\" class=\"product-image wp-post-image\" alt=\"\" srcset=\"https:\/\/solicomp.de\/wp-content\/uploads\/2020\/03\/OSRAM-Array-300x187.jpeg 300w, https:\/\/solicomp.de\/wp-content\/uploads\/2020\/03\/OSRAM-Array-768x479.jpeg 768w, https:\/\/solicomp.de\/wp-content\/uploads\/2020\/03\/OSRAM-Array.jpeg 800w\" sizes=\"(max-width: 300px) 100vw, 300px\" title=\"\"><\/div><h5 class=\"product-title\"><span>Array<\/span><\/h5><div class=\"product-content\"><\/div><\/div><div class=\"product-wrapper\"><div class=\"product-image-wrapper\"><img loading=\"lazy\" decoding=\"async\" width=\"300\" height=\"187\" src=\"https:\/\/solicomp.de\/wp-content\/uploads\/2020\/03\/OSRAM-Radial-300x187.jpeg\" class=\"product-image wp-post-image\" alt=\"\" srcset=\"https:\/\/solicomp.de\/wp-content\/uploads\/2020\/03\/OSRAM-Radial-300x187.jpeg 300w, https:\/\/solicomp.de\/wp-content\/uploads\/2020\/03\/OSRAM-Radial-768x479.jpeg 768w, https:\/\/solicomp.de\/wp-content\/uploads\/2020\/03\/OSRAM-Radial.jpeg 800w\" sizes=\"(max-width: 300px) 100vw, 300px\" title=\"\"><\/div><h5 class=\"product-title\"><span>Radial<\/span><\/h5><div class=\"product-content\"><\/div><\/div><\/div><\/div><\/div><\/div><div class=\"accordion_parent\"><div class=\"js_button_parent\">Laser<\/div><div class=\"panel_parent\"><div class=\"product-wrapper\"><div class=\"product-image-wrapper\"><img loading=\"lazy\" decoding=\"async\" width=\"300\" height=\"187\" src=\"https:\/\/solicomp.de\/wp-content\/uploads\/2020\/03\/OSRAM-Visible-Laser-Diodes-300x187.jpg\" class=\"product-image wp-post-image\" alt=\"\" srcset=\"https:\/\/solicomp.de\/wp-content\/uploads\/2020\/03\/OSRAM-Visible-Laser-Diodes-300x187.jpg 300w, https:\/\/solicomp.de\/wp-content\/uploads\/2020\/03\/OSRAM-Visible-Laser-Diodes-768x479.jpg 768w, https:\/\/solicomp.de\/wp-content\/uploads\/2020\/03\/OSRAM-Visible-Laser-Diodes.jpg 800w\" sizes=\"(max-width: 300px) 100vw, 300px\" title=\"\"><\/div><h5 class=\"product-title\"><span>Visible Laser Diodes<\/span><\/h5><div class=\"product-content\"><\/div><\/div><\/div><\/div><div class=\"accordion_parent\"><div class=\"js_button_parent\">Sensoren<\/div><div class=\"panel_parent\"><div class=\"accordion_child\"><div class=\"js_button_parent\">Phototransistoren<\/div><div class=\"panel_parent\"><div class=\"product-wrapper\"><div class=\"product-image-wrapper\"><img loading=\"lazy\" decoding=\"async\" width=\"300\" height=\"188\" src=\"https:\/\/solicomp.de\/wp-content\/uploads\/2020\/03\/OSRAM-Small-SMT-300x188.jpeg\" class=\"product-image wp-post-image\" alt=\"\" srcset=\"https:\/\/solicomp.de\/wp-content\/uploads\/2020\/03\/OSRAM-Small-SMT-300x188.jpeg 300w, https:\/\/solicomp.de\/wp-content\/uploads\/2020\/03\/OSRAM-Small-SMT-768x480.jpeg 768w, https:\/\/solicomp.de\/wp-content\/uploads\/2020\/03\/OSRAM-Small-SMT.jpeg 800w\" sizes=\"(max-width: 300px) 100vw, 300px\" title=\"\"><\/div><h5 class=\"product-title\"><span>Small SMT<\/span><\/h5><div class=\"product-content\"><\/div><\/div><\/div><\/div><div class=\"accordion_child\"><div class=\"js_button_parent\">Photodioden<\/div><div class=\"panel_parent\"><div class=\"product-wrapper\"><div class=\"product-image-wrapper\"><img loading=\"lazy\" decoding=\"async\" width=\"300\" height=\"187\" src=\"https:\/\/solicomp.de\/wp-content\/uploads\/2020\/03\/OSRAM-DIL-through-hole-package-300x187.jpeg\" class=\"product-image wp-post-image\" alt=\"\" srcset=\"https:\/\/solicomp.de\/wp-content\/uploads\/2020\/03\/OSRAM-DIL-through-hole-package-300x187.jpeg 300w, https:\/\/solicomp.de\/wp-content\/uploads\/2020\/03\/OSRAM-DIL-through-hole-package-768x479.jpeg 768w, https:\/\/solicomp.de\/wp-content\/uploads\/2020\/03\/OSRAM-DIL-through-hole-package.jpeg 800w\" sizes=\"(max-width: 300px) 100vw, 300px\" title=\"\"><\/div><h5 class=\"product-title\"><span>DIL through hole package<\/span><\/h5><div class=\"product-content\"><\/div><\/div><\/div><\/div><div class=\"accordion_child\"><div class=\"js_button_parent\">Optische Sensoren<\/div><div class=\"panel_parent\"><div class=\"product-wrapper\"><div class=\"product-image-wrapper\"><img loading=\"lazy\" decoding=\"async\" width=\"300\" height=\"187\" src=\"https:\/\/solicomp.de\/wp-content\/uploads\/2020\/03\/OSRAM-Optical-Sensors-300x187.jpg\" class=\"product-image wp-post-image\" alt=\"\" srcset=\"https:\/\/solicomp.de\/wp-content\/uploads\/2020\/03\/OSRAM-Optical-Sensors-300x187.jpg 300w, https:\/\/solicomp.de\/wp-content\/uploads\/2020\/03\/OSRAM-Optical-Sensors-768x479.jpg 768w, https:\/\/solicomp.de\/wp-content\/uploads\/2020\/03\/OSRAM-Optical-Sensors.jpg 800w\" sizes=\"(max-width: 300px) 100vw, 300px\" title=\"\"><\/div><h5 class=\"product-title\"><span>Optical Sensors<\/span><\/h5><div class=\"product-content\"><\/div><\/div><\/div><\/div><div class=\"accordion_child\"><div class=\"js_button_parent\">Photo IC<\/div><div class=\"panel_parent\"><div class=\"product-wrapper\"><div class=\"product-image-wrapper\"><img loading=\"lazy\" decoding=\"async\" width=\"300\" height=\"187\" src=\"https:\/\/solicomp.de\/wp-content\/uploads\/2020\/03\/OSRAM-Photo-IC--300x187.jpg\" class=\"product-image wp-post-image\" alt=\"\" srcset=\"https:\/\/solicomp.de\/wp-content\/uploads\/2020\/03\/OSRAM-Photo-IC--300x187.jpg 300w, https:\/\/solicomp.de\/wp-content\/uploads\/2020\/03\/OSRAM-Photo-IC--768x479.jpg 768w, https:\/\/solicomp.de\/wp-content\/uploads\/2020\/03\/OSRAM-Photo-IC-.jpg 800w\" sizes=\"(max-width: 300px) 100vw, 300px\" title=\"\"><\/div><h5 class=\"product-title\"><span>Photo IC<\/span><\/h5><div class=\"product-content\"><\/div><\/div><\/div><\/div><\/div><\/div><\/div>\t\t\t\t<\/div>\n\t\t\t\t<\/div>\n\t\t\t\t\t<\/div>\n\t\t<\/div>\n\t\t\t\t\t<\/div>\n\t\t<\/section>\n\t\t\t\t<section class=\"elementor-section elementor-top-section elementor-element elementor-element-a3d2ac5 elementor-section-boxed ang-section-padding-initial elementor-section-height-default elementor-section-height-default elementor-repeater-item-none elementor-repeater-item-none_hover\" data-id=\"a3d2ac5\" data-element_type=\"section\" data-e-type=\"section\" data-settings=\"{&quot;_ha_eqh_enable&quot;:false}\">\n\t\t\t\t\t\t<div class=\"elementor-container elementor-column-gap-default\">\n\t\t\t\t\t<div class=\"elementor-column elementor-col-50 elementor-top-column elementor-element elementor-element-4e0e637 elementor-repeater-item-none elementor-repeater-item-none_hover\" data-id=\"4e0e637\" data-element_type=\"column\" data-e-type=\"column\">\n\t\t\t<div class=\"elementor-widget-wrap elementor-element-populated\">\n\t\t\t\t\t\t<div class=\"elementor-element elementor-element-38bc496 elementor-repeater-item-none elementor-repeater-item-none_hover elementor-widget elementor-widget-heading\" data-id=\"38bc496\" data-element_type=\"widget\" data-e-type=\"widget\" data-widget_type=\"heading.default\">\n\t\t\t\t<div class=\"elementor-widget-container\">\n\t\t\t\t\t<h3 class=\"elementor-heading-title elementor-size-default\">Keine Kompromisse<\/h3>\t\t\t\t<\/div>\n\t\t\t\t<\/div>\n\t\t\t\t<div class=\"elementor-element elementor-element-e64a012 elementor-repeater-item-none elementor-repeater-item-none_hover elementor-widget elementor-widget-text-editor\" data-id=\"e64a012\" data-element_type=\"widget\" data-e-type=\"widget\" data-widget_type=\"text-editor.default\">\n\t\t\t\t<div class=\"elementor-widget-container\">\n\t\t\t\t\t\t\t\t\t<p>OSRAM Opto Semiconductors ist einer der Markt- und Technologief\u00fchrer der Branche und steht f\u00fcr Innovation und Zuverl\u00e4ssigkeit.\u00a0\u00a0<\/p>\t\t\t\t\t\t\t\t<\/div>\n\t\t\t\t<\/div>\n\t\t\t\t\t<\/div>\n\t\t<\/div>\n\t\t\t\t<div class=\"elementor-column elementor-col-50 elementor-top-column elementor-element elementor-element-3ed965b elementor-repeater-item-none elementor-repeater-item-none_hover\" data-id=\"3ed965b\" data-element_type=\"column\" data-e-type=\"column\">\n\t\t\t<div class=\"elementor-widget-wrap elementor-element-populated\">\n\t\t\t\t\t\t<div class=\"elementor-element elementor-element-f42b265 external_elementor-repeater-item-none_external elementor-repeater-item-none elementor-repeater-item-none_hover elementor-widget elementor-widget-image\" data-id=\"f42b265\" data-element_type=\"widget\" data-e-type=\"widget\" data-widget_type=\"image.default\">\n\t\t\t\t<div class=\"elementor-widget-container\">\n\t\t\t\t\t\t\t\t\t\t\t\t\t\t\t<img loading=\"lazy\" decoding=\"async\" width=\"1024\" height=\"550\" src=\"https:\/\/solicomp.de\/wp-content\/uploads\/2021\/09\/ams_OSRAM.png\" class=\"attachment-large size-large wp-image-2512\" alt=\"ams OSRAM\" srcset=\"https:\/\/solicomp.de\/wp-content\/uploads\/2021\/09\/ams_OSRAM.png 1024w, https:\/\/solicomp.de\/wp-content\/uploads\/2021\/09\/ams_OSRAM-300x161.png 300w, https:\/\/solicomp.de\/wp-content\/uploads\/2021\/09\/ams_OSRAM-768x413.png 768w\" sizes=\"(max-width: 1024px) 100vw, 1024px\" title=\"\">\t\t\t\t\t\t\t\t\t\t\t\t\t\t\t<\/div>\n\t\t\t\t<\/div>\n\t\t\t\t\t<\/div>\n\t\t<\/div>\n\t\t\t\t\t<\/div>\n\t\t<\/section>\n\t\t\t\t<section class=\"elementor-section elementor-top-section elementor-element elementor-element-2dfbcc3 elementor-section-boxed ang-section-padding-initial elementor-section-height-default elementor-section-height-default elementor-repeater-item-none elementor-repeater-item-none_hover\" data-id=\"2dfbcc3\" data-element_type=\"section\" data-e-type=\"section\" data-settings=\"{&quot;_ha_eqh_enable&quot;:false}\">\n\t\t\t\t\t\t<div class=\"elementor-container elementor-column-gap-default\">\n\t\t\t\t\t<div class=\"elementor-column elementor-col-33 elementor-top-column elementor-element elementor-element-76f141a elementor-repeater-item-none elementor-repeater-item-none_hover\" data-id=\"76f141a\" data-element_type=\"column\" data-e-type=\"column\">\n\t\t\t<div class=\"elementor-widget-wrap elementor-element-populated\">\n\t\t\t\t\t\t<div class=\"elementor-element elementor-element-35469a5 external_elementor-repeater-item-none_external elementor-repeater-item-none elementor-repeater-item-none_hover elementor-widget elementor-widget-image\" data-id=\"35469a5\" data-element_type=\"widget\" data-e-type=\"widget\" data-widget_type=\"image.default\">\n\t\t\t\t<div class=\"elementor-widget-container\">\n\t\t\t\t\t\t\t\t\t\t\t\t\t\t\t<img loading=\"lazy\" decoding=\"async\" width=\"800\" height=\"499\" src=\"https:\/\/solicomp.de\/wp-content\/uploads\/2020\/03\/OSRAM-Visible-Laser-Diodes.jpg\" class=\"attachment-large size-large wp-image-1215\" alt=\"\" srcset=\"https:\/\/solicomp.de\/wp-content\/uploads\/2020\/03\/OSRAM-Visible-Laser-Diodes.jpg 800w, https:\/\/solicomp.de\/wp-content\/uploads\/2020\/03\/OSRAM-Visible-Laser-Diodes-300x187.jpg 300w, https:\/\/solicomp.de\/wp-content\/uploads\/2020\/03\/OSRAM-Visible-Laser-Diodes-768x479.jpg 768w\" sizes=\"(max-width: 800px) 100vw, 800px\" title=\"\">\t\t\t\t\t\t\t\t\t\t\t\t\t\t\t<\/div>\n\t\t\t\t<\/div>\n\t\t\t\t\t<\/div>\n\t\t<\/div>\n\t\t\t\t<div class=\"elementor-column elementor-col-33 elementor-top-column elementor-element elementor-element-db041d0 elementor-repeater-item-none elementor-repeater-item-none_hover\" data-id=\"db041d0\" data-element_type=\"column\" data-e-type=\"column\">\n\t\t\t<div class=\"elementor-widget-wrap elementor-element-populated\">\n\t\t\t\t\t\t<div class=\"elementor-element elementor-element-bbf0e09 external_elementor-repeater-item-none_external elementor-repeater-item-none elementor-repeater-item-none_hover elementor-widget elementor-widget-image\" data-id=\"bbf0e09\" data-element_type=\"widget\" data-e-type=\"widget\" data-widget_type=\"image.default\">\n\t\t\t\t<div class=\"elementor-widget-container\">\n\t\t\t\t\t\t\t\t\t\t\t\t\t\t\t<img loading=\"lazy\" decoding=\"async\" width=\"800\" height=\"499\" src=\"https:\/\/solicomp.de\/wp-content\/uploads\/2020\/03\/OSRAM-Infrared-Laser-Diodes.jpeg\" class=\"attachment-large size-large wp-image-1214\" alt=\"\" srcset=\"https:\/\/solicomp.de\/wp-content\/uploads\/2020\/03\/OSRAM-Infrared-Laser-Diodes.jpeg 800w, https:\/\/solicomp.de\/wp-content\/uploads\/2020\/03\/OSRAM-Infrared-Laser-Diodes-300x187.jpeg 300w, https:\/\/solicomp.de\/wp-content\/uploads\/2020\/03\/OSRAM-Infrared-Laser-Diodes-768x479.jpeg 768w\" sizes=\"(max-width: 800px) 100vw, 800px\" title=\"\">\t\t\t\t\t\t\t\t\t\t\t\t\t\t\t<\/div>\n\t\t\t\t<\/div>\n\t\t\t\t\t<\/div>\n\t\t<\/div>\n\t\t\t\t<div class=\"elementor-column elementor-col-33 elementor-top-column elementor-element elementor-element-c46954d elementor-repeater-item-none elementor-repeater-item-none_hover\" data-id=\"c46954d\" data-element_type=\"column\" data-e-type=\"column\">\n\t\t\t<div class=\"elementor-widget-wrap elementor-element-populated\">\n\t\t\t\t\t\t<div class=\"elementor-element elementor-element-98dec62 external_elementor-repeater-item-none_external elementor-repeater-item-none elementor-repeater-item-none_hover elementor-widget elementor-widget-image\" data-id=\"98dec62\" data-element_type=\"widget\" data-e-type=\"widget\" data-widget_type=\"image.default\">\n\t\t\t\t<div class=\"elementor-widget-container\">\n\t\t\t\t\t\t\t\t\t\t\t\t\t\t\t<img loading=\"lazy\" decoding=\"async\" width=\"800\" height=\"499\" src=\"https:\/\/solicomp.de\/wp-content\/uploads\/2020\/03\/OSRAM-Pre-Molded-1.jpeg\" class=\"attachment-large size-large wp-image-1219\" alt=\"\" srcset=\"https:\/\/solicomp.de\/wp-content\/uploads\/2020\/03\/OSRAM-Pre-Molded-1.jpeg 800w, https:\/\/solicomp.de\/wp-content\/uploads\/2020\/03\/OSRAM-Pre-Molded-1-300x187.jpeg 300w, https:\/\/solicomp.de\/wp-content\/uploads\/2020\/03\/OSRAM-Pre-Molded-1-768x479.jpeg 768w\" sizes=\"(max-width: 800px) 100vw, 800px\" title=\"\">\t\t\t\t\t\t\t\t\t\t\t\t\t\t\t<\/div>\n\t\t\t\t<\/div>\n\t\t\t\t\t<\/div>\n\t\t<\/div>\n\t\t\t\t\t<\/div>\n\t\t<\/section>\n\t\t\t\t<\/div>\n\t\t","protected":false},"excerpt":{"rendered":"<p>Mit Hilfe von Licht k\u00f6nnen wir auf innovative Weise mit unserer Umgebung und Maschinen interagieren und kommunizieren. Biometrische Erkennung, Sicherheitstechnik, Medizinische Sensorik und schnelle Daten\u00fcbertragung wird mit Licht noch effizienter und zuverl\u00e4ssiger. OSRAM Opto Semiconductors hat die Sender, \u00dcbertrager und Empf\u00e4nger f\u00fcr diese Technologie. Und Solicomp bringt diese Produkte zu Ihnen. Fragen Sie uns nach [&hellip;]<\/p>\n","protected":false},"author":8,"featured_media":0,"parent":618,"menu_order":0,"comment_status":"closed","ping_status":"closed","template":"","meta":{"_acf_changed":false,"site-sidebar-layout":"no-sidebar","site-content-layout":"page-builder","ast-site-content-layout":"default","site-content-style":"default","site-sidebar-style":"default","ast-global-header-display":"","ast-banner-title-visibility":"","ast-main-header-display":"","ast-hfb-above-header-display":"","ast-hfb-below-header-display":"","ast-hfb-mobile-header-display":"","site-post-title":"disabled","ast-breadcrumbs-content":"","ast-featured-img":"disabled","footer-sml-layout":"","ast-disable-related-posts":"","theme-transparent-header-meta":"default","adv-header-id-meta":"","stick-header-meta":"default","header-above-stick-meta":"","header-main-stick-meta":"","header-below-stick-meta":"","astra-migrate-meta-layouts":"default","ast-page-background-enabled":"default","ast-page-background-meta":{"desktop":{"background-color":"","background-image":"","background-repeat":"repeat","background-position":"center center","background-size":"auto","background-attachment":"scroll","background-type":"","background-media":"","overlay-type":"","overlay-color":"","overlay-opacity":"","overlay-gradient":""},"tablet":{"background-color":"","background-image":"","background-repeat":"repeat","background-position":"center center","background-size":"auto","background-attachment":"scroll","background-type":"","background-media":"","overlay-type":"","overlay-color":"","overlay-opacity":"","overlay-gradient":""},"mobile":{"background-color":"","background-image":"","background-repeat":"repeat","background-position":"center center","background-size":"auto","background-attachment":"scroll","background-type":"","background-media":"","overlay-type":"","overlay-color":"","overlay-opacity":"","overlay-gradient":""}},"ast-content-background-meta":{"desktop":{"background-color":"var(--ast-global-color-5)","background-image":"","background-repeat":"repeat","background-position":"center center","background-size":"auto","background-attachment":"scroll","background-type":"","background-media":"","overlay-type":"","overlay-color":"","overlay-opacity":"","overlay-gradient":""},"tablet":{"background-color":"var(--ast-global-color-5)","background-image":"","background-repeat":"repeat","background-position":"center center","background-size":"auto","background-attachment":"scroll","background-type":"","background-media":"","overlay-type":"","overlay-color":"","overlay-opacity":"","overlay-gradient":""},"mobile":{"background-color":"var(--ast-global-color-5)","background-image":"","background-repeat":"repeat","background-position":"center center","background-size":"auto","background-attachment":"scroll","background-type":"","background-media":"","overlay-type":"","overlay-color":"","overlay-opacity":"","overlay-gradient":""}},"footnotes":""},"class_list":["post-133","page","type-page","status-publish","hentry"],"acf":[],"_links":{"self":[{"href":"https:\/\/solicomp.de\/de\/wp-json\/wp\/v2\/pages\/133","targetHints":{"allow":["GET"]}}],"collection":[{"href":"https:\/\/solicomp.de\/de\/wp-json\/wp\/v2\/pages"}],"about":[{"href":"https:\/\/solicomp.de\/de\/wp-json\/wp\/v2\/types\/page"}],"author":[{"embeddable":true,"href":"https:\/\/solicomp.de\/de\/wp-json\/wp\/v2\/users\/8"}],"replies":[{"embeddable":true,"href":"https:\/\/solicomp.de\/de\/wp-json\/wp\/v2\/comments?post=133"}],"version-history":[{"count":0,"href":"https:\/\/solicomp.de\/de\/wp-json\/wp\/v2\/pages\/133\/revisions"}],"up":[{"embeddable":true,"href":"https:\/\/solicomp.de\/de\/wp-json\/wp\/v2\/pages\/618"}],"wp:attachment":[{"href":"https:\/\/solicomp.de\/de\/wp-json\/wp\/v2\/media?parent=133"}],"curies":[{"name":"wp","href":"https:\/\/api.w.org\/{rel}","templated":true}]}}