{"id":31,"date":"2020-02-17T13:25:10","date_gmt":"2020-02-17T12:25:10","guid":{"rendered":"http:\/\/relaunch2.solicomp.de\/?page_id=31"},"modified":"2024-01-09T12:05:57","modified_gmt":"2024-01-09T11:05:57","slug":"unternehmen","status":"publish","type":"page","link":"https:\/\/solicomp.de\/de\/unternehmen\/","title":{"rendered":"Unternehmen"},"content":{"rendered":"\t\t<div data-elementor-type=\"wp-page\" data-elementor-id=\"31\" class=\"elementor elementor-31\" data-elementor-settings=\"{&quot;ha_cmc_init_switcher&quot;:&quot;no&quot;}\" data-elementor-post-type=\"page\">\n\t\t\t\t\t\t<section class=\"elementor-section elementor-top-section elementor-element elementor-element-4f85020 ang-section-padding-default elementor-section-boxed elementor-section-height-default elementor-section-height-default elementor-repeater-item-none elementor-repeater-item-none_hover\" data-id=\"4f85020\" data-element_type=\"section\" data-e-type=\"section\" data-settings=\"{&quot;_ha_eqh_enable&quot;:false}\">\n\t\t\t\t\t\t<div class=\"elementor-container elementor-column-gap-default\">\n\t\t\t\t\t<div class=\"elementor-column elementor-col-50 elementor-top-column elementor-element elementor-element-d6d4d86 elementor-repeater-item-none elementor-repeater-item-none_hover\" data-id=\"d6d4d86\" data-element_type=\"column\" data-e-type=\"column\">\n\t\t\t<div class=\"elementor-widget-wrap elementor-element-populated\">\n\t\t\t\t\t\t<div class=\"elementor-element elementor-element-203fcf6 elementor-repeater-item-none elementor-repeater-item-none_hover elementor-widget elementor-widget-heading\" data-id=\"203fcf6\" data-element_type=\"widget\" data-e-type=\"widget\" data-widget_type=\"heading.default\">\n\t\t\t\t<div class=\"elementor-widget-container\">\n\t\t\t\t\t<h3 class=\"elementor-heading-title elementor-size-default\">Ein Unternehmen mit Geschichte und Ambitionen.<\/h3>\t\t\t\t<\/div>\n\t\t\t\t<\/div>\n\t\t\t\t<div class=\"elementor-element elementor-element-94d77e6 elementor-repeater-item-none elementor-repeater-item-none_hover elementor-widget elementor-widget-text-editor\" data-id=\"94d77e6\" data-element_type=\"widget\" data-e-type=\"widget\" data-widget_type=\"text-editor.default\">\n\t\t\t\t<div class=\"elementor-widget-container\">\n\t\t\t\t\t\t\t\t\t<p>Die Solicomp GmbH wurde 1975 durch Dipl. Ing. Michael Dacqu\u00e9 als Spezial Distributor f\u00fcr Leistungshalbleiter gegr\u00fcndet.<\/p><p>Im Laufe von mehr als 40 Jahren Gesch\u00e4ftst\u00e4tigkeit erweiterte die Solicomp GmbH selektiv die Gesch\u00e4ftsbereiche. Dabei fokussierte sie Ihre Aktivit\u00e4ten und addierte erfolgreich die Schwerpunkte LED-L\u00f6sungen und Elektromechanik.<\/p>\t\t\t\t\t\t\t\t<\/div>\n\t\t\t\t<\/div>\n\t\t\t\t\t<\/div>\n\t\t<\/div>\n\t\t\t\t<div class=\"elementor-column elementor-col-50 elementor-top-column elementor-element elementor-element-8de8cf5 elementor-repeater-item-none elementor-repeater-item-none_hover\" data-id=\"8de8cf5\" data-element_type=\"column\" data-e-type=\"column\">\n\t\t\t<div class=\"elementor-widget-wrap elementor-element-populated\">\n\t\t\t\t\t\t<div class=\"elementor-element elementor-element-db0281f external_elementor-repeater-item-none_external elementor-repeater-item-none elementor-repeater-item-none_hover elementor-widget elementor-widget-image\" data-id=\"db0281f\" data-element_type=\"widget\" data-e-type=\"widget\" data-widget_type=\"image.default\">\n\t\t\t\t<div class=\"elementor-widget-container\">\n\t\t\t\t\t\t\t\t\t\t\t\t\t\t\t\t<a href=\"https:\/\/solicomp.de\/wp-content\/uploads\/2021\/09\/Team_Solicomp.jpg\" data-elementor-open-lightbox=\"yes\" data-e-action-hash=\"#elementor-action%3Aaction%3Dlightbox%26settings%3DeyJpZCI6ODM4NiwidXJsIjpmYWxzZX0%3D\">\n\t\t\t\t\t\t\t<img decoding=\"async\" src=\"https:\/\/solicomp.de\/wp-content\/uploads\/2021\/09\/Team_Solicomp.jpg\" title=\"\" alt=\"\" loading=\"lazy\">\t\t\t\t\t\t\t\t<\/a>\n\t\t\t\t\t\t\t\t\t\t\t\t\t\t\t<\/div>\n\t\t\t\t<\/div>\n\t\t\t\t\t<\/div>\n\t\t<\/div>\n\t\t\t\t\t<\/div>\n\t\t<\/section>\n\t\t\t\t<section class=\"elementor-section elementor-top-section elementor-element elementor-element-19084c7 elementor-section-boxed ang-section-padding-initial elementor-section-height-default elementor-section-height-default elementor-repeater-item-none elementor-repeater-item-none_hover\" data-id=\"19084c7\" data-element_type=\"section\" data-e-type=\"section\" data-settings=\"{&quot;_ha_eqh_enable&quot;:false}\">\n\t\t\t\t\t\t<div class=\"elementor-container elementor-column-gap-default\">\n\t\t\t\t\t<div class=\"elementor-column elementor-col-100 elementor-top-column elementor-element elementor-element-c7198da elementor-repeater-item-none elementor-repeater-item-none_hover\" data-id=\"c7198da\" data-element_type=\"column\" data-e-type=\"column\">\n\t\t\t<div class=\"elementor-widget-wrap elementor-element-populated\">\n\t\t\t\t\t\t<div class=\"elementor-element elementor-element-eea96da elementor-repeater-item-none elementor-repeater-item-none_hover elementor-widget elementor-widget-text-editor\" data-id=\"eea96da\" data-element_type=\"widget\" data-e-type=\"widget\" data-widget_type=\"text-editor.default\">\n\t\t\t\t<div class=\"elementor-widget-container\">\n\t\t\t\t\t\t\t\t\t<p>Solicomp stellt der Industrie und der Beleuchtungsbranche LED-L\u00f6sungen mit Mehrwert zur Verf\u00fcgung. Mit hoher fachlicher Kompetenz bieten wir das Komplettpaket vom Standardprodukt bis zur massgeschneiderten Spezialanfertigung.<\/p>\n<p>Unser Produktangebot umfasst dabei LED Produkte f\u00fcr nahezu alle Anwendungsbereiche und die dazugeh\u00f6rigen Optiken, Linsen und K\u00fchlk\u00f6rper die auch applikationsspezifisch gefertigt werden k\u00f6nnen.<\/p>\n<p>In Zusammenarbeit mit unseren Technologiepartnern bieten wir auch kundenspezifische LED Module und LED Arrays an.<\/p>\n<p>Solicomp ist autorisierter Distributor f\u00fcr <b>ams OSRAM<\/b>, einem der Markt- und Technologief\u00fchrer rund um die LED. \u00dcber das aktuelle Standard Programm hinaus, finden Sie bei uns eine Vielzahl von bereits abgek\u00fcndigten Produkten von <b>OSRAM Opto Semiconductors<\/b> ab Lager.<\/p>\n<p>Zur Gew\u00e4hrleistung bester Liefertreue und hoher Kundenzufriedenheit setzt Solicomp schon immer auf umfangreiche Lagerhaltung und kundenorientierte Logistik.<\/p>\t\t\t\t\t\t\t\t<\/div>\n\t\t\t\t<\/div>\n\t\t\t\t\t<\/div>\n\t\t<\/div>\n\t\t\t\t\t<\/div>\n\t\t<\/section>\n\t\t\t\t<section class=\"elementor-section elementor-top-section elementor-element elementor-element-f230caf elementor-reverse-mobile ang-section-padding-default elementor-reverse-tablet elementor-section-boxed elementor-section-height-default elementor-section-height-default elementor-repeater-item-none elementor-repeater-item-none_hover\" data-id=\"f230caf\" data-element_type=\"section\" data-e-type=\"section\" data-settings=\"{&quot;_ha_eqh_enable&quot;:false}\">\n\t\t\t\t\t\t<div class=\"elementor-container elementor-column-gap-default\">\n\t\t\t\t\t<div class=\"elementor-column elementor-col-50 elementor-top-column elementor-element elementor-element-300b042 elementor-repeater-item-none elementor-repeater-item-none_hover\" data-id=\"300b042\" data-element_type=\"column\" data-e-type=\"column\">\n\t\t\t<div class=\"elementor-widget-wrap elementor-element-populated\">\n\t\t\t\t\t\t<div class=\"elementor-element elementor-element-ade9599 external_elementor-repeater-item-none_external elementor-repeater-item-none elementor-repeater-item-none_hover elementor-widget elementor-widget-image\" data-id=\"ade9599\" data-element_type=\"widget\" data-e-type=\"widget\" data-widget_type=\"image.default\">\n\t\t\t\t<div class=\"elementor-widget-container\">\n\t\t\t\t\t\t\t\t\t\t\t\t\t\t\t\t<a href=\"https:\/\/solicomp.de\/wp-content\/uploads\/2023\/11\/solicomp_zertifikat_din_en_iso_9001_2015-scaled.jpg\" data-elementor-open-lightbox=\"yes\" data-elementor-lightbox-title=\"solicomp_zertifikat_din_en_iso_9001_2015\" data-e-action-hash=\"#elementor-action%3Aaction%3Dlightbox%26settings%3DeyJpZCI6MTI1ODgsInVybCI6Imh0dHBzOlwvXC9zb2xpY29tcC5kZVwvd3AtY29udGVudFwvdXBsb2Fkc1wvMjAyM1wvMTFcL3NvbGljb21wX3plcnRpZmlrYXRfZGluX2VuX2lzb185MDAxXzIwMTUtc2NhbGVkLmpwZyJ9\">\n\t\t\t\t\t\t\t<img fetchpriority=\"high\" decoding=\"async\" width=\"768\" height=\"1086\" src=\"https:\/\/solicomp.de\/wp-content\/uploads\/2023\/11\/solicomp_zertifikat_din_en_iso_9001_2015-768x1086.jpg\" class=\"attachment-medium_large size-medium_large wp-image-12588\" alt=\"\" srcset=\"https:\/\/solicomp.de\/wp-content\/uploads\/2023\/11\/solicomp_zertifikat_din_en_iso_9001_2015-768x1086.jpg 768w, https:\/\/solicomp.de\/wp-content\/uploads\/2023\/11\/solicomp_zertifikat_din_en_iso_9001_2015-212x300.jpg 212w, https:\/\/solicomp.de\/wp-content\/uploads\/2023\/11\/solicomp_zertifikat_din_en_iso_9001_2015-724x1024.jpg 724w, https:\/\/solicomp.de\/wp-content\/uploads\/2023\/11\/solicomp_zertifikat_din_en_iso_9001_2015-1086x1536.jpg 1086w, https:\/\/solicomp.de\/wp-content\/uploads\/2023\/11\/solicomp_zertifikat_din_en_iso_9001_2015-1448x2048.jpg 1448w, https:\/\/solicomp.de\/wp-content\/uploads\/2023\/11\/solicomp_zertifikat_din_en_iso_9001_2015-scaled.jpg 1810w\" sizes=\"(max-width: 768px) 100vw, 768px\" title=\"\">\t\t\t\t\t\t\t\t<\/a>\n\t\t\t\t\t\t\t\t\t\t\t\t\t\t\t<\/div>\n\t\t\t\t<\/div>\n\t\t\t\t<div class=\"elementor-element elementor-element-cb4b9e2 elementor-align-center elementor-tablet-align-center elementor-mobile-align-justify elementor-repeater-item-none elementor-repeater-item-none_hover elementor-widget elementor-widget-button\" data-id=\"cb4b9e2\" data-element_type=\"widget\" data-e-type=\"widget\" data-widget_type=\"button.default\">\n\t\t\t\t<div class=\"elementor-widget-container\">\n\t\t\t\t\t\t\t\t\t<div class=\"elementor-button-wrapper\">\n\t\t\t\t\t<a class=\"elementor-button elementor-button-link elementor-size-sm\" href=\"\/wp-content\/uploads\/2023\/11\/solicomp_zertifikat_din_en_iso_9001_2015.pdf\" target=\"_blank\">\n\t\t\t\t\t\t<span class=\"elementor-button-content-wrapper\">\n\t\t\t\t\t\t\t\t\t<span class=\"elementor-button-text\">Zertifikat ansehen (PDF)<\/span>\n\t\t\t\t\t<\/span>\n\t\t\t\t\t<\/a>\n\t\t\t\t<\/div>\n\t\t\t\t\t\t\t\t<\/div>\n\t\t\t\t<\/div>\n\t\t\t\t\t<\/div>\n\t\t<\/div>\n\t\t\t\t<div class=\"elementor-column elementor-col-50 elementor-top-column elementor-element elementor-element-2f3e7ce elementor-repeater-item-none elementor-repeater-item-none_hover\" data-id=\"2f3e7ce\" data-element_type=\"column\" data-e-type=\"column\">\n\t\t\t<div class=\"elementor-widget-wrap elementor-element-populated\">\n\t\t\t\t\t\t<div class=\"elementor-element elementor-element-f32bd45 elementor-repeater-item-none elementor-repeater-item-none_hover elementor-widget elementor-widget-heading\" data-id=\"f32bd45\" data-element_type=\"widget\" data-e-type=\"widget\" data-widget_type=\"heading.default\">\n\t\t\t\t<div class=\"elementor-widget-container\">\n\t\t\t\t\t<h3 class=\"elementor-heading-title elementor-size-default\">DIN EN ISO 9001:2015<\/h3>\t\t\t\t<\/div>\n\t\t\t\t<\/div>\n\t\t\t\t<div class=\"elementor-element elementor-element-243c7e6 elementor-repeater-item-none elementor-repeater-item-none_hover elementor-widget elementor-widget-text-editor\" data-id=\"243c7e6\" data-element_type=\"widget\" data-e-type=\"widget\" data-widget_type=\"text-editor.default\">\n\t\t\t\t<div class=\"elementor-widget-container\">\n\t\t\t\t\t\t\t\t\t<p>Der hohe Anspruch an die Qualit\u00e4t unserer Produkte und Dienstleistungen erlaubt keine Kompromisse. Alle Prozesse des Unternehmens sind entsprechend dokumentiert und r\u00fcckverfolgbar. Die Bevorratung und die Handhabung der Produkte unterliegen strengen Vorschriften und erfolgen ausschlie\u00dflich durch geschultes Personal. Die Einhaltung der Vorgaben wird durch regelm\u00e4\u00dfige interne und externe \u00dcberpr\u00fcfungen nachgewiesen. International anerkannten Standards enstprechend, arbeitet die Solicomp GmbH nach einem zertifizierten Qualit\u00e4tsmanagementsystem.<\/p>\n<p>Die Zertifizierungsstelle der T\u00dcV S\u00dcD Management Service GmbH bescheinigt, dass das Unternehmen solicomp GmbH f\u00fcr den Geltungsbereich \u201eVertrieb elektronischer Bauteile\u201c ein Qualit\u00e4tsmanagementsystem eingef\u00fchrt hat und erfolgreich anwendet. Durch ein Audit, Bericht-Nr. 70007024 wurde der Nachweis erbracht, dass die Forderungen der ISO 9001:2015 erf\u00fcllt sind.<\/p>\n<p>Dieses Zertifikat ist g\u00fcltig in Verbindung mit dem Hauptzertifikat vom 23.11.2023 bis 22.11.2026. Zertifikat-Registrier-Nr. 12 100 8686 &nbsp;TMS.<\/p>\t\t\t\t\t\t\t\t<\/div>\n\t\t\t\t<\/div>\n\t\t\t\t\t<\/div>\n\t\t<\/div>\n\t\t\t\t\t<\/div>\n\t\t<\/section>\n\t\t\t\t<\/div>\n\t\t","protected":false},"excerpt":{"rendered":"<p>Ein Unternehmen mit Geschichte und Ambitionen. Die Solicomp GmbH wurde 1975 durch Dipl. Ing. Michael Dacqu\u00e9 als Spezial Distributor f\u00fcr Leistungshalbleiter gegr\u00fcndet. Im Laufe von mehr als 40 Jahren Gesch\u00e4ftst\u00e4tigkeit erweiterte die Solicomp GmbH selektiv die Gesch\u00e4ftsbereiche. Dabei fokussierte sie Ihre Aktivit\u00e4ten und addierte erfolgreich die Schwerpunkte LED-L\u00f6sungen und Elektromechanik. Solicomp stellt der Industrie und [&hellip;]<\/p>\n","protected":false},"author":8,"featured_media":0,"parent":0,"menu_order":0,"comment_status":"closed","ping_status":"closed","template":"","meta":{"_acf_changed":false,"site-sidebar-layout":"no-sidebar","site-content-layout":"page-builder","ast-site-content-layout":"default","site-content-style":"default","site-sidebar-style":"default","ast-global-header-display":"","ast-banner-title-visibility":"","ast-main-header-display":"disabled","ast-hfb-above-header-display":"","ast-hfb-below-header-display":"","ast-hfb-mobile-header-display":"","site-post-title":"disabled","ast-breadcrumbs-content":"disabled","ast-featured-img":"disabled","footer-sml-layout":"","ast-disable-related-posts":"","theme-transparent-header-meta":"default","adv-header-id-meta":"","stick-header-meta":"default","header-above-stick-meta":"","header-main-stick-meta":"","header-below-stick-meta":"","astra-migrate-meta-layouts":"default","ast-page-background-enabled":"default","ast-page-background-meta":{"desktop":{"background-color":"","background-image":"","background-repeat":"repeat","background-position":"center center","background-size":"auto","background-attachment":"scroll","background-type":"","background-media":"","overlay-type":"","overlay-color":"","overlay-opacity":"","overlay-gradient":""},"tablet":{"background-color":"","background-image":"","background-repeat":"repeat","background-position":"center center","background-size":"auto","background-attachment":"scroll","background-type":"","background-media":"","overlay-type":"","overlay-color":"","overlay-opacity":"","overlay-gradient":""},"mobile":{"background-color":"","background-image":"","background-repeat":"repeat","background-position":"center center","background-size":"auto","background-attachment":"scroll","background-type":"","background-media":"","overlay-type":"","overlay-color":"","overlay-opacity":"","overlay-gradient":""}},"ast-content-background-meta":{"desktop":{"background-color":"var(--ast-global-color-5)","background-image":"","background-repeat":"repeat","background-position":"center center","background-size":"auto","background-attachment":"scroll","background-type":"","background-media":"","overlay-type":"","overlay-color":"","overlay-opacity":"","overlay-gradient":""},"tablet":{"background-color":"var(--ast-global-color-5)","background-image":"","background-repeat":"repeat","background-position":"center center","background-size":"auto","background-attachment":"scroll","background-type":"","background-media":"","overlay-type":"","overlay-color":"","overlay-opacity":"","overlay-gradient":""},"mobile":{"background-color":"var(--ast-global-color-5)","background-image":"","background-repeat":"repeat","background-position":"center center","background-size":"auto","background-attachment":"scroll","background-type":"","background-media":"","overlay-type":"","overlay-color":"","overlay-opacity":"","overlay-gradient":""}},"footnotes":""},"class_list":["post-31","page","type-page","status-publish","hentry"],"acf":[],"_links":{"self":[{"href":"https:\/\/solicomp.de\/de\/wp-json\/wp\/v2\/pages\/31","targetHints":{"allow":["GET"]}}],"collection":[{"href":"https:\/\/solicomp.de\/de\/wp-json\/wp\/v2\/pages"}],"about":[{"href":"https:\/\/solicomp.de\/de\/wp-json\/wp\/v2\/types\/page"}],"author":[{"embeddable":true,"href":"https:\/\/solicomp.de\/de\/wp-json\/wp\/v2\/users\/8"}],"replies":[{"embeddable":true,"href":"https:\/\/solicomp.de\/de\/wp-json\/wp\/v2\/comments?post=31"}],"version-history":[{"count":5,"href":"https:\/\/solicomp.de\/de\/wp-json\/wp\/v2\/pages\/31\/revisions"}],"predecessor-version":[{"id":12624,"href":"https:\/\/solicomp.de\/de\/wp-json\/wp\/v2\/pages\/31\/revisions\/12624"}],"wp:attachment":[{"href":"https:\/\/solicomp.de\/de\/wp-json\/wp\/v2\/media?parent=31"}],"curies":[{"name":"wp","href":"https:\/\/api.w.org\/{rel}","templated":true}]}}