{"id":637,"date":"2020-03-03T11:55:25","date_gmt":"2020-03-03T10:55:25","guid":{"rendered":"http:\/\/relaunch2.solicomp.de\/?page_id=637"},"modified":"2024-10-09T10:59:34","modified_gmt":"2024-10-09T08:59:34","slug":"abgekuendigte-produkte","status":"publish","type":"page","link":"https:\/\/solicomp.de\/de\/produkte\/abgekuendigte-produkte\/","title":{"rendered":"Abgek\u00fcndigte LED Produkte"},"content":{"rendered":"\t\t<div data-elementor-type=\"wp-page\" data-elementor-id=\"637\" class=\"elementor elementor-637\" data-elementor-settings=\"{&quot;ha_cmc_init_switcher&quot;:&quot;no&quot;}\" data-elementor-post-type=\"page\">\n\t\t\t\t\t\t<section class=\"elementor-section elementor-top-section elementor-element elementor-element-4bf5566 elementor-section-boxed ang-section-padding-initial elementor-section-height-default elementor-section-height-default elementor-repeater-item-none elementor-repeater-item-none_hover\" data-id=\"4bf5566\" data-element_type=\"section\" data-e-type=\"section\" data-settings=\"{&quot;_ha_eqh_enable&quot;:false}\">\n\t\t\t\t\t\t<div class=\"elementor-container elementor-column-gap-default\">\n\t\t\t\t\t<div class=\"elementor-column elementor-col-100 elementor-top-column elementor-element elementor-element-5603fe0 elementor-repeater-item-none elementor-repeater-item-none_hover\" data-id=\"5603fe0\" data-element_type=\"column\" data-e-type=\"column\">\n\t\t\t<div class=\"elementor-widget-wrap elementor-element-populated\">\n\t\t\t\t\t\t<div class=\"elementor-element elementor-element-c298fa1 elementor-repeater-item-none elementor-repeater-item-none_hover elementor-widget elementor-widget-text-editor\" data-id=\"c298fa1\" data-element_type=\"widget\" data-e-type=\"widget\" data-widget_type=\"text-editor.default\">\n\t\t\t\t<div class=\"elementor-widget-container\">\n\t\t\t\t\t\t\t\t\t<p>Sie suchen eine abgek\u00fcndigte LED? Wir k\u00f6nnen in den meisten F\u00e4llen helfen.<\/p><p>Die Solicomp GmbH ist Ihr Fachdistributor mit dem besonderen Service. Sprechen Sie mit uns, wenn es um OSRAM geht. Auch bei aktuellen Produkten und den sogenannten &#8222;Outbins&#8220; sind wir bestens sortiert.\u00a0<\/p><p>Als autorisierter Partner bieten wir ein breites Spektrum der bekannten OSRAM LEDs. Neben den Bestsellern aus der &#8222;<strong>Golden Dragon<\/strong>&#8220; Serie finden Sie bei uns auch gro\u00dfe Best\u00e4nde der Serien <strong>OSLON<\/strong>, <strong>Ostar<\/strong> und <strong>Topled<\/strong> in vielen Farben und Bauformen.\u00a0<\/p><p>\u00a0<\/p>\t\t\t\t\t\t\t\t<\/div>\n\t\t\t\t<\/div>\n\t\t\t\t\t<\/div>\n\t\t<\/div>\n\t\t\t\t\t<\/div>\n\t\t<\/section>\n\t\t\t\t<section class=\"elementor-section elementor-top-section elementor-element elementor-element-5a4dc4f elementor-section-boxed ang-section-padding-initial elementor-section-height-default elementor-section-height-default elementor-repeater-item-none elementor-repeater-item-none_hover\" data-id=\"5a4dc4f\" data-element_type=\"section\" data-e-type=\"section\" data-settings=\"{&quot;_ha_eqh_enable&quot;:false}\">\n\t\t\t\t\t\t<div class=\"elementor-container elementor-column-gap-default\">\n\t\t\t\t\t<div class=\"elementor-column elementor-col-33 elementor-top-column elementor-element elementor-element-cd74d92 elementor-repeater-item-none elementor-repeater-item-none_hover\" data-id=\"cd74d92\" data-element_type=\"column\" data-e-type=\"column\">\n\t\t\t<div class=\"elementor-widget-wrap elementor-element-populated\">\n\t\t\t\t\t\t<div class=\"elementor-element elementor-element-82ad4d6 external_elementor-repeater-item-none_external elementor-repeater-item-none elementor-repeater-item-none_hover elementor-widget elementor-widget-image\" data-id=\"82ad4d6\" data-element_type=\"widget\" data-e-type=\"widget\" data-widget_type=\"image.default\">\n\t\t\t\t<div class=\"elementor-widget-container\">\n\t\t\t\t\t\t\t\t\t\t\t\t\t\t\t<img fetchpriority=\"high\" decoding=\"async\" width=\"768\" height=\"512\" src=\"https:\/\/solicomp.de\/wp-content\/uploads\/2020\/05\/AdobeStock_286327440-768x512.jpeg\" class=\"attachment-medium_large size-medium_large wp-image-2379\" alt=\"\" srcset=\"https:\/\/solicomp.de\/wp-content\/uploads\/2020\/05\/AdobeStock_286327440-768x512.jpeg 768w, https:\/\/solicomp.de\/wp-content\/uploads\/2020\/05\/AdobeStock_286327440-300x200.jpeg 300w, https:\/\/solicomp.de\/wp-content\/uploads\/2020\/05\/AdobeStock_286327440-1024x683.jpeg 1024w, https:\/\/solicomp.de\/wp-content\/uploads\/2020\/05\/AdobeStock_286327440-1536x1024.jpeg 1536w, https:\/\/solicomp.de\/wp-content\/uploads\/2020\/05\/AdobeStock_286327440-2048x1365.jpeg 2048w\" sizes=\"(max-width: 768px) 100vw, 768px\" title=\"\">\t\t\t\t\t\t\t\t\t\t\t\t\t\t\t<\/div>\n\t\t\t\t<\/div>\n\t\t\t\t\t<\/div>\n\t\t<\/div>\n\t\t\t\t<div class=\"elementor-column elementor-col-33 elementor-top-column elementor-element elementor-element-87760d2 elementor-repeater-item-none elementor-repeater-item-none_hover\" data-id=\"87760d2\" data-element_type=\"column\" data-e-type=\"column\">\n\t\t\t<div class=\"elementor-widget-wrap elementor-element-populated\">\n\t\t\t\t\t\t<div class=\"elementor-element elementor-element-367bda6 external_elementor-repeater-item-none_external elementor-repeater-item-none elementor-repeater-item-none_hover elementor-widget elementor-widget-image\" data-id=\"367bda6\" data-element_type=\"widget\" data-e-type=\"widget\" data-widget_type=\"image.default\">\n\t\t\t\t<div class=\"elementor-widget-container\">\n\t\t\t\t\t\t\t\t\t\t\t\t\t\t\t<img decoding=\"async\" width=\"768\" height=\"512\" src=\"https:\/\/solicomp.de\/wp-content\/uploads\/2020\/05\/AdobeStock_239576532-768x512.jpeg\" class=\"attachment-medium_large size-medium_large wp-image-2275\" alt=\"\" srcset=\"https:\/\/solicomp.de\/wp-content\/uploads\/2020\/05\/AdobeStock_239576532-768x512.jpeg 768w, https:\/\/solicomp.de\/wp-content\/uploads\/2020\/05\/AdobeStock_239576532-300x200.jpeg 300w, https:\/\/solicomp.de\/wp-content\/uploads\/2020\/05\/AdobeStock_239576532-1024x683.jpeg 1024w, https:\/\/solicomp.de\/wp-content\/uploads\/2020\/05\/AdobeStock_239576532-1536x1024.jpeg 1536w, https:\/\/solicomp.de\/wp-content\/uploads\/2020\/05\/AdobeStock_239576532-2048x1365.jpeg 2048w\" sizes=\"(max-width: 768px) 100vw, 768px\" title=\"\">\t\t\t\t\t\t\t\t\t\t\t\t\t\t\t<\/div>\n\t\t\t\t<\/div>\n\t\t\t\t\t<\/div>\n\t\t<\/div>\n\t\t\t\t<div class=\"elementor-column elementor-col-33 elementor-top-column elementor-element elementor-element-bfeb159 elementor-repeater-item-none elementor-repeater-item-none_hover\" data-id=\"bfeb159\" data-element_type=\"column\" data-e-type=\"column\">\n\t\t\t<div class=\"elementor-widget-wrap elementor-element-populated\">\n\t\t\t\t\t\t<div class=\"elementor-element elementor-element-90b79af external_elementor-repeater-item-none_external elementor-repeater-item-none elementor-repeater-item-none_hover elementor-widget elementor-widget-image\" data-id=\"90b79af\" data-element_type=\"widget\" data-e-type=\"widget\" data-widget_type=\"image.default\">\n\t\t\t\t<div class=\"elementor-widget-container\">\n\t\t\t\t\t\t\t\t\t\t\t\t\t\t\t<img decoding=\"async\" width=\"768\" height=\"512\" src=\"https:\/\/solicomp.de\/wp-content\/uploads\/2020\/05\/AdobeStock_61556894-1-768x512.jpeg\" class=\"attachment-medium_large size-medium_large wp-image-2380\" alt=\"\" srcset=\"https:\/\/solicomp.de\/wp-content\/uploads\/2020\/05\/AdobeStock_61556894-1-768x512.jpeg 768w, https:\/\/solicomp.de\/wp-content\/uploads\/2020\/05\/AdobeStock_61556894-1-300x200.jpeg 300w, https:\/\/solicomp.de\/wp-content\/uploads\/2020\/05\/AdobeStock_61556894-1-1024x683.jpeg 1024w, https:\/\/solicomp.de\/wp-content\/uploads\/2020\/05\/AdobeStock_61556894-1-1536x1024.jpeg 1536w, https:\/\/solicomp.de\/wp-content\/uploads\/2020\/05\/AdobeStock_61556894-1-2048x1365.jpeg 2048w\" sizes=\"(max-width: 768px) 100vw, 768px\" title=\"\">\t\t\t\t\t\t\t\t\t\t\t\t\t\t\t<\/div>\n\t\t\t\t<\/div>\n\t\t\t\t\t<\/div>\n\t\t<\/div>\n\t\t\t\t\t<\/div>\n\t\t<\/section>\n\t\t\t\t<section class=\"elementor-section elementor-top-section elementor-element elementor-element-295ec1f2 ang-section-padding-default elementor-section-boxed elementor-section-height-default elementor-section-height-default elementor-repeater-item-none elementor-repeater-item-none_hover\" data-id=\"295ec1f2\" data-element_type=\"section\" data-e-type=\"section\" data-settings=\"{&quot;_ha_eqh_enable&quot;:false}\">\n\t\t\t\t\t\t<div class=\"elementor-container elementor-column-gap-default\">\n\t\t\t\t\t<div class=\"elementor-column elementor-col-50 elementor-top-column elementor-element elementor-element-7e59c395 elementor-repeater-item-none elementor-repeater-item-none_hover\" data-id=\"7e59c395\" data-element_type=\"column\" data-e-type=\"column\">\n\t\t\t<div class=\"elementor-widget-wrap elementor-element-populated\">\n\t\t\t\t\t\t<div class=\"elementor-element elementor-element-5ce1b29a elementor-repeater-item-none elementor-repeater-item-none_hover elementor-widget elementor-widget-heading\" data-id=\"5ce1b29a\" data-element_type=\"widget\" data-e-type=\"widget\" data-widget_type=\"heading.default\">\n\t\t\t\t<div class=\"elementor-widget-container\">\n\t\t\t\t\t<h3 class=\"elementor-heading-title elementor-size-default\">Radiale LEDs ab Lager:<\/h3>\t\t\t\t<\/div>\n\t\t\t\t<\/div>\n\t\t\t\t<div class=\"elementor-element elementor-element-77d517dc elementor-repeater-item-none elementor-repeater-item-none_hover elementor-widget elementor-widget-text-editor\" data-id=\"77d517dc\" data-element_type=\"widget\" data-e-type=\"widget\" data-widget_type=\"text-editor.default\">\n\t\t\t\t<div class=\"elementor-widget-container\">\n\t\t\t\t\t\t\t\t\t<p>OSRAM Opto Semiconductors hat die Produktion und Lieferung von radialen (bedrahteten) LEDs eingestellt. Betroffen sind alle Typen mit sichtbarem Licht (visible). In Zusammenarbeit mit OSRAM haben wir unsere Best\u00e4nde letztmalig aufgef\u00fcllt und k\u00f6nnen Sie mit vielen Typen weiterhin ab Lager bedienen.<\/p>\n<p>Egal ob 3mm oder 5mm, bei uns werden Sie f\u00fcndig. Dar\u00fcber hinaus f\u00fchren wir die Serien <strong>Hyper 3mm<\/strong> u. <strong>5mm<\/strong>, <strong>Low Current 3mm<\/strong> (Niedrigstrom), <strong>Oval LEDs<\/strong>, <strong>ARGUS<\/strong> und <strong>Hyper ARGUS.<\/strong><\/p>\n<p><strong>Selbstverst\u00e4ndlich liefern wir ausschlie\u00dflich neue und originalverpackte Ware von OSRAM Opto Semiconductors .<\/strong><\/p>\n<p><\/p>\t\t\t\t\t\t\t\t<\/div>\n\t\t\t\t<\/div>\n\t\t\t\t\t<\/div>\n\t\t<\/div>\n\t\t\t\t<div class=\"elementor-column elementor-col-50 elementor-top-column elementor-element elementor-element-13db140b elementor-repeater-item-none elementor-repeater-item-none_hover\" data-id=\"13db140b\" data-element_type=\"column\" data-e-type=\"column\">\n\t\t\t<div class=\"elementor-widget-wrap elementor-element-populated\">\n\t\t\t\t\t\t<div class=\"elementor-element elementor-element-31f63a95 external_elementor-repeater-item-none_external elementor-repeater-item-none elementor-repeater-item-none_hover elementor-widget elementor-widget-image\" data-id=\"31f63a95\" data-element_type=\"widget\" data-e-type=\"widget\" data-widget_type=\"image.default\">\n\t\t\t\t<div class=\"elementor-widget-container\">\n\t\t\t\t\t\t\t\t\t\t\t\t\t\t\t\t<a href=\"https:\/\/solicomp.de\/wp-content\/uploads\/2020\/05\/Bildschirmfoto-2020-05-22-um-15.17.20.png\" data-elementor-open-lightbox=\"yes\" data-elementor-lightbox-title=\"Bildschirmfoto 2020-05-22 um 15.17.20\" data-e-action-hash=\"#elementor-action%3Aaction%3Dlightbox%26settings%3DeyJpZCI6MjM4NiwidXJsIjoiaHR0cHM6XC9cL3NvbGljb21wLmRlXC93cC1jb250ZW50XC91cGxvYWRzXC8yMDIwXC8wNVwvQmlsZHNjaGlybWZvdG8tMjAyMC0wNS0yMi11bS0xNS4xNy4yMC5wbmcifQ%3D%3D\">\n\t\t\t\t\t\t\t<img loading=\"lazy\" decoding=\"async\" width=\"768\" height=\"879\" src=\"https:\/\/solicomp.de\/wp-content\/uploads\/2020\/05\/Bildschirmfoto-2020-05-22-um-15.17.20-768x879.png\" class=\"attachment-medium_large size-medium_large wp-image-2386\" alt=\"\" srcset=\"https:\/\/solicomp.de\/wp-content\/uploads\/2020\/05\/Bildschirmfoto-2020-05-22-um-15.17.20-768x879.png 768w, https:\/\/solicomp.de\/wp-content\/uploads\/2020\/05\/Bildschirmfoto-2020-05-22-um-15.17.20-262x300.png 262w, https:\/\/solicomp.de\/wp-content\/uploads\/2020\/05\/Bildschirmfoto-2020-05-22-um-15.17.20-894x1024.png 894w, https:\/\/solicomp.de\/wp-content\/uploads\/2020\/05\/Bildschirmfoto-2020-05-22-um-15.17.20-1341x1536.png 1341w, https:\/\/solicomp.de\/wp-content\/uploads\/2020\/05\/Bildschirmfoto-2020-05-22-um-15.17.20.png 1640w\" sizes=\"(max-width: 768px) 100vw, 768px\" title=\"\">\t\t\t\t\t\t\t\t<\/a>\n\t\t\t\t\t\t\t\t\t\t\t\t\t\t\t<\/div>\n\t\t\t\t<\/div>\n\t\t\t\t\t<\/div>\n\t\t<\/div>\n\t\t\t\t\t<\/div>\n\t\t<\/section>\n\t\t\t\t<\/div>\n\t\t","protected":false},"excerpt":{"rendered":"<p>Sie suchen eine abgek\u00fcndigte LED? Wir k\u00f6nnen in den meisten F\u00e4llen helfen. Die Solicomp GmbH ist Ihr Fachdistributor mit dem besonderen Service. Sprechen Sie mit uns, wenn es um OSRAM geht. Auch bei aktuellen Produkten und den sogenannten &#8222;Outbins&#8220; sind wir bestens sortiert.\u00a0 Als autorisierter Partner bieten wir ein breites Spektrum der bekannten OSRAM LEDs. [&hellip;]<\/p>\n","protected":false},"author":8,"featured_media":0,"parent":618,"menu_order":0,"comment_status":"closed","ping_status":"closed","template":"","meta":{"_acf_changed":false,"site-sidebar-layout":"no-sidebar","site-content-layout":"page-builder","ast-site-content-layout":"default","site-content-style":"default","site-sidebar-style":"default","ast-global-header-display":"","ast-banner-title-visibility":"","ast-main-header-display":"","ast-hfb-above-header-display":"","ast-hfb-below-header-display":"","ast-hfb-mobile-header-display":"","site-post-title":"disabled","ast-breadcrumbs-content":"","ast-featured-img":"disabled","footer-sml-layout":"","ast-disable-related-posts":"","theme-transparent-header-meta":"default","adv-header-id-meta":"","stick-header-meta":"default","header-above-stick-meta":"","header-main-stick-meta":"","header-below-stick-meta":"","astra-migrate-meta-layouts":"default","ast-page-background-enabled":"default","ast-page-background-meta":{"desktop":{"background-color":"","background-image":"","background-repeat":"repeat","background-position":"center center","background-size":"auto","background-attachment":"scroll","background-type":"","background-media":"","overlay-type":"","overlay-color":"","overlay-opacity":"","overlay-gradient":""},"tablet":{"background-color":"","background-image":"","background-repeat":"repeat","background-position":"center center","background-size":"auto","background-attachment":"scroll","background-type":"","background-media":"","overlay-type":"","overlay-color":"","overlay-opacity":"","overlay-gradient":""},"mobile":{"background-color":"","background-image":"","background-repeat":"repeat","background-position":"center center","background-size":"auto","background-attachment":"scroll","background-type":"","background-media":"","overlay-type":"","overlay-color":"","overlay-opacity":"","overlay-gradient":""}},"ast-content-background-meta":{"desktop":{"background-color":"var(--ast-global-color-5)","background-image":"","background-repeat":"repeat","background-position":"center center","background-size":"auto","background-attachment":"scroll","background-type":"","background-media":"","overlay-type":"","overlay-color":"","overlay-opacity":"","overlay-gradient":""},"tablet":{"background-color":"var(--ast-global-color-5)","background-image":"","background-repeat":"repeat","background-position":"center center","background-size":"auto","background-attachment":"scroll","background-type":"","background-media":"","overlay-type":"","overlay-color":"","overlay-opacity":"","overlay-gradient":""},"mobile":{"background-color":"var(--ast-global-color-5)","background-image":"","background-repeat":"repeat","background-position":"center center","background-size":"auto","background-attachment":"scroll","background-type":"","background-media":"","overlay-type":"","overlay-color":"","overlay-opacity":"","overlay-gradient":""}},"footnotes":""},"class_list":["post-637","page","type-page","status-publish","hentry"],"acf":[],"_links":{"self":[{"href":"https:\/\/solicomp.de\/de\/wp-json\/wp\/v2\/pages\/637","targetHints":{"allow":["GET"]}}],"collection":[{"href":"https:\/\/solicomp.de\/de\/wp-json\/wp\/v2\/pages"}],"about":[{"href":"https:\/\/solicomp.de\/de\/wp-json\/wp\/v2\/types\/page"}],"author":[{"embeddable":true,"href":"https:\/\/solicomp.de\/de\/wp-json\/wp\/v2\/users\/8"}],"replies":[{"embeddable":true,"href":"https:\/\/solicomp.de\/de\/wp-json\/wp\/v2\/comments?post=637"}],"version-history":[{"count":3,"href":"https:\/\/solicomp.de\/de\/wp-json\/wp\/v2\/pages\/637\/revisions"}],"predecessor-version":[{"id":12885,"href":"https:\/\/solicomp.de\/de\/wp-json\/wp\/v2\/pages\/637\/revisions\/12885"}],"up":[{"embeddable":true,"href":"https:\/\/solicomp.de\/de\/wp-json\/wp\/v2\/pages\/618"}],"wp:attachment":[{"href":"https:\/\/solicomp.de\/de\/wp-json\/wp\/v2\/media?parent=637"}],"curies":[{"name":"wp","href":"https:\/\/api.w.org\/{rel}","templated":true}]}}