{"id":676,"date":"2020-03-03T13:38:06","date_gmt":"2020-03-03T12:38:06","guid":{"rendered":"http:\/\/relaunch2.solicomp.de\/?page_id=676"},"modified":"2023-10-17T11:49:44","modified_gmt":"2023-10-17T09:49:44","slug":"diskrete-leistungshalbleiter-dsi","status":"publish","type":"page","link":"https:\/\/solicomp.de\/de\/produkte\/diskrete-leistungshalbleiter-dsi\/","title":{"rendered":"DSI &#8211; Diskrete Leistungshalbleiter"},"content":{"rendered":"\t\t<div data-elementor-type=\"wp-page\" data-elementor-id=\"676\" class=\"elementor elementor-676\" data-elementor-settings=\"{&quot;ha_cmc_init_switcher&quot;:&quot;no&quot;}\" data-elementor-post-type=\"page\">\n\t\t\t\t\t\t<section class=\"elementor-section elementor-top-section elementor-element elementor-element-321b049d ang-section-padding-no elementor-section-boxed elementor-section-height-default elementor-section-height-default elementor-repeater-item-none elementor-repeater-item-none_hover\" data-id=\"321b049d\" data-element_type=\"section\" data-e-type=\"section\" data-settings=\"{&quot;_ha_eqh_enable&quot;:false}\">\n\t\t\t\t\t\t<div class=\"elementor-container elementor-column-gap-default\">\n\t\t\t\t\t<div class=\"elementor-column elementor-col-100 elementor-top-column elementor-element elementor-element-4531af96 elementor-repeater-item-none elementor-repeater-item-none_hover\" data-id=\"4531af96\" data-element_type=\"column\" data-e-type=\"column\">\n\t\t\t<div class=\"elementor-widget-wrap elementor-element-populated\">\n\t\t\t\t\t\t<div class=\"elementor-element elementor-element-77dda48c elementor-repeater-item-none elementor-repeater-item-none_hover elementor-widget elementor-widget-text-editor\" data-id=\"77dda48c\" data-element_type=\"widget\" data-e-type=\"widget\" data-widget_type=\"text-editor.default\">\n\t\t\t\t<div class=\"elementor-widget-container\">\n\t\t\t\t\t\t\t\t\t<p>In Kooperation mit unserem Partner DSI lagern und produzieren wir eine umfangreiche Auswahl an diskreten Leistungshalbleitern. Auch die selten gewordene Germanium- bzw. Silizium-Technologie finden Sie bei Solicomp.<\/p><p>F\u00fcr besonders hohe Anspr\u00fcche bietet DSI die perfekte Alternative zu JAN oder JANTX. Robuste Technologie die sogar milit\u00e4rischen Standards entspricht. Pr\u00e4zise gefertigt nach Ihren W\u00fcnschen. \u00a0<\/p><p>Seit 2023 ist die Marke DSI Eigentum der Solicomp GmbH.\u00a0<\/p>\t\t\t\t\t\t\t\t<\/div>\n\t\t\t\t<\/div>\n\t\t\t\t\t<\/div>\n\t\t<\/div>\n\t\t\t\t\t<\/div>\n\t\t<\/section>\n\t\t\t\t<section class=\"elementor-section elementor-top-section elementor-element elementor-element-782d4588 ang-section-padding-default elementor-section-boxed elementor-section-height-default elementor-section-height-default elementor-repeater-item-none elementor-repeater-item-none_hover\" data-id=\"782d4588\" data-element_type=\"section\" data-e-type=\"section\" data-settings=\"{&quot;_ha_eqh_enable&quot;:false}\">\n\t\t\t\t\t\t<div class=\"elementor-container elementor-column-gap-default\">\n\t\t\t\t\t<div class=\"elementor-column elementor-col-33 elementor-top-column elementor-element elementor-element-40e98c20 elementor-repeater-item-none elementor-repeater-item-none_hover\" data-id=\"40e98c20\" data-element_type=\"column\" data-e-type=\"column\">\n\t\t\t<div class=\"elementor-widget-wrap elementor-element-populated\">\n\t\t\t\t\t\t<div class=\"elementor-element elementor-element-f2edc89 external_elementor-repeater-item-none_external elementor-repeater-item-none elementor-repeater-item-none_hover elementor-widget elementor-widget-image\" data-id=\"f2edc89\" data-element_type=\"widget\" data-e-type=\"widget\" data-widget_type=\"image.default\">\n\t\t\t\t<div class=\"elementor-widget-container\">\n\t\t\t\t\t\t\t\t\t\t\t\t\t\t\t\t<a href=\"https:\/\/solicomp.de\/wp-content\/uploads\/2020\/05\/076A3490.jpg\" data-elementor-open-lightbox=\"yes\" data-elementor-lightbox-title=\"076A3490\" data-e-action-hash=\"#elementor-action%3Aaction%3Dlightbox%26settings%3DeyJpZCI6MjQzMCwidXJsIjoiaHR0cHM6XC9cL3NvbGljb21wLmRlXC93cC1jb250ZW50XC91cGxvYWRzXC8yMDIwXC8wNVwvMDc2QTM0OTAuanBnIn0%3D\">\n\t\t\t\t\t\t\t<img fetchpriority=\"high\" decoding=\"async\" width=\"1024\" height=\"683\" src=\"https:\/\/solicomp.de\/wp-content\/uploads\/2020\/05\/076A3490-1024x683.jpg\" class=\"attachment-large size-large wp-image-2430\" alt=\"\" srcset=\"https:\/\/solicomp.de\/wp-content\/uploads\/2020\/05\/076A3490-1024x683.jpg 1024w, https:\/\/solicomp.de\/wp-content\/uploads\/2020\/05\/076A3490-300x200.jpg 300w, https:\/\/solicomp.de\/wp-content\/uploads\/2020\/05\/076A3490-768x512.jpg 768w, https:\/\/solicomp.de\/wp-content\/uploads\/2020\/05\/076A3490-1536x1024.jpg 1536w, https:\/\/solicomp.de\/wp-content\/uploads\/2020\/05\/076A3490.jpg 2048w\" sizes=\"(max-width: 1024px) 100vw, 1024px\" title=\"\">\t\t\t\t\t\t\t\t<\/a>\n\t\t\t\t\t\t\t\t\t\t\t\t\t\t\t<\/div>\n\t\t\t\t<\/div>\n\t\t\t\t\t<\/div>\n\t\t<\/div>\n\t\t\t\t<div class=\"elementor-column elementor-col-33 elementor-top-column elementor-element elementor-element-6f8c0832 elementor-repeater-item-none elementor-repeater-item-none_hover\" data-id=\"6f8c0832\" data-element_type=\"column\" data-e-type=\"column\">\n\t\t\t<div class=\"elementor-widget-wrap elementor-element-populated\">\n\t\t\t\t\t\t<div class=\"elementor-element elementor-element-55c0b5bf elementor-widget__width-inherit external_elementor-repeater-item-none_external elementor-repeater-item-none elementor-repeater-item-none_hover elementor-widget elementor-widget-image\" data-id=\"55c0b5bf\" data-element_type=\"widget\" data-e-type=\"widget\" data-widget_type=\"image.default\">\n\t\t\t\t<div class=\"elementor-widget-container\">\n\t\t\t\t\t\t\t\t\t\t\t\t\t\t\t\t<a href=\"https:\/\/solicomp.de\/wp-content\/uploads\/2020\/05\/076A3491.jpg\" data-elementor-open-lightbox=\"yes\" data-elementor-lightbox-title=\"076A3491\" data-e-action-hash=\"#elementor-action%3Aaction%3Dlightbox%26settings%3DeyJpZCI6MjM5OSwidXJsIjoiaHR0cHM6XC9cL3NvbGljb21wLmRlXC93cC1jb250ZW50XC91cGxvYWRzXC8yMDIwXC8wNVwvMDc2QTM0OTEuanBnIn0%3D\">\n\t\t\t\t\t\t\t<img decoding=\"async\" width=\"1024\" height=\"683\" src=\"https:\/\/solicomp.de\/wp-content\/uploads\/2020\/05\/076A3491-1024x683.jpg\" class=\"attachment-large size-large wp-image-2399\" alt=\"\" srcset=\"https:\/\/solicomp.de\/wp-content\/uploads\/2020\/05\/076A3491-1024x683.jpg 1024w, https:\/\/solicomp.de\/wp-content\/uploads\/2020\/05\/076A3491-300x200.jpg 300w, https:\/\/solicomp.de\/wp-content\/uploads\/2020\/05\/076A3491-768x512.jpg 768w, https:\/\/solicomp.de\/wp-content\/uploads\/2020\/05\/076A3491-1536x1024.jpg 1536w, https:\/\/solicomp.de\/wp-content\/uploads\/2020\/05\/076A3491.jpg 2048w\" sizes=\"(max-width: 1024px) 100vw, 1024px\" title=\"\">\t\t\t\t\t\t\t\t<\/a>\n\t\t\t\t\t\t\t\t\t\t\t\t\t\t\t<\/div>\n\t\t\t\t<\/div>\n\t\t\t\t\t<\/div>\n\t\t<\/div>\n\t\t\t\t<div class=\"elementor-column elementor-col-33 elementor-top-column elementor-element elementor-element-7aad1d6a elementor-repeater-item-none elementor-repeater-item-none_hover\" data-id=\"7aad1d6a\" data-element_type=\"column\" data-e-type=\"column\">\n\t\t\t<div class=\"elementor-widget-wrap elementor-element-populated\">\n\t\t\t\t\t\t<div class=\"elementor-element elementor-element-4beab288 external_elementor-repeater-item-none_external elementor-repeater-item-none elementor-repeater-item-none_hover elementor-widget elementor-widget-image\" data-id=\"4beab288\" data-element_type=\"widget\" data-e-type=\"widget\" data-widget_type=\"image.default\">\n\t\t\t\t<div class=\"elementor-widget-container\">\n\t\t\t\t\t\t\t\t\t\t\t\t\t\t\t\t<a href=\"https:\/\/solicomp.de\/wp-content\/uploads\/2020\/05\/076A3470.jpg\" data-elementor-open-lightbox=\"yes\" data-elementor-lightbox-title=\"076A3470\" data-e-action-hash=\"#elementor-action%3Aaction%3Dlightbox%26settings%3DeyJpZCI6MjQwMCwidXJsIjoiaHR0cHM6XC9cL3NvbGljb21wLmRlXC93cC1jb250ZW50XC91cGxvYWRzXC8yMDIwXC8wNVwvMDc2QTM0NzAuanBnIn0%3D\">\n\t\t\t\t\t\t\t<img decoding=\"async\" width=\"1024\" height=\"683\" src=\"https:\/\/solicomp.de\/wp-content\/uploads\/2020\/05\/076A3470-1024x683.jpg\" class=\"attachment-large size-large wp-image-2400\" alt=\"\" srcset=\"https:\/\/solicomp.de\/wp-content\/uploads\/2020\/05\/076A3470-1024x683.jpg 1024w, https:\/\/solicomp.de\/wp-content\/uploads\/2020\/05\/076A3470-300x200.jpg 300w, https:\/\/solicomp.de\/wp-content\/uploads\/2020\/05\/076A3470-768x512.jpg 768w, https:\/\/solicomp.de\/wp-content\/uploads\/2020\/05\/076A3470-1536x1024.jpg 1536w, https:\/\/solicomp.de\/wp-content\/uploads\/2020\/05\/076A3470.jpg 2048w\" sizes=\"(max-width: 1024px) 100vw, 1024px\" title=\"\">\t\t\t\t\t\t\t\t<\/a>\n\t\t\t\t\t\t\t\t\t\t\t\t\t\t\t<\/div>\n\t\t\t\t<\/div>\n\t\t\t\t\t<\/div>\n\t\t<\/div>\n\t\t\t\t\t<\/div>\n\t\t<\/section>\n\t\t\t\t<section class=\"elementor-section elementor-top-section elementor-element elementor-element-6860e682 ang-section-padding-default elementor-section-boxed elementor-section-height-default elementor-section-height-default elementor-repeater-item-none elementor-repeater-item-none_hover\" data-id=\"6860e682\" data-element_type=\"section\" data-e-type=\"section\" data-settings=\"{&quot;_ha_eqh_enable&quot;:false}\">\n\t\t\t\t\t\t<div class=\"elementor-container elementor-column-gap-default\">\n\t\t\t\t\t<div class=\"elementor-column elementor-col-50 elementor-top-column elementor-element elementor-element-44f273b5 elementor-repeater-item-none elementor-repeater-item-none_hover\" data-id=\"44f273b5\" data-element_type=\"column\" data-e-type=\"column\">\n\t\t\t<div class=\"elementor-widget-wrap elementor-element-populated\">\n\t\t\t\t\t\t<div class=\"elementor-element elementor-element-1cf0c660 elementor-repeater-item-none elementor-repeater-item-none_hover elementor-widget elementor-widget-heading\" data-id=\"1cf0c660\" data-element_type=\"widget\" data-e-type=\"widget\" data-widget_type=\"heading.default\">\n\t\t\t\t<div class=\"elementor-widget-container\">\n\t\t\t\t\t<h3 class=\"elementor-heading-title elementor-size-default\">Leistung ab Lager:<\/h3>\t\t\t\t<\/div>\n\t\t\t\t<\/div>\n\t\t\t\t<div class=\"elementor-element elementor-element-66af01b7 elementor-repeater-item-none elementor-repeater-item-none_hover elementor-widget elementor-widget-text-editor\" data-id=\"66af01b7\" data-element_type=\"widget\" data-e-type=\"widget\" data-widget_type=\"text-editor.default\">\n\t\t\t\t<div class=\"elementor-widget-container\">\n\t\t\t\t\t\t\t\t\t<ul><li>Dioden<\/li><li>Germanium &amp; Silizium Transistoren<\/li><li>Thyristoren (TRIAC, DIAC, SIDAC)<\/li><li>Br\u00fcckengleichrichter<\/li><li>Darlington Transistoren<\/li><li>Unijunction Transistoren<\/li><li>MOS-Feldeffekt Transistoren<\/li><li>Zener- und Suppressordioden<\/li><li>Axial- und Schraubdioden<\/li><\/ul>\t\t\t\t\t\t\t\t<\/div>\n\t\t\t\t<\/div>\n\t\t\t\t\t<\/div>\n\t\t<\/div>\n\t\t\t\t<div class=\"elementor-column elementor-col-50 elementor-top-column elementor-element elementor-element-44de5487 elementor-repeater-item-none elementor-repeater-item-none_hover\" data-id=\"44de5487\" data-element_type=\"column\" data-e-type=\"column\">\n\t\t\t<div class=\"elementor-widget-wrap elementor-element-populated\">\n\t\t\t\t\t\t<div class=\"elementor-element elementor-element-69ae2056 external_elementor-repeater-item-none_external elementor-repeater-item-none elementor-repeater-item-none_hover elementor-widget elementor-widget-image\" data-id=\"69ae2056\" data-element_type=\"widget\" data-e-type=\"widget\" data-widget_type=\"image.default\">\n\t\t\t\t<div class=\"elementor-widget-container\">\n\t\t\t\t\t\t\t\t\t\t\t\t\t\t\t\t<a href=\"https:\/\/solicomp.de\/wp-content\/uploads\/2020\/05\/076A3483.jpg\" data-elementor-open-lightbox=\"yes\" data-elementor-lightbox-title=\"076A3483\" data-e-action-hash=\"#elementor-action%3Aaction%3Dlightbox%26settings%3DeyJpZCI6MjQyNywidXJsIjoiaHR0cHM6XC9cL3NvbGljb21wLmRlXC93cC1jb250ZW50XC91cGxvYWRzXC8yMDIwXC8wNVwvMDc2QTM0ODMuanBnIn0%3D\">\n\t\t\t\t\t\t\t<img loading=\"lazy\" decoding=\"async\" width=\"1024\" height=\"683\" src=\"https:\/\/solicomp.de\/wp-content\/uploads\/2020\/05\/076A3483-1024x683.jpg\" class=\"attachment-large size-large wp-image-2427\" alt=\"\" srcset=\"https:\/\/solicomp.de\/wp-content\/uploads\/2020\/05\/076A3483-1024x683.jpg 1024w, https:\/\/solicomp.de\/wp-content\/uploads\/2020\/05\/076A3483-300x200.jpg 300w, https:\/\/solicomp.de\/wp-content\/uploads\/2020\/05\/076A3483-768x512.jpg 768w, https:\/\/solicomp.de\/wp-content\/uploads\/2020\/05\/076A3483-1536x1024.jpg 1536w, https:\/\/solicomp.de\/wp-content\/uploads\/2020\/05\/076A3483.jpg 2048w\" sizes=\"(max-width: 1024px) 100vw, 1024px\" title=\"\">\t\t\t\t\t\t\t\t<\/a>\n\t\t\t\t\t\t\t\t\t\t\t\t\t\t\t<\/div>\n\t\t\t\t<\/div>\n\t\t\t\t\t<\/div>\n\t\t<\/div>\n\t\t\t\t\t<\/div>\n\t\t<\/section>\n\t\t\t\t<section class=\"elementor-section elementor-top-section elementor-element elementor-element-406a14a elementor-section-boxed ang-section-padding-initial elementor-section-height-default elementor-section-height-default elementor-repeater-item-none elementor-repeater-item-none_hover\" data-id=\"406a14a\" data-element_type=\"section\" data-e-type=\"section\" data-settings=\"{&quot;_ha_eqh_enable&quot;:false}\">\n\t\t\t\t\t\t<div class=\"elementor-container elementor-column-gap-default\">\n\t\t\t\t\t<div class=\"elementor-column elementor-col-100 elementor-top-column elementor-element elementor-element-b7f5ccf elementor-repeater-item-none elementor-repeater-item-none_hover\" data-id=\"b7f5ccf\" data-element_type=\"column\" data-e-type=\"column\">\n\t\t\t<div class=\"elementor-widget-wrap elementor-element-populated\">\n\t\t\t\t\t\t<div class=\"elementor-element elementor-element-4914c04 external_elementor-repeater-item-none_external elementor-repeater-item-none elementor-repeater-item-none_hover elementor-widget elementor-widget-image\" data-id=\"4914c04\" data-element_type=\"widget\" data-e-type=\"widget\" data-widget_type=\"image.default\">\n\t\t\t\t<div class=\"elementor-widget-container\">\n\t\t\t\t\t\t\t\t\t\t\t\t\t\t\t<img loading=\"lazy\" decoding=\"async\" width=\"576\" height=\"182\" src=\"https:\/\/solicomp.de\/wp-content\/uploads\/2020\/06\/Bildschirmfoto-2020-06-05-um-14.05.58.png\" class=\"attachment-large size-large wp-image-2516\" alt=\"\" srcset=\"https:\/\/solicomp.de\/wp-content\/uploads\/2020\/06\/Bildschirmfoto-2020-06-05-um-14.05.58.png 576w, https:\/\/solicomp.de\/wp-content\/uploads\/2020\/06\/Bildschirmfoto-2020-06-05-um-14.05.58-300x95.png 300w\" sizes=\"(max-width: 576px) 100vw, 576px\" title=\"\">\t\t\t\t\t\t\t\t\t\t\t\t\t\t\t<\/div>\n\t\t\t\t<\/div>\n\t\t\t\t\t<\/div>\n\t\t<\/div>\n\t\t\t\t\t<\/div>\n\t\t<\/section>\n\t\t\t\t<\/div>\n\t\t","protected":false},"excerpt":{"rendered":"<p>In Kooperation mit unserem Partner DSI lagern und produzieren wir eine umfangreiche Auswahl an diskreten Leistungshalbleitern. Auch die selten gewordene Germanium- bzw. Silizium-Technologie finden Sie bei Solicomp. F\u00fcr besonders hohe Anspr\u00fcche bietet DSI die perfekte Alternative zu JAN oder JANTX. Robuste Technologie die sogar milit\u00e4rischen Standards entspricht. Pr\u00e4zise gefertigt nach Ihren W\u00fcnschen. \u00a0 Seit 2023 [&hellip;]<\/p>\n","protected":false},"author":8,"featured_media":0,"parent":618,"menu_order":0,"comment_status":"closed","ping_status":"closed","template":"","meta":{"_acf_changed":false,"site-sidebar-layout":"no-sidebar","site-content-layout":"page-builder","ast-site-content-layout":"default","site-content-style":"default","site-sidebar-style":"default","ast-global-header-display":"","ast-banner-title-visibility":"","ast-main-header-display":"","ast-hfb-above-header-display":"","ast-hfb-below-header-display":"","ast-hfb-mobile-header-display":"","site-post-title":"disabled","ast-breadcrumbs-content":"","ast-featured-img":"disabled","footer-sml-layout":"","ast-disable-related-posts":"","theme-transparent-header-meta":"default","adv-header-id-meta":"","stick-header-meta":"default","header-above-stick-meta":"","header-main-stick-meta":"","header-below-stick-meta":"","astra-migrate-meta-layouts":"default","ast-page-background-enabled":"default","ast-page-background-meta":{"desktop":{"background-color":"","background-image":"","background-repeat":"repeat","background-position":"center center","background-size":"auto","background-attachment":"scroll","background-type":"","background-media":"","overlay-type":"","overlay-color":"","overlay-opacity":"","overlay-gradient":""},"tablet":{"background-color":"","background-image":"","background-repeat":"repeat","background-position":"center center","background-size":"auto","background-attachment":"scroll","background-type":"","background-media":"","overlay-type":"","overlay-color":"","overlay-opacity":"","overlay-gradient":""},"mobile":{"background-color":"","background-image":"","background-repeat":"repeat","background-position":"center center","background-size":"auto","background-attachment":"scroll","background-type":"","background-media":"","overlay-type":"","overlay-color":"","overlay-opacity":"","overlay-gradient":""}},"ast-content-background-meta":{"desktop":{"background-color":"var(--ast-global-color-5)","background-image":"","background-repeat":"repeat","background-position":"center center","background-size":"auto","background-attachment":"scroll","background-type":"","background-media":"","overlay-type":"","overlay-color":"","overlay-opacity":"","overlay-gradient":""},"tablet":{"background-color":"var(--ast-global-color-5)","background-image":"","background-repeat":"repeat","background-position":"center center","background-size":"auto","background-attachment":"scroll","background-type":"","background-media":"","overlay-type":"","overlay-color":"","overlay-opacity":"","overlay-gradient":""},"mobile":{"background-color":"var(--ast-global-color-5)","background-image":"","background-repeat":"repeat","background-position":"center center","background-size":"auto","background-attachment":"scroll","background-type":"","background-media":"","overlay-type":"","overlay-color":"","overlay-opacity":"","overlay-gradient":""}},"footnotes":""},"class_list":["post-676","page","type-page","status-publish","hentry"],"acf":[],"_links":{"self":[{"href":"https:\/\/solicomp.de\/de\/wp-json\/wp\/v2\/pages\/676","targetHints":{"allow":["GET"]}}],"collection":[{"href":"https:\/\/solicomp.de\/de\/wp-json\/wp\/v2\/pages"}],"about":[{"href":"https:\/\/solicomp.de\/de\/wp-json\/wp\/v2\/types\/page"}],"author":[{"embeddable":true,"href":"https:\/\/solicomp.de\/de\/wp-json\/wp\/v2\/users\/8"}],"replies":[{"embeddable":true,"href":"https:\/\/solicomp.de\/de\/wp-json\/wp\/v2\/comments?post=676"}],"version-history":[{"count":5,"href":"https:\/\/solicomp.de\/de\/wp-json\/wp\/v2\/pages\/676\/revisions"}],"predecessor-version":[{"id":12566,"href":"https:\/\/solicomp.de\/de\/wp-json\/wp\/v2\/pages\/676\/revisions\/12566"}],"up":[{"embeddable":true,"href":"https:\/\/solicomp.de\/de\/wp-json\/wp\/v2\/pages\/618"}],"wp:attachment":[{"href":"https:\/\/solicomp.de\/de\/wp-json\/wp\/v2\/media?parent=676"}],"curies":[{"name":"wp","href":"https:\/\/api.w.org\/{rel}","templated":true}]}}