{"id":835,"date":"2020-03-06T17:58:54","date_gmt":"2020-03-06T16:58:54","guid":{"rendered":"http:\/\/relaunch2.solicomp.de\/?page_id=835"},"modified":"2022-10-25T10:18:09","modified_gmt":"2022-10-25T08:18:09","slug":"beschaffungsdienstleistungen","status":"publish","type":"page","link":"https:\/\/solicomp.de\/de\/beschaffungsdienstleistungen\/","title":{"rendered":"Beschaffungsdienstleistungen"},"content":{"rendered":"\t\t<div data-elementor-type=\"wp-page\" data-elementor-id=\"835\" class=\"elementor elementor-835\" data-elementor-settings=\"{&quot;ha_cmc_init_switcher&quot;:&quot;no&quot;}\" data-elementor-post-type=\"page\">\n\t\t\t\t\t\t<section class=\"elementor-section elementor-top-section elementor-element elementor-element-7f0006d ang-section-padding-no elementor-section-boxed elementor-section-height-default elementor-section-height-default elementor-repeater-item-none elementor-repeater-item-none_hover\" data-id=\"7f0006d\" data-element_type=\"section\" data-e-type=\"section\" data-settings=\"{&quot;_ha_eqh_enable&quot;:false}\">\n\t\t\t\t\t\t<div class=\"elementor-container elementor-column-gap-default\">\n\t\t\t\t\t<div class=\"elementor-column elementor-col-100 elementor-top-column elementor-element elementor-element-d97cb4a elementor-repeater-item-none elementor-repeater-item-none_hover\" data-id=\"d97cb4a\" data-element_type=\"column\" data-e-type=\"column\">\n\t\t\t<div class=\"elementor-widget-wrap elementor-element-populated\">\n\t\t\t\t\t\t<div class=\"elementor-element elementor-element-fe4f600 elementor-repeater-item-none elementor-repeater-item-none_hover elementor-widget elementor-widget-text-editor\" data-id=\"fe4f600\" data-element_type=\"widget\" data-e-type=\"widget\" data-widget_type=\"text-editor.default\">\n\t\t\t\t<div class=\"elementor-widget-container\">\n\t\t\t\t\t\t\t\t\t<p>Die zuverl\u00e4ssige und nachhaltige Versorgung mit schwer beschaffbaren Bauelementen ist seit der Gr\u00fcndung im Jahre 1975 eine Spezialit\u00e4t der Solicomp GmbH. Weltweit vernetzt und unabh\u00e4ngig vom jeweiligen Hersteller beschaffen wir nahezu jedes gew\u00fcnschte Bauteil auf dem internationalen Markt zu fairen Konditionen. Selbstverst\u00e4ndlich achten wir dabei auf h\u00f6chste Qualit\u00e4tsstandards und Sicherheit. Viel Erfahrung und technische Kompetenz zum Vorteil unserer Kunden. Ohne Kompromisse!<\/p>\t\t\t\t\t\t\t\t<\/div>\n\t\t\t\t<\/div>\n\t\t\t\t\t<\/div>\n\t\t<\/div>\n\t\t\t\t\t<\/div>\n\t\t<\/section>\n\t\t\t\t<section class=\"elementor-section elementor-top-section elementor-element elementor-element-bc59df9 ang-section-padding-default elementor-section-boxed elementor-section-height-default elementor-section-height-default elementor-repeater-item-none elementor-repeater-item-none_hover\" data-id=\"bc59df9\" data-element_type=\"section\" data-e-type=\"section\" data-settings=\"{&quot;_ha_eqh_enable&quot;:false}\">\n\t\t\t\t\t\t<div class=\"elementor-container elementor-column-gap-default\">\n\t\t\t\t\t<div class=\"elementor-column elementor-col-33 elementor-top-column elementor-element elementor-element-cce7735 elementor-repeater-item-none elementor-repeater-item-none_hover\" data-id=\"cce7735\" data-element_type=\"column\" data-e-type=\"column\">\n\t\t\t<div class=\"elementor-widget-wrap elementor-element-populated\">\n\t\t\t\t\t\t<div class=\"elementor-element elementor-element-d7222e2 external_elementor-repeater-item-none_external elementor-repeater-item-none elementor-repeater-item-none_hover elementor-widget elementor-widget-image\" data-id=\"d7222e2\" data-element_type=\"widget\" data-e-type=\"widget\" data-widget_type=\"image.default\">\n\t\t\t\t<div class=\"elementor-widget-container\">\n\t\t\t\t\t\t\t\t\t\t\t\t\t\t\t\t<a href=\"https:\/\/solicomp.de\/wp-content\/uploads\/2020\/05\/AdobeStock_218380693-scaled.jpeg\" data-elementor-open-lightbox=\"yes\" data-elementor-lightbox-title=\"Businessman Calling On Landline\" data-e-action-hash=\"#elementor-action%3Aaction%3Dlightbox%26settings%3DeyJpZCI6MjI5NiwidXJsIjoiaHR0cHM6XC9cL3NvbGljb21wLmRlXC93cC1jb250ZW50XC91cGxvYWRzXC8yMDIwXC8wNVwvQWRvYmVTdG9ja18yMTgzODA2OTMtc2NhbGVkLmpwZWcifQ%3D%3D\">\n\t\t\t\t\t\t\t<img fetchpriority=\"high\" decoding=\"async\" width=\"1024\" height=\"683\" src=\"https:\/\/solicomp.de\/wp-content\/uploads\/2020\/05\/AdobeStock_218380693-1024x683.jpeg\" class=\"attachment-large size-large wp-image-2296\" alt=\"\" srcset=\"https:\/\/solicomp.de\/wp-content\/uploads\/2020\/05\/AdobeStock_218380693-1024x683.jpeg 1024w, https:\/\/solicomp.de\/wp-content\/uploads\/2020\/05\/AdobeStock_218380693-300x200.jpeg 300w, https:\/\/solicomp.de\/wp-content\/uploads\/2020\/05\/AdobeStock_218380693-768x512.jpeg 768w, https:\/\/solicomp.de\/wp-content\/uploads\/2020\/05\/AdobeStock_218380693-1536x1024.jpeg 1536w, https:\/\/solicomp.de\/wp-content\/uploads\/2020\/05\/AdobeStock_218380693-2048x1365.jpeg 2048w\" sizes=\"(max-width: 1024px) 100vw, 1024px\" title=\"\">\t\t\t\t\t\t\t\t<\/a>\n\t\t\t\t\t\t\t\t\t\t\t\t\t\t\t<\/div>\n\t\t\t\t<\/div>\n\t\t\t\t\t<\/div>\n\t\t<\/div>\n\t\t\t\t<div class=\"elementor-column elementor-col-33 elementor-top-column elementor-element elementor-element-42a543d elementor-repeater-item-none elementor-repeater-item-none_hover\" data-id=\"42a543d\" data-element_type=\"column\" data-e-type=\"column\">\n\t\t\t<div class=\"elementor-widget-wrap elementor-element-populated\">\n\t\t\t\t\t\t<div class=\"elementor-element elementor-element-7188e2e external_elementor-repeater-item-none_external elementor-repeater-item-none elementor-repeater-item-none_hover elementor-widget elementor-widget-image\" data-id=\"7188e2e\" data-element_type=\"widget\" data-e-type=\"widget\" data-widget_type=\"image.default\">\n\t\t\t\t<div class=\"elementor-widget-container\">\n\t\t\t\t\t\t\t\t\t\t\t\t\t\t\t\t<a href=\"https:\/\/solicomp.de\/wp-content\/uploads\/2020\/05\/AdobeStock_187312509-scaled.jpeg\" data-elementor-open-lightbox=\"yes\" data-elementor-lightbox-title=\"Man warehouse worker with a tablet.\" data-e-action-hash=\"#elementor-action%3Aaction%3Dlightbox%26settings%3DeyJpZCI6MjMxMywidXJsIjoiaHR0cHM6XC9cL3NvbGljb21wLmRlXC93cC1jb250ZW50XC91cGxvYWRzXC8yMDIwXC8wNVwvQWRvYmVTdG9ja18xODczMTI1MDktc2NhbGVkLmpwZWcifQ%3D%3D\">\n\t\t\t\t\t\t\t<img decoding=\"async\" width=\"1024\" height=\"683\" src=\"https:\/\/solicomp.de\/wp-content\/uploads\/2020\/05\/AdobeStock_187312509-1024x683.jpeg\" class=\"attachment-large size-large wp-image-2313\" alt=\"\" srcset=\"https:\/\/solicomp.de\/wp-content\/uploads\/2020\/05\/AdobeStock_187312509-1024x683.jpeg 1024w, https:\/\/solicomp.de\/wp-content\/uploads\/2020\/05\/AdobeStock_187312509-300x200.jpeg 300w, https:\/\/solicomp.de\/wp-content\/uploads\/2020\/05\/AdobeStock_187312509-768x512.jpeg 768w, https:\/\/solicomp.de\/wp-content\/uploads\/2020\/05\/AdobeStock_187312509-1536x1024.jpeg 1536w, https:\/\/solicomp.de\/wp-content\/uploads\/2020\/05\/AdobeStock_187312509-2048x1365.jpeg 2048w\" sizes=\"(max-width: 1024px) 100vw, 1024px\" title=\"\">\t\t\t\t\t\t\t\t<\/a>\n\t\t\t\t\t\t\t\t\t\t\t\t\t\t\t<\/div>\n\t\t\t\t<\/div>\n\t\t\t\t\t<\/div>\n\t\t<\/div>\n\t\t\t\t<div class=\"elementor-column elementor-col-33 elementor-top-column elementor-element elementor-element-c00fc9a elementor-repeater-item-none elementor-repeater-item-none_hover\" data-id=\"c00fc9a\" data-element_type=\"column\" data-e-type=\"column\">\n\t\t\t<div class=\"elementor-widget-wrap elementor-element-populated\">\n\t\t\t\t\t\t<div class=\"elementor-element elementor-element-bc99690 external_elementor-repeater-item-none_external elementor-repeater-item-none elementor-repeater-item-none_hover elementor-widget elementor-widget-image\" data-id=\"bc99690\" data-element_type=\"widget\" data-e-type=\"widget\" data-widget_type=\"image.default\">\n\t\t\t\t<div class=\"elementor-widget-container\">\n\t\t\t\t\t\t\t\t\t\t\t\t\t\t\t\t<a href=\"https:\/\/solicomp.de\/wp-content\/uploads\/2020\/05\/AdobeStock_126714957-2-scaled.jpeg\" data-elementor-open-lightbox=\"yes\" data-elementor-lightbox-title=\"Box on conveyor roller. 3D Rendering\" data-e-action-hash=\"#elementor-action%3Aaction%3Dlightbox%26settings%3DeyJpZCI6MjMxNCwidXJsIjoiaHR0cHM6XC9cL3NvbGljb21wLmRlXC93cC1jb250ZW50XC91cGxvYWRzXC8yMDIwXC8wNVwvQWRvYmVTdG9ja18xMjY3MTQ5NTctMi1zY2FsZWQuanBlZyJ9\">\n\t\t\t\t\t\t\t<img decoding=\"async\" width=\"1024\" height=\"683\" src=\"https:\/\/solicomp.de\/wp-content\/uploads\/2020\/05\/AdobeStock_126714957-2-1024x683.jpeg\" class=\"attachment-large size-large wp-image-2314\" alt=\"\" srcset=\"https:\/\/solicomp.de\/wp-content\/uploads\/2020\/05\/AdobeStock_126714957-2-1024x683.jpeg 1024w, https:\/\/solicomp.de\/wp-content\/uploads\/2020\/05\/AdobeStock_126714957-2-300x200.jpeg 300w, https:\/\/solicomp.de\/wp-content\/uploads\/2020\/05\/AdobeStock_126714957-2-768x512.jpeg 768w, https:\/\/solicomp.de\/wp-content\/uploads\/2020\/05\/AdobeStock_126714957-2-1536x1024.jpeg 1536w, https:\/\/solicomp.de\/wp-content\/uploads\/2020\/05\/AdobeStock_126714957-2-2048x1365.jpeg 2048w\" sizes=\"(max-width: 1024px) 100vw, 1024px\" title=\"\">\t\t\t\t\t\t\t\t<\/a>\n\t\t\t\t\t\t\t\t\t\t\t\t\t\t\t<\/div>\n\t\t\t\t<\/div>\n\t\t\t\t\t<\/div>\n\t\t<\/div>\n\t\t\t\t\t<\/div>\n\t\t<\/section>\n\t\t\t\t<section class=\"elementor-section elementor-top-section elementor-element elementor-element-a1e0f6b ang-section-padding-default elementor-section-boxed elementor-section-height-default elementor-section-height-default elementor-repeater-item-none elementor-repeater-item-none_hover\" data-id=\"a1e0f6b\" data-element_type=\"section\" data-e-type=\"section\" data-settings=\"{&quot;_ha_eqh_enable&quot;:false}\">\n\t\t\t\t\t\t<div class=\"elementor-container elementor-column-gap-default\">\n\t\t\t\t\t<div class=\"elementor-column elementor-col-50 elementor-top-column elementor-element elementor-element-bd2cfbf elementor-repeater-item-none elementor-repeater-item-none_hover\" data-id=\"bd2cfbf\" data-element_type=\"column\" data-e-type=\"column\">\n\t\t\t<div class=\"elementor-widget-wrap elementor-element-populated\">\n\t\t\t\t\t\t<div class=\"elementor-element elementor-element-31b332a elementor-repeater-item-none elementor-repeater-item-none_hover elementor-widget elementor-widget-text-editor\" data-id=\"31b332a\" data-element_type=\"widget\" data-e-type=\"widget\" data-widget_type=\"text-editor.default\">\n\t\t\t\t<div class=\"elementor-widget-container\">\n\t\t\t\t\t\t\t\t\t<ul><li>Altera<\/li><li>AMD<\/li><li>Analog Devices<\/li><li>Cypress<\/li><li>Freescale<\/li><li>Infineon-Technologies<\/li><li>Intel<\/li><li>Microchip<\/li><li>NXP<\/li><li>On-Semiconductor<\/li><li>Renesas<\/li><li>Texas Instruments<\/li><li>und viele mehr&#8230;<\/li><\/ul>\t\t\t\t\t\t\t\t<\/div>\n\t\t\t\t<\/div>\n\t\t\t\t\t<\/div>\n\t\t<\/div>\n\t\t\t\t<div class=\"elementor-column elementor-col-50 elementor-top-column elementor-element elementor-element-7f5d846 elementor-repeater-item-none elementor-repeater-item-none_hover\" data-id=\"7f5d846\" data-element_type=\"column\" data-e-type=\"column\">\n\t\t\t<div class=\"elementor-widget-wrap elementor-element-populated\">\n\t\t\t\t\t\t<div class=\"elementor-element elementor-element-f0e5418 external_elementor-repeater-item-none_external elementor-repeater-item-none elementor-repeater-item-none_hover elementor-widget elementor-widget-image\" data-id=\"f0e5418\" data-element_type=\"widget\" data-e-type=\"widget\" data-widget_type=\"image.default\">\n\t\t\t\t<div class=\"elementor-widget-container\">\n\t\t\t\t\t\t\t\t\t\t\t\t\t\t\t\t<a href=\"https:\/\/solicomp.de\/wp-content\/uploads\/2020\/05\/AdobeStock_177614252-1-scaled.jpeg\" data-elementor-open-lightbox=\"yes\" data-elementor-lightbox-title=\"Circuit board system chip with core processor. Spherical computer motherboard with CPU isolated on white background. Futuristic computer technology.\" data-e-action-hash=\"#elementor-action%3Aaction%3Dlightbox%26settings%3DeyJpZCI6MjMxMSwidXJsIjoiaHR0cHM6XC9cL3NvbGljb21wLmRlXC93cC1jb250ZW50XC91cGxvYWRzXC8yMDIwXC8wNVwvQWRvYmVTdG9ja18xNzc2MTQyNTItMS1zY2FsZWQuanBlZyJ9\">\n\t\t\t\t\t\t\t<img loading=\"lazy\" decoding=\"async\" width=\"1024\" height=\"1024\" src=\"https:\/\/solicomp.de\/wp-content\/uploads\/2020\/05\/AdobeStock_177614252-1-1024x1024.jpeg\" class=\"attachment-large size-large wp-image-2311\" alt=\"\" srcset=\"https:\/\/solicomp.de\/wp-content\/uploads\/2020\/05\/AdobeStock_177614252-1-1024x1024.jpeg 1024w, https:\/\/solicomp.de\/wp-content\/uploads\/2020\/05\/AdobeStock_177614252-1-300x300.jpeg 300w, https:\/\/solicomp.de\/wp-content\/uploads\/2020\/05\/AdobeStock_177614252-1-150x150.jpeg 150w, https:\/\/solicomp.de\/wp-content\/uploads\/2020\/05\/AdobeStock_177614252-1-768x768.jpeg 768w, https:\/\/solicomp.de\/wp-content\/uploads\/2020\/05\/AdobeStock_177614252-1-1536x1536.jpeg 1536w, https:\/\/solicomp.de\/wp-content\/uploads\/2020\/05\/AdobeStock_177614252-1-2048x2048.jpeg 2048w\" sizes=\"(max-width: 1024px) 100vw, 1024px\" title=\"\">\t\t\t\t\t\t\t\t<\/a>\n\t\t\t\t\t\t\t\t\t\t\t\t\t\t\t<\/div>\n\t\t\t\t<\/div>\n\t\t\t\t\t<\/div>\n\t\t<\/div>\n\t\t\t\t\t<\/div>\n\t\t<\/section>\n\t\t\t\t<\/div>\n\t\t","protected":false},"excerpt":{"rendered":"<p>Die zuverl\u00e4ssige und nachhaltige Versorgung mit schwer beschaffbaren Bauelementen ist seit der Gr\u00fcndung im Jahre 1975 eine Spezialit\u00e4t der Solicomp GmbH. Weltweit vernetzt und unabh\u00e4ngig vom jeweiligen Hersteller beschaffen wir nahezu jedes gew\u00fcnschte Bauteil auf dem internationalen Markt zu fairen Konditionen. Selbstverst\u00e4ndlich achten wir dabei auf h\u00f6chste Qualit\u00e4tsstandards und Sicherheit. Viel Erfahrung und technische Kompetenz [&hellip;]<\/p>\n","protected":false},"author":8,"featured_media":0,"parent":0,"menu_order":0,"comment_status":"closed","ping_status":"closed","template":"","meta":{"_acf_changed":false,"site-sidebar-layout":"no-sidebar","site-content-layout":"page-builder","ast-site-content-layout":"default","site-content-style":"default","site-sidebar-style":"default","ast-global-header-display":"","ast-banner-title-visibility":"","ast-main-header-display":"","ast-hfb-above-header-display":"","ast-hfb-below-header-display":"","ast-hfb-mobile-header-display":"","site-post-title":"disabled","ast-breadcrumbs-content":"","ast-featured-img":"disabled","footer-sml-layout":"","ast-disable-related-posts":"","theme-transparent-header-meta":"default","adv-header-id-meta":"","stick-header-meta":"default","header-above-stick-meta":"","header-main-stick-meta":"","header-below-stick-meta":"","astra-migrate-meta-layouts":"default","ast-page-background-enabled":"default","ast-page-background-meta":{"desktop":{"background-color":"","background-image":"","background-repeat":"repeat","background-position":"center center","background-size":"auto","background-attachment":"scroll","background-type":"","background-media":"","overlay-type":"","overlay-color":"","overlay-opacity":"","overlay-gradient":""},"tablet":{"background-color":"","background-image":"","background-repeat":"repeat","background-position":"center center","background-size":"auto","background-attachment":"scroll","background-type":"","background-media":"","overlay-type":"","overlay-color":"","overlay-opacity":"","overlay-gradient":""},"mobile":{"background-color":"","background-image":"","background-repeat":"repeat","background-position":"center center","background-size":"auto","background-attachment":"scroll","background-type":"","background-media":"","overlay-type":"","overlay-color":"","overlay-opacity":"","overlay-gradient":""}},"ast-content-background-meta":{"desktop":{"background-color":"var(--ast-global-color-5)","background-image":"","background-repeat":"repeat","background-position":"center center","background-size":"auto","background-attachment":"scroll","background-type":"","background-media":"","overlay-type":"","overlay-color":"","overlay-opacity":"","overlay-gradient":""},"tablet":{"background-color":"var(--ast-global-color-5)","background-image":"","background-repeat":"repeat","background-position":"center center","background-size":"auto","background-attachment":"scroll","background-type":"","background-media":"","overlay-type":"","overlay-color":"","overlay-opacity":"","overlay-gradient":""},"mobile":{"background-color":"var(--ast-global-color-5)","background-image":"","background-repeat":"repeat","background-position":"center center","background-size":"auto","background-attachment":"scroll","background-type":"","background-media":"","overlay-type":"","overlay-color":"","overlay-opacity":"","overlay-gradient":""}},"footnotes":""},"class_list":["post-835","page","type-page","status-publish","hentry"],"acf":[],"_links":{"self":[{"href":"https:\/\/solicomp.de\/de\/wp-json\/wp\/v2\/pages\/835","targetHints":{"allow":["GET"]}}],"collection":[{"href":"https:\/\/solicomp.de\/de\/wp-json\/wp\/v2\/pages"}],"about":[{"href":"https:\/\/solicomp.de\/de\/wp-json\/wp\/v2\/types\/page"}],"author":[{"embeddable":true,"href":"https:\/\/solicomp.de\/de\/wp-json\/wp\/v2\/users\/8"}],"replies":[{"embeddable":true,"href":"https:\/\/solicomp.de\/de\/wp-json\/wp\/v2\/comments?post=835"}],"version-history":[{"count":4,"href":"https:\/\/solicomp.de\/de\/wp-json\/wp\/v2\/pages\/835\/revisions"}],"predecessor-version":[{"id":9645,"href":"https:\/\/solicomp.de\/de\/wp-json\/wp\/v2\/pages\/835\/revisions\/9645"}],"wp:attachment":[{"href":"https:\/\/solicomp.de\/de\/wp-json\/wp\/v2\/media?parent=835"}],"curies":[{"name":"wp","href":"https:\/\/api.w.org\/{rel}","templated":true}]}}