{"id":843,"date":"2020-03-06T17:58:54","date_gmt":"2020-03-06T16:58:54","guid":{"rendered":"http:\/\/relaunch2.solicomp.de\/?page_id=843"},"modified":"2020-07-17T09:34:50","modified_gmt":"2020-07-17T07:34:50","slug":"sonderprodukte-systeme","status":"publish","type":"page","link":"https:\/\/solicomp.de\/de\/sonderprodukte-systeme\/","title":{"rendered":"Sonderprodukte &#038; Systeme"},"content":{"rendered":"\t\t<div data-elementor-type=\"wp-page\" data-elementor-id=\"843\" class=\"elementor elementor-843\" data-elementor-settings=\"{&quot;ha_cmc_init_switcher&quot;:&quot;no&quot;}\" data-elementor-post-type=\"page\">\n\t\t\t\t\t\t<section class=\"elementor-section elementor-top-section elementor-element elementor-element-f9ee35e elementor-section-boxed ang-section-padding-initial elementor-section-height-default elementor-section-height-default elementor-repeater-item-none elementor-repeater-item-none_hover\" data-id=\"f9ee35e\" data-element_type=\"section\" data-e-type=\"section\" data-settings=\"{&quot;_ha_eqh_enable&quot;:false}\">\n\t\t\t\t\t\t<div class=\"elementor-container elementor-column-gap-default\">\n\t\t\t\t\t<div class=\"elementor-column elementor-col-100 elementor-top-column elementor-element elementor-element-010e195 elementor-repeater-item-none elementor-repeater-item-none_hover\" data-id=\"010e195\" data-element_type=\"column\" data-e-type=\"column\">\n\t\t\t<div class=\"elementor-widget-wrap elementor-element-populated\">\n\t\t\t\t\t\t<div class=\"elementor-element elementor-element-f400954 elementor-repeater-item-none elementor-repeater-item-none_hover elementor-widget elementor-widget-text-editor\" data-id=\"f400954\" data-element_type=\"widget\" data-e-type=\"widget\" data-widget_type=\"text-editor.default\">\n\t\t\t\t<div class=\"elementor-widget-container\">\n\t\t\t\t\t\t\t\t\t<p>Bei der Entwicklung und Produktion von Komplettsystemen und Sonderprodukten machen wir es Ihnen so einfach wie m\u00f6glich. In enger Kooperation mit unseren Partnern begleiten wir Sie von der Idee bis zum fertigen Produkt. Auf Basis Ihrer ganz besonderen Spezifikationen bieten wir Ihnen alles rund um das komplette Ger\u00e4t oder die Systemkomponente.&nbsp;&nbsp;Exzellente Mechanik, optimale K\u00fchlung, zuverl\u00e4ssige Stromversorgung, effiziente Datenverteilung sowie ein sicheres Systemmanagement. Professionelle Logistik rundet das Angebot entsprechend ab und sorgt f\u00fcr nachhaltige Lieferf\u00e4higkeit und Versorgungssicherheit.&nbsp;<\/p>\t\t\t\t\t\t\t\t<\/div>\n\t\t\t\t<\/div>\n\t\t\t\t\t<\/div>\n\t\t<\/div>\n\t\t\t\t\t<\/div>\n\t\t<\/section>\n\t\t\t\t<section class=\"elementor-section elementor-top-section elementor-element elementor-element-17b86cd elementor-section-boxed ang-section-padding-initial elementor-section-height-default elementor-section-height-default elementor-repeater-item-none elementor-repeater-item-none_hover\" data-id=\"17b86cd\" data-element_type=\"section\" data-e-type=\"section\" data-settings=\"{&quot;_ha_eqh_enable&quot;:false}\">\n\t\t\t\t\t\t<div class=\"elementor-container elementor-column-gap-default\">\n\t\t\t\t\t<div class=\"elementor-column elementor-col-33 elementor-top-column elementor-element elementor-element-b94f870 elementor-repeater-item-none elementor-repeater-item-none_hover\" data-id=\"b94f870\" data-element_type=\"column\" data-e-type=\"column\">\n\t\t\t<div class=\"elementor-widget-wrap elementor-element-populated\">\n\t\t\t\t\t\t<div class=\"elementor-element elementor-element-44c4e7a external_elementor-repeater-item-none_external elementor-repeater-item-none elementor-repeater-item-none_hover elementor-widget elementor-widget-image\" data-id=\"44c4e7a\" data-element_type=\"widget\" data-e-type=\"widget\" data-widget_type=\"image.default\">\n\t\t\t\t<div class=\"elementor-widget-container\">\n\t\t\t\t\t\t\t\t\t\t\t\t\t\t\t<img fetchpriority=\"high\" decoding=\"async\" width=\"1024\" height=\"680\" src=\"https:\/\/solicomp.de\/wp-content\/uploads\/2020\/06\/AdobeStock_266716274-1024x680.jpeg\" class=\"attachment-large size-large wp-image-2493\" alt=\"\" srcset=\"https:\/\/solicomp.de\/wp-content\/uploads\/2020\/06\/AdobeStock_266716274-1024x680.jpeg 1024w, https:\/\/solicomp.de\/wp-content\/uploads\/2020\/06\/AdobeStock_266716274-300x199.jpeg 300w, https:\/\/solicomp.de\/wp-content\/uploads\/2020\/06\/AdobeStock_266716274-768x510.jpeg 768w, https:\/\/solicomp.de\/wp-content\/uploads\/2020\/06\/AdobeStock_266716274-1536x1020.jpeg 1536w, https:\/\/solicomp.de\/wp-content\/uploads\/2020\/06\/AdobeStock_266716274-2048x1361.jpeg 2048w\" sizes=\"(max-width: 1024px) 100vw, 1024px\" title=\"\">\t\t\t\t\t\t\t\t\t\t\t\t\t\t\t<\/div>\n\t\t\t\t<\/div>\n\t\t\t\t\t<\/div>\n\t\t<\/div>\n\t\t\t\t<div class=\"elementor-column elementor-col-33 elementor-top-column elementor-element elementor-element-e4c7d77 elementor-repeater-item-none elementor-repeater-item-none_hover\" data-id=\"e4c7d77\" data-element_type=\"column\" data-e-type=\"column\">\n\t\t\t<div class=\"elementor-widget-wrap elementor-element-populated\">\n\t\t\t\t\t\t<div class=\"elementor-element elementor-element-a647788 external_elementor-repeater-item-none_external elementor-repeater-item-none elementor-repeater-item-none_hover elementor-widget elementor-widget-image\" data-id=\"a647788\" data-element_type=\"widget\" data-e-type=\"widget\" data-widget_type=\"image.default\">\n\t\t\t\t<div class=\"elementor-widget-container\">\n\t\t\t\t\t\t\t\t\t\t\t\t\t\t\t<img decoding=\"async\" width=\"1024\" height=\"683\" src=\"https:\/\/solicomp.de\/wp-content\/uploads\/2020\/06\/AdobeStock_159218625-1024x683.jpeg\" class=\"attachment-large size-large wp-image-2494\" alt=\"\" srcset=\"https:\/\/solicomp.de\/wp-content\/uploads\/2020\/06\/AdobeStock_159218625-1024x683.jpeg 1024w, https:\/\/solicomp.de\/wp-content\/uploads\/2020\/06\/AdobeStock_159218625-300x200.jpeg 300w, https:\/\/solicomp.de\/wp-content\/uploads\/2020\/06\/AdobeStock_159218625-768x512.jpeg 768w, https:\/\/solicomp.de\/wp-content\/uploads\/2020\/06\/AdobeStock_159218625-1536x1024.jpeg 1536w, https:\/\/solicomp.de\/wp-content\/uploads\/2020\/06\/AdobeStock_159218625-2048x1365.jpeg 2048w\" sizes=\"(max-width: 1024px) 100vw, 1024px\" title=\"\">\t\t\t\t\t\t\t\t\t\t\t\t\t\t\t<\/div>\n\t\t\t\t<\/div>\n\t\t\t\t\t<\/div>\n\t\t<\/div>\n\t\t\t\t<div class=\"elementor-column elementor-col-33 elementor-top-column elementor-element elementor-element-3034b49 elementor-repeater-item-none elementor-repeater-item-none_hover\" data-id=\"3034b49\" data-element_type=\"column\" data-e-type=\"column\">\n\t\t\t<div class=\"elementor-widget-wrap elementor-element-populated\">\n\t\t\t\t\t\t<div class=\"elementor-element elementor-element-0a2e026 external_elementor-repeater-item-none_external elementor-repeater-item-none elementor-repeater-item-none_hover elementor-widget elementor-widget-image\" data-id=\"0a2e026\" data-element_type=\"widget\" data-e-type=\"widget\" data-widget_type=\"image.default\">\n\t\t\t\t<div class=\"elementor-widget-container\">\n\t\t\t\t\t\t\t\t\t\t\t\t\t\t\t<img decoding=\"async\" width=\"1024\" height=\"683\" src=\"https:\/\/solicomp.de\/wp-content\/uploads\/2020\/06\/AdobeStock_193389379-1024x683.jpeg\" class=\"attachment-large size-large wp-image-2495\" alt=\"\" srcset=\"https:\/\/solicomp.de\/wp-content\/uploads\/2020\/06\/AdobeStock_193389379-1024x683.jpeg 1024w, https:\/\/solicomp.de\/wp-content\/uploads\/2020\/06\/AdobeStock_193389379-300x200.jpeg 300w, https:\/\/solicomp.de\/wp-content\/uploads\/2020\/06\/AdobeStock_193389379-768x512.jpeg 768w, https:\/\/solicomp.de\/wp-content\/uploads\/2020\/06\/AdobeStock_193389379-1536x1024.jpeg 1536w, https:\/\/solicomp.de\/wp-content\/uploads\/2020\/06\/AdobeStock_193389379-2048x1365.jpeg 2048w\" sizes=\"(max-width: 1024px) 100vw, 1024px\" title=\"\">\t\t\t\t\t\t\t\t\t\t\t\t\t\t\t<\/div>\n\t\t\t\t<\/div>\n\t\t\t\t\t<\/div>\n\t\t<\/div>\n\t\t\t\t\t<\/div>\n\t\t<\/section>\n\t\t\t\t<section class=\"elementor-section elementor-top-section elementor-element elementor-element-54dd65bc ang-section-padding-default elementor-section-boxed elementor-section-height-default elementor-section-height-default elementor-repeater-item-none elementor-repeater-item-none_hover\" data-id=\"54dd65bc\" data-element_type=\"section\" data-e-type=\"section\" data-settings=\"{&quot;_ha_eqh_enable&quot;:false}\">\n\t\t\t\t\t\t<div class=\"elementor-container elementor-column-gap-default\">\n\t\t\t\t\t<div class=\"elementor-column elementor-col-50 elementor-top-column elementor-element elementor-element-4fe350f6 elementor-repeater-item-none elementor-repeater-item-none_hover\" data-id=\"4fe350f6\" data-element_type=\"column\" data-e-type=\"column\">\n\t\t\t<div class=\"elementor-widget-wrap elementor-element-populated\">\n\t\t\t\t\t\t<div class=\"elementor-element elementor-element-79e4c3ce elementor-repeater-item-none elementor-repeater-item-none_hover elementor-widget elementor-widget-heading\" data-id=\"79e4c3ce\" data-element_type=\"widget\" data-e-type=\"widget\" data-widget_type=\"heading.default\">\n\t\t\t\t<div class=\"elementor-widget-container\">\n\t\t\t\t\t<h3 class=\"elementor-heading-title elementor-size-default\">Alles aus einer Hand:<\/h3>\t\t\t\t<\/div>\n\t\t\t\t<\/div>\n\t\t\t\t<div class=\"elementor-element elementor-element-606fe376 elementor-repeater-item-none elementor-repeater-item-none_hover elementor-widget elementor-widget-text-editor\" data-id=\"606fe376\" data-element_type=\"widget\" data-e-type=\"widget\" data-widget_type=\"text-editor.default\">\n\t\t\t\t<div class=\"elementor-widget-container\">\n\t\t\t\t\t\t\t\t\t<ul><li>Elektronik<\/li><li>Mechanik<\/li><li>Kleinteile<\/li><li>Montage &amp; Konfektion<\/li><li>Umwelt &amp; Klima Labor<\/li><li>Vibrationstest<\/li><li>EMC Test<\/li><li>Logistik<\/li><\/ul>\t\t\t\t\t\t\t\t<\/div>\n\t\t\t\t<\/div>\n\t\t\t\t\t<\/div>\n\t\t<\/div>\n\t\t\t\t<div class=\"elementor-column elementor-col-50 elementor-top-column elementor-element elementor-element-39ab3657 elementor-repeater-item-none elementor-repeater-item-none_hover\" data-id=\"39ab3657\" data-element_type=\"column\" data-e-type=\"column\">\n\t\t\t<div class=\"elementor-widget-wrap elementor-element-populated\">\n\t\t\t\t\t\t<div class=\"elementor-element elementor-element-225d9397 external_elementor-repeater-item-none_external elementor-repeater-item-none elementor-repeater-item-none_hover elementor-widget elementor-widget-image\" data-id=\"225d9397\" data-element_type=\"widget\" data-e-type=\"widget\" data-widget_type=\"image.default\">\n\t\t\t\t<div class=\"elementor-widget-container\">\n\t\t\t\t\t\t\t\t\t\t\t\t\t\t\t\t<a href=\"https:\/\/solicomp.de\/wp-content\/uploads\/2020\/06\/AdobeStock_320631252-scaled.jpeg\" data-elementor-open-lightbox=\"yes\" data-elementor-lightbox-title=\"Computer aided design with 3D software\" data-e-action-hash=\"#elementor-action%3Aaction%3Dlightbox%26settings%3DeyJpZCI6MjQ5NiwidXJsIjoiaHR0cHM6XC9cL3NvbGljb21wLmRlXC93cC1jb250ZW50XC91cGxvYWRzXC8yMDIwXC8wNlwvQWRvYmVTdG9ja18zMjA2MzEyNTItc2NhbGVkLmpwZWcifQ%3D%3D\">\n\t\t\t\t\t\t\t<img loading=\"lazy\" decoding=\"async\" width=\"1024\" height=\"682\" src=\"https:\/\/solicomp.de\/wp-content\/uploads\/2020\/06\/AdobeStock_320631252-1024x682.jpeg\" class=\"attachment-large size-large wp-image-2496\" alt=\"\" srcset=\"https:\/\/solicomp.de\/wp-content\/uploads\/2020\/06\/AdobeStock_320631252-1024x682.jpeg 1024w, https:\/\/solicomp.de\/wp-content\/uploads\/2020\/06\/AdobeStock_320631252-300x200.jpeg 300w, https:\/\/solicomp.de\/wp-content\/uploads\/2020\/06\/AdobeStock_320631252-768x511.jpeg 768w, https:\/\/solicomp.de\/wp-content\/uploads\/2020\/06\/AdobeStock_320631252-1536x1023.jpeg 1536w, https:\/\/solicomp.de\/wp-content\/uploads\/2020\/06\/AdobeStock_320631252-2048x1364.jpeg 2048w\" sizes=\"(max-width: 1024px) 100vw, 1024px\" title=\"\">\t\t\t\t\t\t\t\t<\/a>\n\t\t\t\t\t\t\t\t\t\t\t\t\t\t\t<\/div>\n\t\t\t\t<\/div>\n\t\t\t\t\t<\/div>\n\t\t<\/div>\n\t\t\t\t\t<\/div>\n\t\t<\/section>\n\t\t\t\t<\/div>\n\t\t","protected":false},"excerpt":{"rendered":"<p>Bei der Entwicklung und Produktion von Komplettsystemen und Sonderprodukten machen wir es Ihnen so einfach wie m\u00f6glich. In enger Kooperation mit unseren Partnern begleiten wir Sie von der Idee bis zum fertigen Produkt. Auf Basis Ihrer ganz besonderen Spezifikationen bieten wir Ihnen alles rund um das komplette Ger\u00e4t oder die Systemkomponente.\u00a0\u00a0Exzellente Mechanik, optimale K\u00fchlung, zuverl\u00e4ssige [&hellip;]<\/p>\n","protected":false},"author":8,"featured_media":0,"parent":0,"menu_order":0,"comment_status":"closed","ping_status":"closed","template":"","meta":{"_acf_changed":false,"site-sidebar-layout":"no-sidebar","site-content-layout":"page-builder","ast-site-content-layout":"default","site-content-style":"default","site-sidebar-style":"default","ast-global-header-display":"","ast-banner-title-visibility":"","ast-main-header-display":"","ast-hfb-above-header-display":"","ast-hfb-below-header-display":"","ast-hfb-mobile-header-display":"","site-post-title":"disabled","ast-breadcrumbs-content":"","ast-featured-img":"disabled","footer-sml-layout":"","ast-disable-related-posts":"","theme-transparent-header-meta":"default","adv-header-id-meta":"","stick-header-meta":"default","header-above-stick-meta":"","header-main-stick-meta":"","header-below-stick-meta":"","astra-migrate-meta-layouts":"default","ast-page-background-enabled":"default","ast-page-background-meta":{"desktop":{"background-color":"","background-image":"","background-repeat":"repeat","background-position":"center center","background-size":"auto","background-attachment":"scroll","background-type":"","background-media":"","overlay-type":"","overlay-color":"","overlay-opacity":"","overlay-gradient":""},"tablet":{"background-color":"","background-image":"","background-repeat":"repeat","background-position":"center center","background-size":"auto","background-attachment":"scroll","background-type":"","background-media":"","overlay-type":"","overlay-color":"","overlay-opacity":"","overlay-gradient":""},"mobile":{"background-color":"","background-image":"","background-repeat":"repeat","background-position":"center center","background-size":"auto","background-attachment":"scroll","background-type":"","background-media":"","overlay-type":"","overlay-color":"","overlay-opacity":"","overlay-gradient":""}},"ast-content-background-meta":{"desktop":{"background-color":"var(--ast-global-color-5)","background-image":"","background-repeat":"repeat","background-position":"center center","background-size":"auto","background-attachment":"scroll","background-type":"","background-media":"","overlay-type":"","overlay-color":"","overlay-opacity":"","overlay-gradient":""},"tablet":{"background-color":"var(--ast-global-color-5)","background-image":"","background-repeat":"repeat","background-position":"center center","background-size":"auto","background-attachment":"scroll","background-type":"","background-media":"","overlay-type":"","overlay-color":"","overlay-opacity":"","overlay-gradient":""},"mobile":{"background-color":"var(--ast-global-color-5)","background-image":"","background-repeat":"repeat","background-position":"center center","background-size":"auto","background-attachment":"scroll","background-type":"","background-media":"","overlay-type":"","overlay-color":"","overlay-opacity":"","overlay-gradient":""}},"footnotes":""},"class_list":["post-843","page","type-page","status-publish","hentry"],"acf":[],"_links":{"self":[{"href":"https:\/\/solicomp.de\/de\/wp-json\/wp\/v2\/pages\/843","targetHints":{"allow":["GET"]}}],"collection":[{"href":"https:\/\/solicomp.de\/de\/wp-json\/wp\/v2\/pages"}],"about":[{"href":"https:\/\/solicomp.de\/de\/wp-json\/wp\/v2\/types\/page"}],"author":[{"embeddable":true,"href":"https:\/\/solicomp.de\/de\/wp-json\/wp\/v2\/users\/8"}],"replies":[{"embeddable":true,"href":"https:\/\/solicomp.de\/de\/wp-json\/wp\/v2\/comments?post=843"}],"version-history":[{"count":0,"href":"https:\/\/solicomp.de\/de\/wp-json\/wp\/v2\/pages\/843\/revisions"}],"wp:attachment":[{"href":"https:\/\/solicomp.de\/de\/wp-json\/wp\/v2\/media?parent=843"}],"curies":[{"name":"wp","href":"https:\/\/api.w.org\/{rel}","templated":true}]}}