{"id":11633,"date":"2023-03-08T11:06:11","date_gmt":"2023-03-08T10:06:11","guid":{"rendered":"https:\/\/solicomp.de\/displays-ampire\/"},"modified":"2023-03-08T12:38:05","modified_gmt":"2023-03-08T11:38:05","slug":"displays-ampire","status":"publish","type":"page","link":"https:\/\/solicomp.de\/es\/displays-ampire\/","title":{"rendered":"Displays"},"content":{"rendered":"\t\t<div data-elementor-type=\"wp-page\" data-elementor-id=\"11633\" class=\"elementor elementor-11633 elementor-11536\" data-elementor-settings=\"{&quot;ha_cmc_init_switcher&quot;:&quot;no&quot;}\" data-elementor-post-type=\"page\">\n\t\t\t\t\t\t<section class=\"elementor-section elementor-top-section elementor-element elementor-element-321b049d ang-section-padding-no elementor-section-boxed elementor-section-height-default elementor-section-height-default elementor-repeater-item-none elementor-repeater-item-none_hover\" data-id=\"321b049d\" data-element_type=\"section\" data-e-type=\"section\" data-settings=\"{&quot;_ha_eqh_enable&quot;:false}\">\n\t\t\t\t\t\t<div class=\"elementor-container elementor-column-gap-default\">\n\t\t\t\t\t<div class=\"elementor-column elementor-col-100 elementor-top-column elementor-element elementor-element-4531af96 elementor-repeater-item-none elementor-repeater-item-none_hover\" data-id=\"4531af96\" data-element_type=\"column\" data-e-type=\"column\">\n\t\t\t<div class=\"elementor-widget-wrap elementor-element-populated\">\n\t\t\t\t\t\t<div class=\"elementor-element elementor-element-77dda48c elementor-repeater-item-none elementor-repeater-item-none_hover elementor-widget elementor-widget-text-editor\" data-id=\"77dda48c\" data-element_type=\"widget\" data-e-type=\"widget\" data-widget_type=\"text-editor.default\">\n\t\t\t\t<div class=\"elementor-widget-container\">\n\t\t\t\t\t\t\t\t\t<p>Con m\u00e1s de 25 a\u00f1os de experiencia, nuestro socio <strong>Ampire<\/strong> es uno de los proveedores de pantallas TFT con m\u00e1s \u00e9xito del mercado mundial. Innovadora y siempre a la vanguardia de la tecnolog\u00eda, Ampire ofrece la m\u00e1xima calidad con muchos a\u00f1os de disponibilidad.<\/p>\n<p>La gama abarca muchos tama\u00f1os, amplios rangos de temperatura, gran luminosidad, amplios \u00e1ngulos de visi\u00f3n y larga vida \u00fatil.<\/p>\n<p>Elija entre tecnolog\u00edas IPS o MVA, interfaces LVDS, MCU, HDMI, I2C o MIPI, t\u00e1ctil RTP o PCAP-Touch con cristal protector.<\/p>\n<p>Suministramos expositores est\u00e1ndar y soluciones completas personalizadas de forma fiable y a precios justos.<\/p>\n\t\t\t\t\t\t\t\t<\/div>\n\t\t\t\t<\/div>\n\t\t\t\t\t<\/div>\n\t\t<\/div>\n\t\t\t\t\t<\/div>\n\t\t<\/section>\n\t\t\t\t<section class=\"elementor-section elementor-top-section elementor-element elementor-element-7c80e25 ang-section-padding-no elementor-section-boxed elementor-section-height-default elementor-section-height-default elementor-repeater-item-none elementor-repeater-item-none_hover\" data-id=\"7c80e25\" data-element_type=\"section\" data-e-type=\"section\" data-settings=\"{&quot;_ha_eqh_enable&quot;:false}\">\n\t\t\t\t\t\t<div class=\"elementor-container elementor-column-gap-default\">\n\t\t\t\t\t<div class=\"elementor-column elementor-col-100 elementor-top-column elementor-element elementor-element-91059b6 elementor-repeater-item-none elementor-repeater-item-none_hover\" data-id=\"91059b6\" data-element_type=\"column\" data-e-type=\"column\">\n\t\t\t<div class=\"elementor-widget-wrap elementor-element-populated\">\n\t\t\t\t\t\t<div class=\"elementor-element elementor-element-213e9c9 elementor-repeater-item-none elementor-repeater-item-none_hover elementor-widget elementor-widget-gallery\" data-id=\"213e9c9\" data-element_type=\"widget\" data-e-type=\"widget\" data-settings=\"{&quot;columns&quot;:3,&quot;columns_tablet&quot;:3,&quot;gap&quot;:{&quot;unit&quot;:&quot;px&quot;,&quot;size&quot;:30,&quot;sizes&quot;:[]},&quot;gap_tablet&quot;:{&quot;unit&quot;:&quot;px&quot;,&quot;size&quot;:30,&quot;sizes&quot;:[]},&quot;gap_mobile&quot;:{&quot;unit&quot;:&quot;px&quot;,&quot;size&quot;:30,&quot;sizes&quot;:[]},&quot;aspect_ratio&quot;:&quot;16:9&quot;,&quot;gallery_layout&quot;:&quot;grid&quot;,&quot;columns_mobile&quot;:1,&quot;link_to&quot;:&quot;file&quot;,&quot;overlay_background&quot;:&quot;yes&quot;,&quot;content_hover_animation&quot;:&quot;fade-in&quot;}\" data-widget_type=\"gallery.default\">\n\t\t\t\t<div class=\"elementor-widget-container\">\n\t\t\t\t\t\t\t<div class=\"elementor-gallery__container\">\n\t\t\t\t\t\t\t<a class=\"e-gallery-item elementor-gallery-item elementor-animated-content\" href=\"https:\/\/solicomp.de\/wp-content\/uploads\/2023\/03\/ampire_displays_01.jpg\" data-elementor-open-lightbox=\"yes\" data-elementor-lightbox-slideshow=\"213e9c9\" data-elementor-lightbox-title=\"Ampire Displays\" data-e-action-hash=\"#elementor-action%3Aaction%3Dlightbox%26settings%3DeyJpZCI6MTE1NjMsInVybCI6Imh0dHBzOlwvXC9zb2xpY29tcC5kZVwvd3AtY29udGVudFwvdXBsb2Fkc1wvMjAyM1wvMDNcL2FtcGlyZV9kaXNwbGF5c18wMS5qcGciLCJzbGlkZXNob3ciOiIyMTNlOWM5In0%3D\">\n\t\t\t\t\t<div class=\"e-gallery-image elementor-gallery-item__image\" data-thumbnail=\"https:\/\/solicomp.de\/wp-content\/uploads\/2023\/03\/ampire_displays_01-768x480.jpg\" data-width=\"768\" data-height=\"480\" aria-label=\"Ampire Displays\" role=\"img\" ><\/div>\n\t\t\t\t\t\t\t\t\t\t\t<div class=\"elementor-gallery-item__overlay\"><\/div>\n\t\t\t\t\t\t\t\t\t\t\t\t\t\t<\/a>\n\t\t\t\t\t\t\t<a class=\"e-gallery-item elementor-gallery-item elementor-animated-content\" href=\"https:\/\/solicomp.de\/wp-content\/uploads\/2023\/03\/ampire_displays_02.jpg\" data-elementor-open-lightbox=\"yes\" data-elementor-lightbox-slideshow=\"213e9c9\" data-elementor-lightbox-title=\"Ampire Displays\" data-e-action-hash=\"#elementor-action%3Aaction%3Dlightbox%26settings%3DeyJpZCI6MTE1NjcsInVybCI6Imh0dHBzOlwvXC9zb2xpY29tcC5kZVwvd3AtY29udGVudFwvdXBsb2Fkc1wvMjAyM1wvMDNcL2FtcGlyZV9kaXNwbGF5c18wMi5qcGciLCJzbGlkZXNob3ciOiIyMTNlOWM5In0%3D\">\n\t\t\t\t\t<div class=\"e-gallery-image elementor-gallery-item__image\" data-thumbnail=\"https:\/\/solicomp.de\/wp-content\/uploads\/2023\/03\/ampire_displays_02-768x480.jpg\" data-width=\"768\" data-height=\"480\" aria-label=\"Ampire Displays\" role=\"img\" ><\/div>\n\t\t\t\t\t\t\t\t\t\t\t<div class=\"elementor-gallery-item__overlay\"><\/div>\n\t\t\t\t\t\t\t\t\t\t\t\t\t\t<\/a>\n\t\t\t\t\t\t\t<a class=\"e-gallery-item elementor-gallery-item elementor-animated-content\" href=\"https:\/\/solicomp.de\/wp-content\/uploads\/2023\/03\/ampire_displays_03.jpg\" data-elementor-open-lightbox=\"yes\" data-elementor-lightbox-slideshow=\"213e9c9\" data-elementor-lightbox-title=\"Ampire Displays\" data-e-action-hash=\"#elementor-action%3Aaction%3Dlightbox%26settings%3DeyJpZCI6MTE1NzEsInVybCI6Imh0dHBzOlwvXC9zb2xpY29tcC5kZVwvd3AtY29udGVudFwvdXBsb2Fkc1wvMjAyM1wvMDNcL2FtcGlyZV9kaXNwbGF5c18wMy5qcGciLCJzbGlkZXNob3ciOiIyMTNlOWM5In0%3D\">\n\t\t\t\t\t<div class=\"e-gallery-image elementor-gallery-item__image\" data-thumbnail=\"https:\/\/solicomp.de\/wp-content\/uploads\/2023\/03\/ampire_displays_03-768x480.jpg\" data-width=\"768\" data-height=\"480\" aria-label=\"Ampire Displays\" role=\"img\" ><\/div>\n\t\t\t\t\t\t\t\t\t\t\t<div class=\"elementor-gallery-item__overlay\"><\/div>\n\t\t\t\t\t\t\t\t\t\t\t\t\t\t<\/a>\n\t\t\t\t\t<\/div>\n\t\t\t\t\t<\/div>\n\t\t\t\t<\/div>\n\t\t\t\t\t<\/div>\n\t\t<\/div>\n\t\t\t\t\t<\/div>\n\t\t<\/section>\n\t\t\t\t<section class=\"elementor-section elementor-top-section elementor-element elementor-element-dd4f70a ang-section-padding-no elementor-section-content-middle elementor-section-boxed elementor-section-height-default elementor-section-height-default elementor-repeater-item-none elementor-repeater-item-none_hover\" data-id=\"dd4f70a\" data-element_type=\"section\" data-e-type=\"section\" data-settings=\"{&quot;_ha_eqh_enable&quot;:false}\">\n\t\t\t\t\t\t<div class=\"elementor-container elementor-column-gap-default\">\n\t\t\t\t\t<div class=\"elementor-column elementor-col-50 elementor-top-column elementor-element elementor-element-4c185c0 elementor-repeater-item-none elementor-repeater-item-none_hover\" data-id=\"4c185c0\" data-element_type=\"column\" data-e-type=\"column\">\n\t\t\t<div class=\"elementor-widget-wrap elementor-element-populated\">\n\t\t\t\t\t\t<div class=\"elementor-element elementor-element-7d74665 external_elementor-repeater-item-none_external elementor-repeater-item-none elementor-repeater-item-none_hover elementor-widget elementor-widget-image\" data-id=\"7d74665\" data-element_type=\"widget\" data-e-type=\"widget\" data-widget_type=\"image.default\">\n\t\t\t\t<div class=\"elementor-widget-container\">\n\t\t\t\t\t\t\t\t\t\t\t\t\t\t\t\t<a href=\"https:\/\/www.ampire.com.tw\" target=\"_blank\" rel=\"noopener\">\n\t\t\t\t\t\t\t<img fetchpriority=\"high\" decoding=\"async\" width=\"700\" height=\"400\" src=\"https:\/\/solicomp.de\/wp-content\/uploads\/2022\/11\/ampire-logo.png\" class=\"attachment-medium_large size-medium_large wp-image-10610\" alt=\"Ampire\" srcset=\"https:\/\/solicomp.de\/wp-content\/uploads\/2022\/11\/ampire-logo.png 700w, https:\/\/solicomp.de\/wp-content\/uploads\/2022\/11\/ampire-logo-300x171.png 300w\" sizes=\"(max-width: 700px) 100vw, 700px\" title=\"\">\t\t\t\t\t\t\t\t<\/a>\n\t\t\t\t\t\t\t\t\t\t\t\t\t\t\t<\/div>\n\t\t\t\t<\/div>\n\t\t\t\t\t<\/div>\n\t\t<\/div>\n\t\t\t\t<div class=\"elementor-column elementor-col-50 elementor-top-column elementor-element elementor-element-d68ca80 elementor-repeater-item-none elementor-repeater-item-none_hover\" data-id=\"d68ca80\" data-element_type=\"column\" data-e-type=\"column\">\n\t\t\t<div class=\"elementor-widget-wrap elementor-element-populated\">\n\t\t\t\t\t\t<div class=\"elementor-element elementor-element-c15cec9 external_elementor-repeater-item-none_external elementor-repeater-item-none elementor-repeater-item-none_hover elementor-widget elementor-widget-image\" data-id=\"c15cec9\" data-element_type=\"widget\" data-e-type=\"widget\" data-widget_type=\"image.default\">\n\t\t\t\t<div class=\"elementor-widget-container\">\n\t\t\t\t\t\t\t\t\t\t\t\t\t\t\t\t<a href=\"https:\/\/solicomp.de\/wp-content\/uploads\/2023\/03\/AMPIRE_Numbering_System.pdf\" target=\"_blank\" download=\"\">\n\t\t\t\t\t\t\t<img decoding=\"async\" width=\"1024\" height=\"640\" src=\"https:\/\/solicomp.de\/wp-content\/uploads\/2023\/03\/AMPIRE_Numbering_System-1-1024x640.jpg\" class=\"attachment-large size-large wp-image-11586\" alt=\"AMPIRE Numbering System\" srcset=\"https:\/\/solicomp.de\/wp-content\/uploads\/2023\/03\/AMPIRE_Numbering_System-1-1024x640.jpg 1024w, https:\/\/solicomp.de\/wp-content\/uploads\/2023\/03\/AMPIRE_Numbering_System-1-300x188.jpg 300w, https:\/\/solicomp.de\/wp-content\/uploads\/2023\/03\/AMPIRE_Numbering_System-1-768x480.jpg 768w, https:\/\/solicomp.de\/wp-content\/uploads\/2023\/03\/AMPIRE_Numbering_System-1-1536x960.jpg 1536w, https:\/\/solicomp.de\/wp-content\/uploads\/2023\/03\/AMPIRE_Numbering_System-1.jpg 1920w\" sizes=\"(max-width: 1024px) 100vw, 1024px\" title=\"\">\t\t\t\t\t\t\t\t<\/a>\n\t\t\t\t\t\t\t\t\t\t\t\t\t\t\t<\/div>\n\t\t\t\t<\/div>\n\t\t\t\t<div class=\"elementor-element elementor-element-7aa76f3 elementor-align-center elementor-tablet-align-center elementor-mobile-align-justify elementor-widget-mobile__width-inherit elementor-repeater-item-none elementor-repeater-item-none_hover elementor-widget elementor-widget-button\" data-id=\"7aa76f3\" data-element_type=\"widget\" data-e-type=\"widget\" data-widget_type=\"button.default\">\n\t\t\t\t<div class=\"elementor-widget-container\">\n\t\t\t\t\t\t\t\t\t<div class=\"elementor-button-wrapper\">\n\t\t\t\t\t<a class=\"elementor-button elementor-button-link elementor-size-md\" href=\"https:\/\/solicomp.de\/wp-content\/uploads\/2023\/03\/AMPIRE_Numbering_System.pdf\" target=\"_blank\" download=\"\">\n\t\t\t\t\t\t<span class=\"elementor-button-content-wrapper\">\n\t\t\t\t\t\t<span class=\"elementor-button-icon\">\n\t\t\t\t<i aria-hidden=\"true\" class=\"far fa-file-pdf\"><\/i>\t\t\t<\/span>\n\t\t\t\t\t\t\t\t\t<span class=\"elementor-button-text\">Descargar<\/span>\n\t\t\t\t\t<\/span>\n\t\t\t\t\t<\/a>\n\t\t\t\t<\/div>\n\t\t\t\t\t\t\t\t<\/div>\n\t\t\t\t<\/div>\n\t\t\t\t\t<\/div>\n\t\t<\/div>\n\t\t\t\t\t<\/div>\n\t\t<\/section>\n\t\t\t\t<\/div>\n\t\t","protected":false},"excerpt":{"rendered":"<p>Con m\u00e1s de 25 a\u00f1os de experiencia, nuestro socio Ampire es uno de los proveedores de pantallas TFT con m\u00e1s \u00e9xito del mercado mundial. Innovadora y siempre a la vanguardia de la tecnolog\u00eda, Ampire ofrece la m\u00e1xima calidad con muchos a\u00f1os de disponibilidad. La gama abarca muchos tama\u00f1os, amplios rangos de temperatura, gran luminosidad, amplios [&hellip;]<\/p>\n","protected":false},"author":8,"featured_media":11389,"parent":0,"menu_order":0,"comment_status":"closed","ping_status":"closed","template":"","meta":{"_acf_changed":false,"site-sidebar-layout":"no-sidebar","site-content-layout":"page-builder","ast-site-content-layout":"default","site-content-style":"default","site-sidebar-style":"default","ast-global-header-display":"","ast-banner-title-visibility":"","ast-main-header-display":"","ast-hfb-above-header-display":"","ast-hfb-below-header-display":"","ast-hfb-mobile-header-display":"","site-post-title":"disabled","ast-breadcrumbs-content":"","ast-featured-img":"disabled","footer-sml-layout":"","ast-disable-related-posts":"","theme-transparent-header-meta":"default","adv-header-id-meta":"","stick-header-meta":"default","header-above-stick-meta":"","header-main-stick-meta":"","header-below-stick-meta":"","astra-migrate-meta-layouts":"default","ast-page-background-enabled":"default","ast-page-background-meta":{"desktop":{"background-color":"","background-image":"","background-repeat":"repeat","background-position":"center center","background-size":"auto","background-attachment":"scroll","background-type":"","background-media":"","overlay-type":"","overlay-color":"","overlay-opacity":"","overlay-gradient":""},"tablet":{"background-color":"","background-image":"","background-repeat":"repeat","background-position":"center center","background-size":"auto","background-attachment":"scroll","background-type":"","background-media":"","overlay-type":"","overlay-color":"","overlay-opacity":"","overlay-gradient":""},"mobile":{"background-color":"","background-image":"","background-repeat":"repeat","background-position":"center center","background-size":"auto","background-attachment":"scroll","background-type":"","background-media":"","overlay-type":"","overlay-color":"","overlay-opacity":"","overlay-gradient":""}},"ast-content-background-meta":{"desktop":{"background-color":"var(--ast-global-color-5)","background-image":"","background-repeat":"repeat","background-position":"center center","background-size":"auto","background-attachment":"scroll","background-type":"","background-media":"","overlay-type":"","overlay-color":"","overlay-opacity":"","overlay-gradient":""},"tablet":{"background-color":"var(--ast-global-color-5)","background-image":"","background-repeat":"repeat","background-position":"center center","background-size":"auto","background-attachment":"scroll","background-type":"","background-media":"","overlay-type":"","overlay-color":"","overlay-opacity":"","overlay-gradient":""},"mobile":{"background-color":"var(--ast-global-color-5)","background-image":"","background-repeat":"repeat","background-position":"center center","background-size":"auto","background-attachment":"scroll","background-type":"","background-media":"","overlay-type":"","overlay-color":"","overlay-opacity":"","overlay-gradient":""}},"footnotes":""},"class_list":["post-11633","page","type-page","status-publish","has-post-thumbnail","hentry"],"acf":[],"_links":{"self":[{"href":"https:\/\/solicomp.de\/es\/wp-json\/wp\/v2\/pages\/11633","targetHints":{"allow":["GET"]}}],"collection":[{"href":"https:\/\/solicomp.de\/es\/wp-json\/wp\/v2\/pages"}],"about":[{"href":"https:\/\/solicomp.de\/es\/wp-json\/wp\/v2\/types\/page"}],"author":[{"embeddable":true,"href":"https:\/\/solicomp.de\/es\/wp-json\/wp\/v2\/users\/8"}],"replies":[{"embeddable":true,"href":"https:\/\/solicomp.de\/es\/wp-json\/wp\/v2\/comments?post=11633"}],"version-history":[{"count":5,"href":"https:\/\/solicomp.de\/es\/wp-json\/wp\/v2\/pages\/11633\/revisions"}],"predecessor-version":[{"id":11648,"href":"https:\/\/solicomp.de\/es\/wp-json\/wp\/v2\/pages\/11633\/revisions\/11648"}],"wp:featuredmedia":[{"embeddable":true,"href":"https:\/\/solicomp.de\/es\/wp-json\/wp\/v2\/media\/11389"}],"wp:attachment":[{"href":"https:\/\/solicomp.de\/es\/wp-json\/wp\/v2\/media?parent=11633"}],"curies":[{"name":"wp","href":"https:\/\/api.w.org\/{rel}","templated":true}]}}