{"id":12016,"date":"2023-03-16T14:53:03","date_gmt":"2023-03-16T13:53:03","guid":{"rendered":"https:\/\/solicomp.de\/hitachi-energy\/"},"modified":"2023-03-31T16:19:43","modified_gmt":"2023-03-31T14:19:43","slug":"hitachi-energy","status":"publish","type":"page","link":"https:\/\/solicomp.de\/es\/productos\/hitachi-energy\/","title":{"rendered":"Hitachi Energy"},"content":{"rendered":"\t\t<div data-elementor-type=\"wp-page\" data-elementor-id=\"12016\" class=\"elementor elementor-12016 elementor-11685\" data-elementor-settings=\"{&quot;ha_cmc_init_switcher&quot;:&quot;no&quot;}\" data-elementor-post-type=\"page\">\n\t\t\t\t\t\t<section class=\"elementor-section elementor-top-section elementor-element elementor-element-7b0e49d ang-section-padding-no elementor-section-boxed elementor-section-height-default elementor-section-height-default elementor-repeater-item-none elementor-repeater-item-none_hover\" data-id=\"7b0e49d\" data-element_type=\"section\" data-e-type=\"section\" data-settings=\"{&quot;_ha_eqh_enable&quot;:false}\">\n\t\t\t\t\t\t<div class=\"elementor-container elementor-column-gap-default\">\n\t\t\t\t\t<div class=\"elementor-column elementor-col-100 elementor-top-column elementor-element elementor-element-e2ed82b elementor-repeater-item-none elementor-repeater-item-none_hover\" data-id=\"e2ed82b\" data-element_type=\"column\" data-e-type=\"column\">\n\t\t\t<div class=\"elementor-widget-wrap elementor-element-populated\">\n\t\t\t\t\t\t<div class=\"elementor-element elementor-element-05ae593 elementor-repeater-item-none elementor-repeater-item-none_hover elementor-widget elementor-widget-text-editor\" data-id=\"05ae593\" data-element_type=\"widget\" data-e-type=\"widget\" data-widget_type=\"text-editor.default\">\n\t\t\t\t<div class=\"elementor-widget-container\">\n\t\t\t\t\t\t\t\t\t<p>La historia de Hitachi Energy en Suiza comenz\u00f3 hace m\u00e1s de 100 a\u00f1os con el desarrollo y la producci\u00f3n de rectificadores de arco de mercurio. En la actualidad, Hitachi Energy cuenta con una de las carteras m\u00e1s diversas en el campo de los semiconductores de potencia. Ofrecemos IGBT, tiristores, diodos, GTO, IGCT y MOSFET de \u00faltima tecnolog\u00eda y con los m\u00e1s altos est\u00e1ndares de calidad. La producci\u00f3n se lleva a cabo en Suiza y la Rep\u00fablica Checa. Varios equipos de investigaci\u00f3n ampl\u00edan constantemente las posibilidades de la tecnolog\u00eda de semiconductores. Los productos Hitachi Energy est\u00e1n en el coraz\u00f3n de muchas aplicaciones en ferrocarriles, electromovilidad, polipastos, bombas y ventiladores, por nombrar s\u00f3lo algunas.<\/p>\n\t\t\t\t\t\t\t\t<\/div>\n\t\t\t\t<\/div>\n\t\t\t\t\t<\/div>\n\t\t<\/div>\n\t\t\t\t\t<\/div>\n\t\t<\/section>\n\t\t\t\t<section class=\"elementor-section elementor-top-section elementor-element elementor-element-385f470 ang-section-padding-default elementor-section-boxed elementor-section-height-default elementor-section-height-default elementor-repeater-item-none elementor-repeater-item-none_hover\" data-id=\"385f470\" data-element_type=\"section\" data-e-type=\"section\" data-settings=\"{&quot;_ha_eqh_enable&quot;:false}\">\n\t\t\t\t\t\t<div class=\"elementor-container elementor-column-gap-default\">\n\t\t\t\t\t<div class=\"elementor-column elementor-col-33 elementor-top-column elementor-element elementor-element-3ea1017 elementor-repeater-item-none elementor-repeater-item-none_hover\" data-id=\"3ea1017\" data-element_type=\"column\" data-e-type=\"column\">\n\t\t\t<div class=\"elementor-widget-wrap elementor-element-populated\">\n\t\t\t\t\t\t<div class=\"elementor-element elementor-element-0984a21 external_elementor-repeater-item-none_external elementor-repeater-item-none elementor-repeater-item-none_hover elementor-widget elementor-widget-image\" data-id=\"0984a21\" data-element_type=\"widget\" data-e-type=\"widget\" data-widget_type=\"image.default\">\n\t\t\t\t<div class=\"elementor-widget-container\">\n\t\t\t\t\t\t\t\t\t\t\t\t\t\t\t\t<a href=\"https:\/\/solicomp.de\/wp-content\/uploads\/2023\/03\/Bildschirm_foto-2023-03-16-um-12.12.36.png\" data-elementor-open-lightbox=\"yes\" data-elementor-lightbox-title=\"Bildschirm_foto 2023-03-16 um 12.12.36\" data-e-action-hash=\"#elementor-action%3Aaction%3Dlightbox%26settings%3DeyJpZCI6MTE2ODksInVybCI6Imh0dHBzOlwvXC9zb2xpY29tcC5kZVwvd3AtY29udGVudFwvdXBsb2Fkc1wvMjAyM1wvMDNcL0JpbGRzY2hpcm1fZm90by0yMDIzLTAzLTE2LXVtLTEyLjEyLjM2LnBuZyJ9\">\n\t\t\t\t\t\t\t<img fetchpriority=\"high\" decoding=\"async\" width=\"1024\" height=\"710\" src=\"https:\/\/solicomp.de\/wp-content\/uploads\/2023\/03\/Bildschirm_foto-2023-03-16-um-12.12.36-1024x710.png\" class=\"attachment-large size-large wp-image-11689\" alt=\"\" srcset=\"https:\/\/solicomp.de\/wp-content\/uploads\/2023\/03\/Bildschirm_foto-2023-03-16-um-12.12.36-1024x710.png 1024w, https:\/\/solicomp.de\/wp-content\/uploads\/2023\/03\/Bildschirm_foto-2023-03-16-um-12.12.36-300x208.png 300w, https:\/\/solicomp.de\/wp-content\/uploads\/2023\/03\/Bildschirm_foto-2023-03-16-um-12.12.36-768x533.png 768w, https:\/\/solicomp.de\/wp-content\/uploads\/2023\/03\/Bildschirm_foto-2023-03-16-um-12.12.36.png 1358w\" sizes=\"(max-width: 1024px) 100vw, 1024px\" title=\"\">\t\t\t\t\t\t\t\t<\/a>\n\t\t\t\t\t\t\t\t\t\t\t\t\t\t\t<\/div>\n\t\t\t\t<\/div>\n\t\t\t\t\t<\/div>\n\t\t<\/div>\n\t\t\t\t<div class=\"elementor-column elementor-col-33 elementor-top-column elementor-element elementor-element-e13421a elementor-repeater-item-none elementor-repeater-item-none_hover\" data-id=\"e13421a\" data-element_type=\"column\" data-e-type=\"column\">\n\t\t\t<div class=\"elementor-widget-wrap elementor-element-populated\">\n\t\t\t\t\t\t<div class=\"elementor-element elementor-element-6364b91 elementor-widget__width-inherit external_elementor-repeater-item-none_external elementor-repeater-item-none elementor-repeater-item-none_hover elementor-widget elementor-widget-image\" data-id=\"6364b91\" data-element_type=\"widget\" data-e-type=\"widget\" data-widget_type=\"image.default\">\n\t\t\t\t<div class=\"elementor-widget-container\">\n\t\t\t\t\t\t\t\t\t\t\t\t\t\t\t\t<a href=\"https:\/\/solicomp.de\/wp-content\/uploads\/2023\/03\/Bildschirm_foto-2023-03-16-um-12.14.40.png\" data-elementor-open-lightbox=\"yes\" data-elementor-lightbox-title=\"Bildschirm_foto 2023-03-16 um 12.14.40\" data-e-action-hash=\"#elementor-action%3Aaction%3Dlightbox%26settings%3DeyJpZCI6MTE2OTMsInVybCI6Imh0dHBzOlwvXC9zb2xpY29tcC5kZVwvd3AtY29udGVudFwvdXBsb2Fkc1wvMjAyM1wvMDNcL0JpbGRzY2hpcm1fZm90by0yMDIzLTAzLTE2LXVtLTEyLjE0LjQwLnBuZyJ9\">\n\t\t\t\t\t\t\t<img decoding=\"async\" width=\"1024\" height=\"673\" src=\"https:\/\/solicomp.de\/wp-content\/uploads\/2023\/03\/Bildschirm_foto-2023-03-16-um-12.14.40-1024x673.png\" class=\"attachment-large size-large wp-image-11693\" alt=\"\" srcset=\"https:\/\/solicomp.de\/wp-content\/uploads\/2023\/03\/Bildschirm_foto-2023-03-16-um-12.14.40-1024x673.png 1024w, https:\/\/solicomp.de\/wp-content\/uploads\/2023\/03\/Bildschirm_foto-2023-03-16-um-12.14.40-300x197.png 300w, https:\/\/solicomp.de\/wp-content\/uploads\/2023\/03\/Bildschirm_foto-2023-03-16-um-12.14.40-768x504.png 768w, https:\/\/solicomp.de\/wp-content\/uploads\/2023\/03\/Bildschirm_foto-2023-03-16-um-12.14.40.png 1224w\" sizes=\"(max-width: 1024px) 100vw, 1024px\" title=\"\">\t\t\t\t\t\t\t\t<\/a>\n\t\t\t\t\t\t\t\t\t\t\t\t\t\t\t<\/div>\n\t\t\t\t<\/div>\n\t\t\t\t\t<\/div>\n\t\t<\/div>\n\t\t\t\t<div class=\"elementor-column elementor-col-33 elementor-top-column elementor-element elementor-element-7b8cbbf elementor-repeater-item-none elementor-repeater-item-none_hover\" data-id=\"7b8cbbf\" data-element_type=\"column\" data-e-type=\"column\">\n\t\t\t<div class=\"elementor-widget-wrap elementor-element-populated\">\n\t\t\t\t\t\t<div class=\"elementor-element elementor-element-60c896f external_elementor-repeater-item-none_external elementor-repeater-item-none elementor-repeater-item-none_hover elementor-widget elementor-widget-image\" data-id=\"60c896f\" data-element_type=\"widget\" data-e-type=\"widget\" data-widget_type=\"image.default\">\n\t\t\t\t<div class=\"elementor-widget-container\">\n\t\t\t\t\t\t\t\t\t\t\t\t\t\t\t\t<a href=\"https:\/\/solicomp.de\/wp-content\/uploads\/2023\/03\/Bildschirm_foto-2023-03-16-um-12.13.16.png\" data-elementor-open-lightbox=\"yes\" data-elementor-lightbox-title=\"Bildschirm_foto 2023-03-16 um 12.13.16\" data-e-action-hash=\"#elementor-action%3Aaction%3Dlightbox%26settings%3DeyJpZCI6MTE2OTcsInVybCI6Imh0dHBzOlwvXC9zb2xpY29tcC5kZVwvd3AtY29udGVudFwvdXBsb2Fkc1wvMjAyM1wvMDNcL0JpbGRzY2hpcm1fZm90by0yMDIzLTAzLTE2LXVtLTEyLjEzLjE2LnBuZyJ9\">\n\t\t\t\t\t\t\t<img decoding=\"async\" width=\"1024\" height=\"800\" src=\"https:\/\/solicomp.de\/wp-content\/uploads\/2023\/03\/Bildschirm_foto-2023-03-16-um-12.13.16-1024x800.png\" class=\"attachment-large size-large wp-image-11697\" alt=\"\" srcset=\"https:\/\/solicomp.de\/wp-content\/uploads\/2023\/03\/Bildschirm_foto-2023-03-16-um-12.13.16-1024x800.png 1024w, https:\/\/solicomp.de\/wp-content\/uploads\/2023\/03\/Bildschirm_foto-2023-03-16-um-12.13.16-300x234.png 300w, https:\/\/solicomp.de\/wp-content\/uploads\/2023\/03\/Bildschirm_foto-2023-03-16-um-12.13.16-768x600.png 768w, https:\/\/solicomp.de\/wp-content\/uploads\/2023\/03\/Bildschirm_foto-2023-03-16-um-12.13.16.png 1410w\" sizes=\"(max-width: 1024px) 100vw, 1024px\" title=\"\">\t\t\t\t\t\t\t\t<\/a>\n\t\t\t\t\t\t\t\t\t\t\t\t\t\t\t<\/div>\n\t\t\t\t<\/div>\n\t\t\t\t\t<\/div>\n\t\t<\/div>\n\t\t\t\t\t<\/div>\n\t\t<\/section>\n\t\t\t\t<section class=\"elementor-section elementor-top-section elementor-element elementor-element-e71844d ang-section-padding-default elementor-section-boxed elementor-section-height-default elementor-section-height-default elementor-repeater-item-none elementor-repeater-item-none_hover\" data-id=\"e71844d\" data-element_type=\"section\" data-e-type=\"section\" data-settings=\"{&quot;_ha_eqh_enable&quot;:false}\">\n\t\t\t\t\t\t<div class=\"elementor-container elementor-column-gap-default\">\n\t\t\t\t\t<div class=\"elementor-column elementor-col-50 elementor-top-column elementor-element elementor-element-fcec7c7 elementor-repeater-item-none elementor-repeater-item-none_hover\" data-id=\"fcec7c7\" data-element_type=\"column\" data-e-type=\"column\">\n\t\t\t<div class=\"elementor-widget-wrap elementor-element-populated\">\n\t\t\t\t\t\t<div class=\"elementor-element elementor-element-09d7831 external_elementor-repeater-item-none_external elementor-repeater-item-none elementor-repeater-item-none_hover elementor-widget elementor-widget-image\" data-id=\"09d7831\" data-element_type=\"widget\" data-e-type=\"widget\" data-widget_type=\"image.default\">\n\t\t\t\t<div class=\"elementor-widget-container\">\n\t\t\t\t\t\t\t\t\t\t\t\t\t\t\t\t<a href=\"https:\/\/www.hitachienergy.com\/%20\" target=\"_blank\" rel=\"noopener\">\n\t\t\t\t\t\t\t<img loading=\"lazy\" decoding=\"async\" width=\"539\" height=\"93\" src=\"https:\/\/solicomp.de\/wp-content\/uploads\/2023\/03\/Hitachi-Energy.png\" class=\"attachment-large size-large wp-image-11359\" alt=\"Hitachi Energy\" srcset=\"https:\/\/solicomp.de\/wp-content\/uploads\/2023\/03\/Hitachi-Energy.png 539w, https:\/\/solicomp.de\/wp-content\/uploads\/2023\/03\/Hitachi-Energy-300x52.png 300w\" sizes=\"(max-width: 539px) 100vw, 539px\" title=\"\">\t\t\t\t\t\t\t\t<\/a>\n\t\t\t\t\t\t\t\t\t\t\t\t\t\t\t<\/div>\n\t\t\t\t<\/div>\n\t\t\t\t\t<\/div>\n\t\t<\/div>\n\t\t\t\t<div class=\"elementor-column elementor-col-50 elementor-top-column elementor-element elementor-element-4065fb1 elementor-repeater-item-none elementor-repeater-item-none_hover\" data-id=\"4065fb1\" data-element_type=\"column\" data-e-type=\"column\">\n\t\t\t<div class=\"elementor-widget-wrap elementor-element-populated\">\n\t\t\t\t\t\t<div class=\"elementor-element elementor-element-b4440aa elementor-align-end elementor-icon-list--layout-traditional elementor-list-item-link-full_width elementor-repeater-item-none elementor-repeater-item-none_hover elementor-widget elementor-widget-icon-list\" data-id=\"b4440aa\" data-element_type=\"widget\" data-e-type=\"widget\" data-widget_type=\"icon-list.default\">\n\t\t\t\t<div class=\"elementor-widget-container\">\n\t\t\t\t\t\t\t<ul class=\"elementor-icon-list-items\">\n\t\t\t\t\t\t\t<li class=\"elementor-icon-list-item\">\n\t\t\t\t\t\t\t\t\t\t\t<a href=\"https:\/\/www.hg-electronics.de\/downloads\/ABB\/Prod_HE_Broschure_Power_Semiconductors_2022.pdf\" target=\"_blank\" rel=\"noopener\">\n\n\t\t\t\t\t\t\t\t\t\t\t\t<span class=\"elementor-icon-list-icon\">\n\t\t\t\t\t\t\t<i aria-hidden=\"true\" class=\"fas fa-file-pdf\"><\/i>\t\t\t\t\t\t<\/span>\n\t\t\t\t\t\t\t\t\t\t<span class=\"elementor-icon-list-text\">Descargar folleto<\/span>\n\t\t\t\t\t\t\t\t\t\t\t<\/a>\n\t\t\t\t\t\t\t\t\t<\/li>\n\t\t\t\t\t\t<\/ul>\n\t\t\t\t\t\t<\/div>\n\t\t\t\t<\/div>\n\t\t\t\t\t<\/div>\n\t\t<\/div>\n\t\t\t\t\t<\/div>\n\t\t<\/section>\n\t\t\t\t<\/div>\n\t\t","protected":false},"excerpt":{"rendered":"<p>La historia de Hitachi Energy en Suiza comenz\u00f3 hace m\u00e1s de 100 a\u00f1os con el desarrollo y la producci\u00f3n de rectificadores de arco de mercurio. En la actualidad, Hitachi Energy cuenta con una de las carteras m\u00e1s diversas en el campo de los semiconductores de potencia. Ofrecemos IGBT, tiristores, diodos, GTO, IGCT y MOSFET de [&hellip;]<\/p>\n","protected":false},"author":14,"featured_media":0,"parent":3390,"menu_order":0,"comment_status":"closed","ping_status":"closed","template":"","meta":{"_acf_changed":false,"site-sidebar-layout":"no-sidebar","site-content-layout":"page-builder","ast-site-content-layout":"default","site-content-style":"default","site-sidebar-style":"default","ast-global-header-display":"","ast-banner-title-visibility":"","ast-main-header-display":"","ast-hfb-above-header-display":"","ast-hfb-below-header-display":"","ast-hfb-mobile-header-display":"","site-post-title":"disabled","ast-breadcrumbs-content":"","ast-featured-img":"disabled","footer-sml-layout":"","ast-disable-related-posts":"","theme-transparent-header-meta":"","adv-header-id-meta":"","stick-header-meta":"","header-above-stick-meta":"","header-main-stick-meta":"","header-below-stick-meta":"","astra-migrate-meta-layouts":"default","ast-page-background-enabled":"default","ast-page-background-meta":{"desktop":{"background-color":"","background-image":"","background-repeat":"repeat","background-position":"center center","background-size":"auto","background-attachment":"scroll","background-type":"","background-media":"","overlay-type":"","overlay-color":"","overlay-opacity":"","overlay-gradient":""},"tablet":{"background-color":"","background-image":"","background-repeat":"repeat","background-position":"center center","background-size":"auto","background-attachment":"scroll","background-type":"","background-media":"","overlay-type":"","overlay-color":"","overlay-opacity":"","overlay-gradient":""},"mobile":{"background-color":"","background-image":"","background-repeat":"repeat","background-position":"center center","background-size":"auto","background-attachment":"scroll","background-type":"","background-media":"","overlay-type":"","overlay-color":"","overlay-opacity":"","overlay-gradient":""}},"ast-content-background-meta":{"desktop":{"background-color":"var(--ast-global-color-5)","background-image":"","background-repeat":"repeat","background-position":"center center","background-size":"auto","background-attachment":"scroll","background-type":"","background-media":"","overlay-type":"","overlay-color":"","overlay-opacity":"","overlay-gradient":""},"tablet":{"background-color":"var(--ast-global-color-5)","background-image":"","background-repeat":"repeat","background-position":"center center","background-size":"auto","background-attachment":"scroll","background-type":"","background-media":"","overlay-type":"","overlay-color":"","overlay-opacity":"","overlay-gradient":""},"mobile":{"background-color":"var(--ast-global-color-5)","background-image":"","background-repeat":"repeat","background-position":"center center","background-size":"auto","background-attachment":"scroll","background-type":"","background-media":"","overlay-type":"","overlay-color":"","overlay-opacity":"","overlay-gradient":""}},"footnotes":""},"class_list":["post-12016","page","type-page","status-publish","hentry"],"acf":[],"_links":{"self":[{"href":"https:\/\/solicomp.de\/es\/wp-json\/wp\/v2\/pages\/12016","targetHints":{"allow":["GET"]}}],"collection":[{"href":"https:\/\/solicomp.de\/es\/wp-json\/wp\/v2\/pages"}],"about":[{"href":"https:\/\/solicomp.de\/es\/wp-json\/wp\/v2\/types\/page"}],"author":[{"embeddable":true,"href":"https:\/\/solicomp.de\/es\/wp-json\/wp\/v2\/users\/14"}],"replies":[{"embeddable":true,"href":"https:\/\/solicomp.de\/es\/wp-json\/wp\/v2\/comments?post=12016"}],"version-history":[{"count":3,"href":"https:\/\/solicomp.de\/es\/wp-json\/wp\/v2\/pages\/12016\/revisions"}],"predecessor-version":[{"id":12019,"href":"https:\/\/solicomp.de\/es\/wp-json\/wp\/v2\/pages\/12016\/revisions\/12019"}],"up":[{"embeddable":true,"href":"https:\/\/solicomp.de\/es\/wp-json\/wp\/v2\/pages\/3390"}],"wp:attachment":[{"href":"https:\/\/solicomp.de\/es\/wp-json\/wp\/v2\/media?parent=12016"}],"curies":[{"name":"wp","href":"https:\/\/api.w.org\/{rel}","templated":true}]}}