{"id":3348,"date":"2020-02-17T13:25:10","date_gmt":"2020-02-17T12:25:10","guid":{"rendered":"https:\/\/solicomp.de\/?page_id=3348"},"modified":"2024-01-09T12:10:48","modified_gmt":"2024-01-09T11:10:48","slug":"solicomp","status":"publish","type":"page","link":"https:\/\/solicomp.de\/es\/solicomp\/","title":{"rendered":"empresa"},"content":{"rendered":"\t\t<div data-elementor-type=\"wp-page\" data-elementor-id=\"3348\" class=\"elementor elementor-3348 elementor-31\" data-elementor-settings=\"{&quot;ha_cmc_init_switcher&quot;:&quot;no&quot;}\" data-elementor-post-type=\"page\">\n\t\t\t\t\t\t<section class=\"elementor-section elementor-top-section elementor-element elementor-element-4f85020 ang-section-padding-default elementor-section-boxed elementor-section-height-default elementor-section-height-default elementor-repeater-item-none elementor-repeater-item-none_hover\" data-id=\"4f85020\" data-element_type=\"section\" data-e-type=\"section\" data-settings=\"{&quot;_ha_eqh_enable&quot;:false}\">\n\t\t\t\t\t\t<div class=\"elementor-container elementor-column-gap-default\">\n\t\t\t\t\t<div class=\"elementor-column elementor-col-50 elementor-top-column elementor-element elementor-element-d6d4d86 elementor-repeater-item-none elementor-repeater-item-none_hover\" data-id=\"d6d4d86\" data-element_type=\"column\" data-e-type=\"column\">\n\t\t\t<div class=\"elementor-widget-wrap elementor-element-populated\">\n\t\t\t\t\t\t<div class=\"elementor-element elementor-element-203fcf6 elementor-repeater-item-none elementor-repeater-item-none_hover elementor-widget elementor-widget-heading\" data-id=\"203fcf6\" data-element_type=\"widget\" data-e-type=\"widget\" data-widget_type=\"heading.default\">\n\t\t\t\t<div class=\"elementor-widget-container\">\n\t\t\t\t\t<h3 class=\"elementor-heading-title elementor-size-default\">Una empresa con historia y ambiciones.<\/h3>\t\t\t\t<\/div>\n\t\t\t\t<\/div>\n\t\t\t\t<div class=\"elementor-element elementor-element-94d77e6 elementor-repeater-item-none elementor-repeater-item-none_hover elementor-widget elementor-widget-text-editor\" data-id=\"94d77e6\" data-element_type=\"widget\" data-e-type=\"widget\" data-widget_type=\"text-editor.default\">\n\t\t\t\t<div class=\"elementor-widget-container\">\n\t\t\t\t\t\t\t\t\t<p>Solicomp GmbH fue fundada en 1975 por Dipl. ingeniero Michael Dacqu\u00e9 como distribuidor especial de semiconductores de potencia.<\/p><p>En el curso de m\u00e1s de 40 a\u00f1os de actividad empresarial, Solicomp GmbH ha ampliado selectivamente sus \u00e1reas de negocio. Enfoc\u00f3 sus actividades y agreg\u00f3 con \u00e9xito las \u00e1reas clave de soluciones LED y electromec\u00e1nica.<\/p>\t\t\t\t\t\t\t\t<\/div>\n\t\t\t\t<\/div>\n\t\t\t\t\t<\/div>\n\t\t<\/div>\n\t\t\t\t<div class=\"elementor-column elementor-col-50 elementor-top-column elementor-element elementor-element-8de8cf5 elementor-repeater-item-none elementor-repeater-item-none_hover\" data-id=\"8de8cf5\" data-element_type=\"column\" data-e-type=\"column\">\n\t\t\t<div class=\"elementor-widget-wrap elementor-element-populated\">\n\t\t\t\t\t\t<div class=\"elementor-element elementor-element-db0281f external_elementor-repeater-item-none_external elementor-repeater-item-none elementor-repeater-item-none_hover elementor-widget elementor-widget-image\" data-id=\"db0281f\" data-element_type=\"widget\" data-e-type=\"widget\" data-widget_type=\"image.default\">\n\t\t\t\t<div class=\"elementor-widget-container\">\n\t\t\t\t\t\t\t\t\t\t\t\t\t\t\t\t<a href=\"https:\/\/solicomp.de\/wp-content\/uploads\/2021\/09\/Team_Solicomp.jpg\" data-elementor-open-lightbox=\"yes\" data-elementor-lightbox-title=\"Teamfoto Solicomp\" data-e-action-hash=\"#elementor-action%3Aaction%3Dlightbox%26settings%3DeyJpZCI6ODM4OCwidXJsIjoiaHR0cHM6XC9cL3NvbGljb21wLmRlXC93cC1jb250ZW50XC91cGxvYWRzXC8yMDIxXC8wOVwvVGVhbV9Tb2xpY29tcC5qcGcifQ%3D%3D\">\n\t\t\t\t\t\t\t<img fetchpriority=\"high\" decoding=\"async\" width=\"1024\" height=\"764\" src=\"https:\/\/solicomp.de\/wp-content\/uploads\/2021\/09\/Team_Solicomp-1024x764.jpg\" class=\"attachment-large size-large wp-image-8388\" alt=\"Teamfoto Solicomp\" srcset=\"https:\/\/solicomp.de\/wp-content\/uploads\/2021\/09\/Team_Solicomp-1024x764.jpg 1024w, https:\/\/solicomp.de\/wp-content\/uploads\/2021\/09\/Team_Solicomp-300x224.jpg 300w, https:\/\/solicomp.de\/wp-content\/uploads\/2021\/09\/Team_Solicomp-768x573.jpg 768w, https:\/\/solicomp.de\/wp-content\/uploads\/2021\/09\/Team_Solicomp-1536x1146.jpg 1536w, https:\/\/solicomp.de\/wp-content\/uploads\/2021\/09\/Team_Solicomp.jpg 1920w\" sizes=\"(max-width: 1024px) 100vw, 1024px\" title=\"\">\t\t\t\t\t\t\t\t<\/a>\n\t\t\t\t\t\t\t\t\t\t\t\t\t\t\t<\/div>\n\t\t\t\t<\/div>\n\t\t\t\t\t<\/div>\n\t\t<\/div>\n\t\t\t\t\t<\/div>\n\t\t<\/section>\n\t\t\t\t<section class=\"elementor-section elementor-top-section elementor-element elementor-element-19084c7 elementor-section-boxed ang-section-padding-initial elementor-section-height-default elementor-section-height-default elementor-repeater-item-none elementor-repeater-item-none_hover\" data-id=\"19084c7\" data-element_type=\"section\" data-e-type=\"section\" data-settings=\"{&quot;_ha_eqh_enable&quot;:false}\">\n\t\t\t\t\t\t<div class=\"elementor-container elementor-column-gap-default\">\n\t\t\t\t\t<div class=\"elementor-column elementor-col-100 elementor-top-column elementor-element elementor-element-c7198da elementor-repeater-item-none elementor-repeater-item-none_hover\" data-id=\"c7198da\" data-element_type=\"column\" data-e-type=\"column\">\n\t\t\t<div class=\"elementor-widget-wrap elementor-element-populated\">\n\t\t\t\t\t\t<div class=\"elementor-element elementor-element-eea96da elementor-repeater-item-none elementor-repeater-item-none_hover elementor-widget elementor-widget-text-editor\" data-id=\"eea96da\" data-element_type=\"widget\" data-e-type=\"widget\" data-widget_type=\"text-editor.default\">\n\t\t\t\t<div class=\"elementor-widget-container\">\n\t\t\t\t\t\t\t\t\t<p>Solicomp proporciona soluciones LED de valor a\u00f1adido a la industria y al sector de la iluminaci\u00f3n. Con un alto nivel de competencia profesional, ofrecemos el paquete completo desde el producto est\u00e1ndar hasta el producto especial hecho a medida.<\/p>\n<p>Nuestra gama de productos incluye productos LED para casi todas las \u00e1reas de aplicaci\u00f3n y las \u00f3pticas, lentes y disipadores de calor asociados, que tambi\u00e9n se pueden fabricar para aplicaciones espec\u00edficas.<\/p>\n<p>En cooperaci\u00f3n con nuestros socios tecnol\u00f3gicos, tambi\u00e9n ofrecemos m\u00f3dulos LED personalizados y conjuntos de LED.<\/p>\n<p>Solicomp es distribuidor autorizado de <b>ams OSRAM<\/b> , uno de los l\u00edderes en el mercado y la tecnolog\u00eda en todo lo relacionado con los LED. Adem\u00e1s del programa est\u00e1ndar actual, encontrar\u00e1 una gran cantidad de productos ya discontinuados de <b>OSRAM Opto Semiconductors<\/b> en stock.<\/p>\n<p>Para garantizar la mejor confiabilidad de entrega y una alta satisfacci\u00f3n del cliente, Solicomp siempre ha confiado en un extenso almacenamiento y una log\u00edstica orientada al cliente.<\/p>\t\t\t\t\t\t\t\t<\/div>\n\t\t\t\t<\/div>\n\t\t\t\t\t<\/div>\n\t\t<\/div>\n\t\t\t\t\t<\/div>\n\t\t<\/section>\n\t\t\t\t<section class=\"elementor-section elementor-top-section elementor-element elementor-element-f230caf elementor-reverse-mobile ang-section-padding-default elementor-reverse-tablet elementor-section-boxed elementor-section-height-default elementor-section-height-default elementor-repeater-item-none elementor-repeater-item-none_hover\" data-id=\"f230caf\" data-element_type=\"section\" data-e-type=\"section\" data-settings=\"{&quot;_ha_eqh_enable&quot;:false}\">\n\t\t\t\t\t\t<div class=\"elementor-container elementor-column-gap-default\">\n\t\t\t\t\t<div class=\"elementor-column elementor-col-50 elementor-top-column elementor-element elementor-element-300b042 elementor-repeater-item-none elementor-repeater-item-none_hover\" data-id=\"300b042\" data-element_type=\"column\" data-e-type=\"column\">\n\t\t\t<div class=\"elementor-widget-wrap elementor-element-populated\">\n\t\t\t\t\t\t<div class=\"elementor-element elementor-element-ade9599 external_elementor-repeater-item-none_external elementor-repeater-item-none elementor-repeater-item-none_hover elementor-widget elementor-widget-image\" data-id=\"ade9599\" data-element_type=\"widget\" data-e-type=\"widget\" data-widget_type=\"image.default\">\n\t\t\t\t<div class=\"elementor-widget-container\">\n\t\t\t\t\t\t\t\t\t\t\t\t\t\t\t\t<a href=\"https:\/\/solicomp.de\/wp-content\/uploads\/2020\/12\/Solicomp_Cert_en.jpg\" data-elementor-open-lightbox=\"yes\" data-elementor-lightbox-title=\"Solicomp Certificate\" data-e-action-hash=\"#elementor-action%3Aaction%3Dlightbox%26settings%3DeyJpZCI6NDc0NywidXJsIjoiaHR0cHM6XC9cL3NvbGljb21wLmRlXC93cC1jb250ZW50XC91cGxvYWRzXC8yMDIwXC8xMlwvU29saWNvbXBfQ2VydF9lbi5qcGcifQ%3D%3D\">\n\t\t\t\t\t\t\t<img decoding=\"async\" width=\"768\" height=\"1086\" src=\"https:\/\/solicomp.de\/wp-content\/uploads\/2020\/12\/Solicomp_Cert_en-768x1086.jpg\" class=\"attachment-medium_large size-medium_large wp-image-4747\" alt=\"\" srcset=\"https:\/\/solicomp.de\/wp-content\/uploads\/2020\/12\/Solicomp_Cert_en-768x1086.jpg 768w, https:\/\/solicomp.de\/wp-content\/uploads\/2020\/12\/Solicomp_Cert_en-212x300.jpg 212w, https:\/\/solicomp.de\/wp-content\/uploads\/2020\/12\/Solicomp_Cert_en-724x1024.jpg 724w, https:\/\/solicomp.de\/wp-content\/uploads\/2020\/12\/Solicomp_Cert_en-1086x1536.jpg 1086w, https:\/\/solicomp.de\/wp-content\/uploads\/2020\/12\/Solicomp_Cert_en-1448x2048.jpg 1448w, https:\/\/solicomp.de\/wp-content\/uploads\/2020\/12\/Solicomp_Cert_en.jpg 1653w\" sizes=\"(max-width: 768px) 100vw, 768px\" title=\"\">\t\t\t\t\t\t\t\t<\/a>\n\t\t\t\t\t\t\t\t\t\t\t\t\t\t\t<\/div>\n\t\t\t\t<\/div>\n\t\t\t\t<div class=\"elementor-element elementor-element-cb4b9e2 elementor-align-center elementor-tablet-align-center elementor-mobile-align-justify elementor-repeater-item-none elementor-repeater-item-none_hover elementor-widget elementor-widget-button\" data-id=\"cb4b9e2\" data-element_type=\"widget\" data-e-type=\"widget\" data-widget_type=\"button.default\">\n\t\t\t\t<div class=\"elementor-widget-container\">\n\t\t\t\t\t\t\t\t\t<div class=\"elementor-button-wrapper\">\n\t\t\t\t\t<a class=\"elementor-button elementor-button-link elementor-size-sm\" href=\"https:\/\/solicomp.de\/wp-content\/uploads\/2020\/12\/Solicomp_Cert_en.pdf\" target=\"_blank\">\n\t\t\t\t\t\t<span class=\"elementor-button-content-wrapper\">\n\t\t\t\t\t\t\t\t\t<span class=\"elementor-button-text\">Ver certificado (PDF)<\/span>\n\t\t\t\t\t<\/span>\n\t\t\t\t\t<\/a>\n\t\t\t\t<\/div>\n\t\t\t\t\t\t\t\t<\/div>\n\t\t\t\t<\/div>\n\t\t\t\t\t<\/div>\n\t\t<\/div>\n\t\t\t\t<div class=\"elementor-column elementor-col-50 elementor-top-column elementor-element elementor-element-2f3e7ce elementor-repeater-item-none elementor-repeater-item-none_hover\" data-id=\"2f3e7ce\" data-element_type=\"column\" data-e-type=\"column\">\n\t\t\t<div class=\"elementor-widget-wrap elementor-element-populated\">\n\t\t\t\t\t\t<div class=\"elementor-element elementor-element-f32bd45 elementor-repeater-item-none elementor-repeater-item-none_hover elementor-widget elementor-widget-heading\" data-id=\"f32bd45\" data-element_type=\"widget\" data-e-type=\"widget\" data-widget_type=\"heading.default\">\n\t\t\t\t<div class=\"elementor-widget-container\">\n\t\t\t\t\t<h3 class=\"elementor-heading-title elementor-size-default\">ISO900:2015<\/h3>\t\t\t\t<\/div>\n\t\t\t\t<\/div>\n\t\t\t\t<div class=\"elementor-element elementor-element-243c7e6 elementor-repeater-item-none elementor-repeater-item-none_hover elementor-widget elementor-widget-text-editor\" data-id=\"243c7e6\" data-element_type=\"widget\" data-e-type=\"widget\" data-widget_type=\"text-editor.default\">\n\t\t\t\t<div class=\"elementor-widget-container\">\n\t\t\t\t\t\t\t\t\t<p>Las altas exigencias en la calidad de nuestros productos y servicios no permiten compromisos. Todos los procesos de la empresa est\u00e1n documentados y rastreables en consecuencia. El almacenamiento y la manipulaci\u00f3n de los productos est\u00e1n sujetos a estrictas normas y solo son realizados por personal capacitado. El cumplimiento de los requisitos se verifica mediante revisiones peri\u00f3dicas internas y externas. De acuerdo con est\u00e1ndares reconocidos internacionalmente, Solicomp GmbH trabaja de acuerdo con un sistema de gesti\u00f3n de calidad certificado.<\/p>\n<p>El organismo de certificaci\u00f3n de T\u00dcV S\u00dcD Management Service GmbH certifica que la empresa solicomp GmbH ha introducido y utiliza con \u00e9xito un sistema de gesti\u00f3n de calidad para el \u00e1mbito de \u00abVentas de componentes electr\u00f3nicos\u00bb. A trav\u00e9s de una auditor\u00eda, el informe no. 70007024, se proporcion\u00f3 prueba de que se cumplieron los requisitos de la norma ISO 9001:2015.<\/p>\n<p>Este certificado es v\u00e1lido junto con el certificado principal<br>del 23 de&nbsp;noviembre de 2023 al 22 de noviembre de 2026.<br>N\u00ba de registro del certificado 12 100 8686 TMS.<\/p>\t\t\t\t\t\t\t\t<\/div>\n\t\t\t\t<\/div>\n\t\t\t\t\t<\/div>\n\t\t<\/div>\n\t\t\t\t\t<\/div>\n\t\t<\/section>\n\t\t\t\t<\/div>\n\t\t","protected":false},"excerpt":{"rendered":"<p>Una empresa con historia y ambiciones. Solicomp GmbH fue fundada en 1975 por Dipl. ingeniero Michael Dacqu\u00e9 como distribuidor especial de semiconductores de potencia. En el curso de m\u00e1s de 40 a\u00f1os de actividad empresarial, Solicomp GmbH ha ampliado selectivamente sus \u00e1reas de negocio. Enfoc\u00f3 sus actividades y agreg\u00f3 con \u00e9xito las \u00e1reas clave de [&hellip;]<\/p>\n","protected":false},"author":8,"featured_media":0,"parent":0,"menu_order":0,"comment_status":"closed","ping_status":"closed","template":"","meta":{"_acf_changed":false,"site-sidebar-layout":"no-sidebar","site-content-layout":"page-builder","ast-site-content-layout":"default","site-content-style":"default","site-sidebar-style":"default","ast-global-header-display":"","ast-banner-title-visibility":"","ast-main-header-display":"disabled","ast-hfb-above-header-display":"","ast-hfb-below-header-display":"","ast-hfb-mobile-header-display":"","site-post-title":"disabled","ast-breadcrumbs-content":"disabled","ast-featured-img":"disabled","footer-sml-layout":"","ast-disable-related-posts":"","theme-transparent-header-meta":"default","adv-header-id-meta":"","stick-header-meta":"default","header-above-stick-meta":"","header-main-stick-meta":"","header-below-stick-meta":"","astra-migrate-meta-layouts":"default","ast-page-background-enabled":"default","ast-page-background-meta":{"desktop":{"background-color":"","background-image":"","background-repeat":"repeat","background-position":"center center","background-size":"auto","background-attachment":"scroll","background-type":"","background-media":"","overlay-type":"","overlay-color":"","overlay-opacity":"","overlay-gradient":""},"tablet":{"background-color":"","background-image":"","background-repeat":"repeat","background-position":"center center","background-size":"auto","background-attachment":"scroll","background-type":"","background-media":"","overlay-type":"","overlay-color":"","overlay-opacity":"","overlay-gradient":""},"mobile":{"background-color":"","background-image":"","background-repeat":"repeat","background-position":"center center","background-size":"auto","background-attachment":"scroll","background-type":"","background-media":"","overlay-type":"","overlay-color":"","overlay-opacity":"","overlay-gradient":""}},"ast-content-background-meta":{"desktop":{"background-color":"var(--ast-global-color-5)","background-image":"","background-repeat":"repeat","background-position":"center center","background-size":"auto","background-attachment":"scroll","background-type":"","background-media":"","overlay-type":"","overlay-color":"","overlay-opacity":"","overlay-gradient":""},"tablet":{"background-color":"var(--ast-global-color-5)","background-image":"","background-repeat":"repeat","background-position":"center center","background-size":"auto","background-attachment":"scroll","background-type":"","background-media":"","overlay-type":"","overlay-color":"","overlay-opacity":"","overlay-gradient":""},"mobile":{"background-color":"var(--ast-global-color-5)","background-image":"","background-repeat":"repeat","background-position":"center center","background-size":"auto","background-attachment":"scroll","background-type":"","background-media":"","overlay-type":"","overlay-color":"","overlay-opacity":"","overlay-gradient":""}},"footnotes":""},"class_list":["post-3348","page","type-page","status-publish","hentry"],"acf":[],"_links":{"self":[{"href":"https:\/\/solicomp.de\/es\/wp-json\/wp\/v2\/pages\/3348","targetHints":{"allow":["GET"]}}],"collection":[{"href":"https:\/\/solicomp.de\/es\/wp-json\/wp\/v2\/pages"}],"about":[{"href":"https:\/\/solicomp.de\/es\/wp-json\/wp\/v2\/types\/page"}],"author":[{"embeddable":true,"href":"https:\/\/solicomp.de\/es\/wp-json\/wp\/v2\/users\/8"}],"replies":[{"embeddable":true,"href":"https:\/\/solicomp.de\/es\/wp-json\/wp\/v2\/comments?post=3348"}],"version-history":[{"count":5,"href":"https:\/\/solicomp.de\/es\/wp-json\/wp\/v2\/pages\/3348\/revisions"}],"predecessor-version":[{"id":12632,"href":"https:\/\/solicomp.de\/es\/wp-json\/wp\/v2\/pages\/3348\/revisions\/12632"}],"wp:attachment":[{"href":"https:\/\/solicomp.de\/es\/wp-json\/wp\/v2\/media?parent=3348"}],"curies":[{"name":"wp","href":"https:\/\/api.w.org\/{rel}","templated":true}]}}