{"id":3855,"date":"2021-04-15T11:32:54","date_gmt":"2021-04-15T09:32:54","guid":{"rendered":"https:\/\/solicomp.de\/?page_id=3855"},"modified":"2022-10-28T13:17:05","modified_gmt":"2022-10-28T11:17:05","slug":"asesoramiento-sobre-diseno","status":"publish","type":"page","link":"https:\/\/solicomp.de\/es\/asesoramiento-sobre-diseno\/","title":{"rendered":"Apoyo al dise\u00f1o"},"content":{"rendered":"\t\t<div data-elementor-type=\"wp-page\" data-elementor-id=\"3855\" class=\"elementor elementor-3855 elementor-839\" data-elementor-settings=\"{&quot;ha_cmc_init_switcher&quot;:&quot;no&quot;}\" data-elementor-post-type=\"page\">\n\t\t\t\t\t\t<section class=\"elementor-section elementor-top-section elementor-element elementor-element-051c516 ang-section-padding-no elementor-section-boxed elementor-section-height-default elementor-section-height-default elementor-repeater-item-none elementor-repeater-item-none_hover\" data-id=\"051c516\" data-element_type=\"section\" data-e-type=\"section\" data-settings=\"{&quot;_ha_eqh_enable&quot;:false}\">\n\t\t\t\t\t\t<div class=\"elementor-container elementor-column-gap-default\">\n\t\t\t\t\t<div class=\"elementor-column elementor-col-100 elementor-top-column elementor-element elementor-element-b5893f8 elementor-repeater-item-none elementor-repeater-item-none_hover\" data-id=\"b5893f8\" data-element_type=\"column\" data-e-type=\"column\">\n\t\t\t<div class=\"elementor-widget-wrap elementor-element-populated\">\n\t\t\t\t\t\t<div class=\"elementor-element elementor-element-5a311b2 elementor-repeater-item-none elementor-repeater-item-none_hover elementor-widget elementor-widget-text-editor\" data-id=\"5a311b2\" data-element_type=\"widget\" data-e-type=\"widget\" data-widget_type=\"text-editor.default\">\n\t\t\t\t<div class=\"elementor-widget-container\">\n\t\t\t\t\t\t\t\t\t<p>A menudo es un largo y arduo camino desde la idea hasta la comercializaci\u00f3n de un producto. Le apoyamos en todas las fases de desarrollo con asesoramiento y acciones. En colaboraci\u00f3n con nuestros socios y proveedores, le proporcionamos informaci\u00f3n, muestras y contactos expertos para que su idea sea un verdadero \u00e9xito. Sin complicaciones, orientado a las soluciones y rentable. <\/p>\n\t\t\t\t\t\t\t\t<\/div>\n\t\t\t\t<\/div>\n\t\t\t\t\t<\/div>\n\t\t<\/div>\n\t\t\t\t\t<\/div>\n\t\t<\/section>\n\t\t\t\t<section class=\"elementor-section elementor-top-section elementor-element elementor-element-248a393 ang-section-padding-default elementor-section-boxed elementor-section-height-default elementor-section-height-default elementor-repeater-item-none elementor-repeater-item-none_hover\" data-id=\"248a393\" data-element_type=\"section\" data-e-type=\"section\" data-settings=\"{&quot;_ha_eqh_enable&quot;:false}\">\n\t\t\t\t\t\t<div class=\"elementor-container elementor-column-gap-default\">\n\t\t\t\t\t<div class=\"elementor-column elementor-col-33 elementor-top-column elementor-element elementor-element-c1b4fc7 elementor-repeater-item-none elementor-repeater-item-none_hover\" data-id=\"c1b4fc7\" data-element_type=\"column\" data-e-type=\"column\">\n\t\t\t<div class=\"elementor-widget-wrap elementor-element-populated\">\n\t\t\t\t\t\t<div class=\"elementor-element elementor-element-806271f external_elementor-repeater-item-none_external elementor-repeater-item-none elementor-repeater-item-none_hover elementor-widget elementor-widget-image\" data-id=\"806271f\" data-element_type=\"widget\" data-e-type=\"widget\" data-widget_type=\"image.default\">\n\t\t\t\t<div class=\"elementor-widget-container\">\n\t\t\t\t\t\t\t\t\t\t\t\t\t\t\t\t<a href=\"https:\/\/solicomp.de\/wp-content\/uploads\/2020\/05\/AdobeStock_284656559-scaled.jpeg\" data-elementor-open-lightbox=\"yes\" data-elementor-lightbox-title=\"Close up creative designer applaud for job success at meeting table at office\" data-e-action-hash=\"#elementor-action%3Aaction%3Dlightbox%26settings%3DeyJpZCI6NDY4MSwidXJsIjoiaHR0cHM6XC9cL3NvbGljb21wLmRlXC93cC1jb250ZW50XC91cGxvYWRzXC8yMDIwXC8wNVwvQWRvYmVTdG9ja18yODQ2NTY1NTktc2NhbGVkLmpwZWcifQ%3D%3D\">\n\t\t\t\t\t\t\t<img fetchpriority=\"high\" decoding=\"async\" width=\"1024\" height=\"576\" src=\"https:\/\/solicomp.de\/wp-content\/uploads\/2020\/05\/AdobeStock_284656559-1024x576.jpeg\" class=\"attachment-large size-large wp-image-4681\" alt=\"\" srcset=\"https:\/\/solicomp.de\/wp-content\/uploads\/2020\/05\/AdobeStock_284656559-1024x576.jpeg 1024w, https:\/\/solicomp.de\/wp-content\/uploads\/2020\/05\/AdobeStock_284656559-300x169.jpeg 300w, https:\/\/solicomp.de\/wp-content\/uploads\/2020\/05\/AdobeStock_284656559-768x432.jpeg 768w, https:\/\/solicomp.de\/wp-content\/uploads\/2020\/05\/AdobeStock_284656559-1536x864.jpeg 1536w, https:\/\/solicomp.de\/wp-content\/uploads\/2020\/05\/AdobeStock_284656559-2048x1152.jpeg 2048w\" sizes=\"(max-width: 1024px) 100vw, 1024px\" title=\"\">\t\t\t\t\t\t\t\t<\/a>\n\t\t\t\t\t\t\t\t\t\t\t\t\t\t\t<\/div>\n\t\t\t\t<\/div>\n\t\t\t\t\t<\/div>\n\t\t<\/div>\n\t\t\t\t<div class=\"elementor-column elementor-col-33 elementor-top-column elementor-element elementor-element-7fcf0ef elementor-repeater-item-none elementor-repeater-item-none_hover\" data-id=\"7fcf0ef\" data-element_type=\"column\" data-e-type=\"column\">\n\t\t\t<div class=\"elementor-widget-wrap elementor-element-populated\">\n\t\t\t\t\t\t<div class=\"elementor-element elementor-element-02937bc elementor-absolute external_elementor-repeater-item-none_external elementor-repeater-item-none elementor-repeater-item-none_hover elementor-widget elementor-widget-image\" data-id=\"02937bc\" data-element_type=\"widget\" data-e-type=\"widget\" data-settings=\"{&quot;_position&quot;:&quot;absolute&quot;}\" data-widget_type=\"image.default\">\n\t\t\t\t<div class=\"elementor-widget-container\">\n\t\t\t\t\t\t\t\t\t\t\t\t\t\t\t\t<a href=\"https:\/\/solicomp.de\/wp-content\/uploads\/2020\/05\/AdobeStock_234100298-scaled.jpeg\" data-elementor-open-lightbox=\"yes\" data-elementor-lightbox-title=\"Businesspeople brainstorming together with sticky notes in an of\" data-e-action-hash=\"#elementor-action%3Aaction%3Dlightbox%26settings%3DeyJpZCI6NDY4MiwidXJsIjoiaHR0cHM6XC9cL3NvbGljb21wLmRlXC93cC1jb250ZW50XC91cGxvYWRzXC8yMDIwXC8wNVwvQWRvYmVTdG9ja18yMzQxMDAyOTgtc2NhbGVkLmpwZWcifQ%3D%3D\">\n\t\t\t\t\t\t\t<img decoding=\"async\" width=\"1024\" height=\"589\" src=\"https:\/\/solicomp.de\/wp-content\/uploads\/2020\/05\/AdobeStock_234100298-1024x589.jpeg\" class=\"attachment-large size-large wp-image-4682\" alt=\"\" srcset=\"https:\/\/solicomp.de\/wp-content\/uploads\/2020\/05\/AdobeStock_234100298-1024x589.jpeg 1024w, https:\/\/solicomp.de\/wp-content\/uploads\/2020\/05\/AdobeStock_234100298-300x173.jpeg 300w, https:\/\/solicomp.de\/wp-content\/uploads\/2020\/05\/AdobeStock_234100298-768x442.jpeg 768w, https:\/\/solicomp.de\/wp-content\/uploads\/2020\/05\/AdobeStock_234100298-1536x884.jpeg 1536w, https:\/\/solicomp.de\/wp-content\/uploads\/2020\/05\/AdobeStock_234100298-2048x1178.jpeg 2048w\" sizes=\"(max-width: 1024px) 100vw, 1024px\" title=\"\">\t\t\t\t\t\t\t\t<\/a>\n\t\t\t\t\t\t\t\t\t\t\t\t\t\t\t<\/div>\n\t\t\t\t<\/div>\n\t\t\t\t\t<\/div>\n\t\t<\/div>\n\t\t\t\t<div class=\"elementor-column elementor-col-33 elementor-top-column elementor-element elementor-element-021f827 elementor-repeater-item-none elementor-repeater-item-none_hover\" data-id=\"021f827\" data-element_type=\"column\" data-e-type=\"column\">\n\t\t\t<div class=\"elementor-widget-wrap elementor-element-populated\">\n\t\t\t\t\t\t<div class=\"elementor-element elementor-element-13f7a87 external_elementor-repeater-item-none_external elementor-repeater-item-none elementor-repeater-item-none_hover elementor-widget elementor-widget-image\" data-id=\"13f7a87\" data-element_type=\"widget\" data-e-type=\"widget\" data-widget_type=\"image.default\">\n\t\t\t\t<div class=\"elementor-widget-container\">\n\t\t\t\t\t\t\t\t\t\t\t\t\t\t\t\t<a href=\"https:\/\/solicomp.de\/wp-content\/uploads\/2020\/05\/AdobeStock_350585129-scaled.jpeg\" data-elementor-open-lightbox=\"yes\" data-elementor-lightbox-title=\"Business people are analyzing and planning business. Business Strategy Consulting\" data-e-action-hash=\"#elementor-action%3Aaction%3Dlightbox%26settings%3DeyJpZCI6NDY4MywidXJsIjoiaHR0cHM6XC9cL3NvbGljb21wLmRlXC93cC1jb250ZW50XC91cGxvYWRzXC8yMDIwXC8wNVwvQWRvYmVTdG9ja18zNTA1ODUxMjktc2NhbGVkLmpwZWcifQ%3D%3D\">\n\t\t\t\t\t\t\t<img decoding=\"async\" width=\"1024\" height=\"576\" src=\"https:\/\/solicomp.de\/wp-content\/uploads\/2020\/05\/AdobeStock_350585129-1024x576.jpeg\" class=\"attachment-large size-large wp-image-4683\" alt=\"\" srcset=\"https:\/\/solicomp.de\/wp-content\/uploads\/2020\/05\/AdobeStock_350585129-1024x576.jpeg 1024w, https:\/\/solicomp.de\/wp-content\/uploads\/2020\/05\/AdobeStock_350585129-300x169.jpeg 300w, https:\/\/solicomp.de\/wp-content\/uploads\/2020\/05\/AdobeStock_350585129-768x432.jpeg 768w, https:\/\/solicomp.de\/wp-content\/uploads\/2020\/05\/AdobeStock_350585129-1536x864.jpeg 1536w, https:\/\/solicomp.de\/wp-content\/uploads\/2020\/05\/AdobeStock_350585129-2048x1152.jpeg 2048w\" sizes=\"(max-width: 1024px) 100vw, 1024px\" title=\"\">\t\t\t\t\t\t\t\t<\/a>\n\t\t\t\t\t\t\t\t\t\t\t\t\t\t\t<\/div>\n\t\t\t\t<\/div>\n\t\t\t\t\t<\/div>\n\t\t<\/div>\n\t\t\t\t\t<\/div>\n\t\t<\/section>\n\t\t\t\t<section class=\"elementor-section elementor-top-section elementor-element elementor-element-ff00830 ang-section-padding-default elementor-section-boxed elementor-section-height-default elementor-section-height-default elementor-repeater-item-none elementor-repeater-item-none_hover\" data-id=\"ff00830\" data-element_type=\"section\" data-e-type=\"section\" data-settings=\"{&quot;_ha_eqh_enable&quot;:false}\">\n\t\t\t\t\t\t<div class=\"elementor-container elementor-column-gap-default\">\n\t\t\t\t\t<div class=\"elementor-column elementor-col-50 elementor-top-column elementor-element elementor-element-59dc5b8 elementor-repeater-item-none elementor-repeater-item-none_hover\" data-id=\"59dc5b8\" data-element_type=\"column\" data-e-type=\"column\">\n\t\t\t<div class=\"elementor-widget-wrap elementor-element-populated\">\n\t\t\t\t\t\t<div class=\"elementor-element elementor-element-a3b7eb8 elementor-repeater-item-none elementor-repeater-item-none_hover elementor-widget elementor-widget-heading\" data-id=\"a3b7eb8\" data-element_type=\"widget\" data-e-type=\"widget\" data-widget_type=\"heading.default\">\n\t\t\t\t<div class=\"elementor-widget-container\">\n\t\t\t\t\t<h3 class=\"elementor-heading-title elementor-size-default\">No se puede, no se puede...<\/h3>\t\t\t\t<\/div>\n\t\t\t\t<\/div>\n\t\t\t\t<div class=\"elementor-element elementor-element-418cb8c elementor-repeater-item-none elementor-repeater-item-none_hover elementor-widget elementor-widget-text-editor\" data-id=\"418cb8c\" data-element_type=\"widget\" data-e-type=\"widget\" data-widget_type=\"text-editor.default\">\n\t\t\t\t<div class=\"elementor-widget-container\">\n\t\t\t\t\t\t\t\t\t<p>Muchos proyectos de \u00e9xito con nuestros clientes nos lo han ense\u00f1ado. Siempre hay una soluci\u00f3n y queremos formar parte de ella.<\/p>\n<p>Aproveche nuestros muchos a\u00f1os de experiencia, nuestra pasi\u00f3n y nuestro esp\u00edritu de equipo tambi\u00e9n para su proyecto. <\/p>\n\t\t\t\t\t\t\t\t<\/div>\n\t\t\t\t<\/div>\n\t\t\t\t\t<\/div>\n\t\t<\/div>\n\t\t\t\t<div class=\"elementor-column elementor-col-50 elementor-top-column elementor-element elementor-element-577a8c5 elementor-repeater-item-none elementor-repeater-item-none_hover\" data-id=\"577a8c5\" data-element_type=\"column\" data-e-type=\"column\">\n\t\t\t<div class=\"elementor-widget-wrap elementor-element-populated\">\n\t\t\t\t\t\t<div class=\"elementor-element elementor-element-385291f external_elementor-repeater-item-none_external elementor-repeater-item-none elementor-repeater-item-none_hover elementor-widget elementor-widget-image\" data-id=\"385291f\" data-element_type=\"widget\" data-e-type=\"widget\" data-widget_type=\"image.default\">\n\t\t\t\t<div class=\"elementor-widget-container\">\n\t\t\t\t\t\t\t\t\t\t\t\t\t\t\t\t<a href=\"https:\/\/solicomp.de\/wp-content\/uploads\/2020\/05\/AdobeStock_284676678-scaled.jpeg\" data-elementor-open-lightbox=\"yes\" data-elementor-lightbox-title=\"Internet broadband and data streaming entertainment\" data-e-action-hash=\"#elementor-action%3Aaction%3Dlightbox%26settings%3DeyJpZCI6NDY4NCwidXJsIjoiaHR0cHM6XC9cL3NvbGljb21wLmRlXC93cC1jb250ZW50XC91cGxvYWRzXC8yMDIwXC8wNVwvQWRvYmVTdG9ja18yODQ2NzY2Nzgtc2NhbGVkLmpwZWcifQ%3D%3D\">\n\t\t\t\t\t\t\t<img loading=\"lazy\" decoding=\"async\" width=\"1024\" height=\"683\" src=\"https:\/\/solicomp.de\/wp-content\/uploads\/2020\/05\/AdobeStock_284676678-1024x683.jpeg\" class=\"attachment-large size-large wp-image-4684\" alt=\"\" srcset=\"https:\/\/solicomp.de\/wp-content\/uploads\/2020\/05\/AdobeStock_284676678-1024x683.jpeg 1024w, https:\/\/solicomp.de\/wp-content\/uploads\/2020\/05\/AdobeStock_284676678-300x200.jpeg 300w, https:\/\/solicomp.de\/wp-content\/uploads\/2020\/05\/AdobeStock_284676678-768x512.jpeg 768w, https:\/\/solicomp.de\/wp-content\/uploads\/2020\/05\/AdobeStock_284676678-1536x1024.jpeg 1536w, https:\/\/solicomp.de\/wp-content\/uploads\/2020\/05\/AdobeStock_284676678-2048x1365.jpeg 2048w\" sizes=\"(max-width: 1024px) 100vw, 1024px\" title=\"\">\t\t\t\t\t\t\t\t<\/a>\n\t\t\t\t\t\t\t\t\t\t\t\t\t\t\t<\/div>\n\t\t\t\t<\/div>\n\t\t\t\t\t<\/div>\n\t\t<\/div>\n\t\t\t\t\t<\/div>\n\t\t<\/section>\n\t\t\t\t<\/div>\n\t\t","protected":false},"excerpt":{"rendered":"<p>A menudo es un largo y arduo camino desde la idea hasta la comercializaci\u00f3n de un producto. Le apoyamos en todas las fases de desarrollo con asesoramiento y acciones. En colaboraci\u00f3n con nuestros socios y proveedores, le proporcionamos informaci\u00f3n, muestras y contactos expertos para que su idea sea un verdadero \u00e9xito. Sin complicaciones, orientado a [&hellip;]<\/p>\n","protected":false},"author":8,"featured_media":0,"parent":0,"menu_order":0,"comment_status":"closed","ping_status":"closed","template":"","meta":{"_acf_changed":false,"site-sidebar-layout":"no-sidebar","site-content-layout":"page-builder","ast-site-content-layout":"default","site-content-style":"default","site-sidebar-style":"default","ast-global-header-display":"","ast-banner-title-visibility":"","ast-main-header-display":"","ast-hfb-above-header-display":"","ast-hfb-below-header-display":"","ast-hfb-mobile-header-display":"","site-post-title":"disabled","ast-breadcrumbs-content":"","ast-featured-img":"disabled","footer-sml-layout":"","ast-disable-related-posts":"","theme-transparent-header-meta":"default","adv-header-id-meta":"","stick-header-meta":"default","header-above-stick-meta":"","header-main-stick-meta":"","header-below-stick-meta":"","astra-migrate-meta-layouts":"default","ast-page-background-enabled":"default","ast-page-background-meta":{"desktop":{"background-color":"","background-image":"","background-repeat":"repeat","background-position":"center center","background-size":"auto","background-attachment":"scroll","background-type":"","background-media":"","overlay-type":"","overlay-color":"","overlay-opacity":"","overlay-gradient":""},"tablet":{"background-color":"","background-image":"","background-repeat":"repeat","background-position":"center center","background-size":"auto","background-attachment":"scroll","background-type":"","background-media":"","overlay-type":"","overlay-color":"","overlay-opacity":"","overlay-gradient":""},"mobile":{"background-color":"","background-image":"","background-repeat":"repeat","background-position":"center center","background-size":"auto","background-attachment":"scroll","background-type":"","background-media":"","overlay-type":"","overlay-color":"","overlay-opacity":"","overlay-gradient":""}},"ast-content-background-meta":{"desktop":{"background-color":"var(--ast-global-color-5)","background-image":"","background-repeat":"repeat","background-position":"center center","background-size":"auto","background-attachment":"scroll","background-type":"","background-media":"","overlay-type":"","overlay-color":"","overlay-opacity":"","overlay-gradient":""},"tablet":{"background-color":"var(--ast-global-color-5)","background-image":"","background-repeat":"repeat","background-position":"center center","background-size":"auto","background-attachment":"scroll","background-type":"","background-media":"","overlay-type":"","overlay-color":"","overlay-opacity":"","overlay-gradient":""},"mobile":{"background-color":"var(--ast-global-color-5)","background-image":"","background-repeat":"repeat","background-position":"center center","background-size":"auto","background-attachment":"scroll","background-type":"","background-media":"","overlay-type":"","overlay-color":"","overlay-opacity":"","overlay-gradient":""}},"footnotes":""},"class_list":["post-3855","page","type-page","status-publish","hentry"],"acf":[],"_links":{"self":[{"href":"https:\/\/solicomp.de\/es\/wp-json\/wp\/v2\/pages\/3855","targetHints":{"allow":["GET"]}}],"collection":[{"href":"https:\/\/solicomp.de\/es\/wp-json\/wp\/v2\/pages"}],"about":[{"href":"https:\/\/solicomp.de\/es\/wp-json\/wp\/v2\/types\/page"}],"author":[{"embeddable":true,"href":"https:\/\/solicomp.de\/es\/wp-json\/wp\/v2\/users\/8"}],"replies":[{"embeddable":true,"href":"https:\/\/solicomp.de\/es\/wp-json\/wp\/v2\/comments?post=3855"}],"version-history":[{"count":2,"href":"https:\/\/solicomp.de\/es\/wp-json\/wp\/v2\/pages\/3855\/revisions"}],"predecessor-version":[{"id":10255,"href":"https:\/\/solicomp.de\/es\/wp-json\/wp\/v2\/pages\/3855\/revisions\/10255"}],"wp:attachment":[{"href":"https:\/\/solicomp.de\/es\/wp-json\/wp\/v2\/media?parent=3855"}],"curies":[{"name":"wp","href":"https:\/\/api.w.org\/{rel}","templated":true}]}}