{"id":3871,"date":"2021-04-15T11:45:45","date_gmt":"2021-04-15T09:45:45","guid":{"rendered":"https:\/\/solicomp.de\/?page_id=3871"},"modified":"2022-10-28T13:18:27","modified_gmt":"2022-10-28T11:18:27","slug":"busqueda-de-productos","status":"publish","type":"page","link":"https:\/\/solicomp.de\/es\/busqueda-de-productos\/","title":{"rendered":"B\u00fasqueda de productos"},"content":{"rendered":"\t\t<div data-elementor-type=\"wp-page\" data-elementor-id=\"3871\" class=\"elementor elementor-3871 elementor-3118\" data-elementor-settings=\"{&quot;ha_cmc_init_switcher&quot;:&quot;no&quot;}\" data-elementor-post-type=\"page\">\n\t\t\t\t\t\t<section class=\"elementor-section elementor-top-section elementor-element elementor-element-3013780 elementor-section-boxed ang-section-padding-initial elementor-section-height-default elementor-section-height-default elementor-repeater-item-none elementor-repeater-item-none_hover\" data-id=\"3013780\" data-element_type=\"section\" data-e-type=\"section\" data-settings=\"{&quot;_ha_eqh_enable&quot;:false}\">\n\t\t\t\t\t\t<div class=\"elementor-container elementor-column-gap-default\">\n\t\t\t\t\t<div class=\"elementor-column elementor-col-100 elementor-top-column elementor-element elementor-element-d21bfa9 elementor-repeater-item-none elementor-repeater-item-none_hover\" data-id=\"d21bfa9\" data-element_type=\"column\" data-e-type=\"column\">\n\t\t\t<div class=\"elementor-widget-wrap elementor-element-populated\">\n\t\t\t\t\t\t<div class=\"elementor-element elementor-element-50a9a16 elementor-repeater-item-none elementor-repeater-item-none_hover elementor-widget elementor-widget-product_search\" data-id=\"50a9a16\" data-element_type=\"widget\" data-e-type=\"widget\" data-widget_type=\"product_search.default\">\n\t\t\t\t<div class=\"elementor-widget-container\">\n\t\t\t\t\t<div id=\"product-search-widget\" class=\"product-search-widget\" data-lang=\"es_ES\"><div id=\"loaderProductSearch\" style=\"display: none\"><\/div><a href=\"#mail-form\" id=\"to_the_form\"><i class=\"fas fa-arrow-down\"><\/i><span class=\"text\">Al formulario de consulta<\/span><\/a><div id=\"success-modal\"><div class=\"modal-content\"><span class=\"close\">&times;<\/span><h3>Solicitud enviada con \u00e9xito<\/h3><div>Su solicitud ser\u00e1 procesada con alta prioridad por nuestro departamento de ventas. Nos pondremos en contacto con usted lo antes posible y directamente con la informaci\u00f3n solicitada.<\/div><\/div><\/div><h2>Solicitud de productos: <\/h2><p>S\u00f3lo tiene que introducir el producto que busca en la barra de b\u00fasqueda:<\/p><form id='search-form' name='search-form' method='get' action='' autocomplete='off' ><input type='hidden' name='page_id' value='3871'><input id='search_input' type='text' name='search_value' list='suggestions' placeholder='B\u00fasqueda ....' value=''><datalist id='suggestions'><\/datalist><button class='search-button' type='submit'><i class='fas fa-search'><\/i><\/button><\/form><div class=\"table-container\"><table id=\"productTable\" onload=\"selectProducts()\" class=\"hidden\"><thead><tr><th><\/th><th onclick='sortTable(1)'>N\u00famero de art\u00edculo<\/th><th onclick='sortTable(2)'>Designaci\u00f3n 1<\/th><th onclick='sortTable(3)'>Designaci\u00f3n 2<\/th><th onclick='sortTable(4)'>MC<\/th><th onclick='sortTable(5)'>Stock<\/th><\/tr><tr class='separator'><td colspan='100%'><\/td><\/tr><\/thead><tbody><tr class='separator'><td colspan='100%'><\/td><\/tr><\/body><hr><\/table><p class='notice'>Utilice la funci\u00f3n de b\u00fasqueda para ver los art\u00edculos.<\/p><\/div><script type=\"application\/javascript\">selectProducts();<\/script><script type=\"application\/javascript\">registerSearchInput();<\/script><form type=\"GET\" name=\"send_mail\" id=\"mail-form\" action=\"\"><div class=\"contact-products\"><h3>T\u00fa eliges:<\/h3><div id=\"selected_products\"><\/div><span id=\"product-error\" class=\"error\">Por favor, seleccione primero uno o m\u00e1s productos.<\/span><span id=\"product-select-info\">Su solicitud ser\u00e1 procesada con alta prioridad por nuestro departamento de ventas. Nos pondremos en contacto con usted lo antes posible y directamente con la informaci\u00f3n solicitada.<\/span><\/div><div class=\"contact-details\"><h3>Sus datos:<\/h3><div class=\"input-container\"><input name=\"firstname\" type=\"text\" placeholder=\"Nombre *\" required\/><span id=\"firstname-error\" class=\"error\">Por favor, introduzca su nombre.<\/span><\/div><div class=\"input-container\"><input name=\"name\" type=\"text\" placeholder=\"Apellido *\" required\/><span id=\"lastname-error\" class=\"error\">Por favor, indique su apellido.<\/span><\/div><div class=\"input-container\"><input name=\"company\" placeholder=\"Empresa\" type=\"text\"\/><\/div><div class=\"input-container\"><input name=\"mail\" type=\"email\" placeholder=\"Correo electr\u00f3nico *\" required\/><span id=\"email-error\" class=\"error\">Por favor, introduzca un correo electr\u00f3nico v\u00e1lido.<\/span><\/div><div class=\"input-container\"><input name=\"phone\" placeholder=\"Tel\u00e9fono\" type=\"tel\"\/><\/div><div class=\"input-container\"><textarea name=\"message\" type=\"text\" rows=\"7\" cols=\"80\" placeholder=\"Mensaje\"><\/textarea><\/div><div class=\"input-container\"><label class=\"checkbox-container\"><span class=\"text-container\">He le\u00eddo y acepto la <a style=\"font-weight: bold;\" href=\"\/es\/proteccion-de-datos\/\" target=\"_blank\">pol\u00edtica de privacidad<\/a>. *<\/span><input id=\"data-privacy\" type=\"checkbox\" name=\"data-privacy\" required\/><span class=\"checkmark\"><\/span><\/label><span id=\"data-privacy-error\" class=\"error\">Por favor, acepte nuestra pol\u00edtica de privacidad.<\/span><\/div><div class=\"calc\"><p><b>No soy un robot: *<\/b><\/p><span id=\"val1\">1<\/span><span id=\"symbol\">&nbsp;+&nbsp;<\/span><span id=\"val2\">10<\/span><span>&nbsp;=&nbsp;<\/span><input id=\"math-result\" type=\"text\" name=\"result\" required\/><span id=\"result-error\" class=\"error\">Por desgracia, el resultado no es correcto.<\/span><\/div><input type=\"hidden\" name=\"receiver\" value=\"anfrage@solicomp.de\"\/><input type=\"button\" id=\"btn-mail-form\" value=\"Enviar solicitud\"\/><\/div><\/form><script type=\"application\/javascript\">createProductsForm();<\/script><\/div>\t\t\t\t<\/div>\n\t\t\t\t<\/div>\n\t\t\t\t\t<\/div>\n\t\t<\/div>\n\t\t\t\t\t<\/div>\n\t\t<\/section>\n\t\t\t\t<section class=\"elementor-section elementor-top-section elementor-element elementor-element-1cd7577 elementor-section-boxed ang-section-padding-initial elementor-section-height-default elementor-section-height-default elementor-repeater-item-none elementor-repeater-item-none_hover\" data-id=\"1cd7577\" data-element_type=\"section\" data-e-type=\"section\" data-settings=\"{&quot;_ha_eqh_enable&quot;:false}\">\n\t\t\t\t\t\t<div class=\"elementor-container elementor-column-gap-default\">\n\t\t\t\t\t<div class=\"elementor-column elementor-col-50 elementor-top-column elementor-element elementor-element-09b69e1 elementor-repeater-item-none elementor-repeater-item-none_hover\" data-id=\"09b69e1\" data-element_type=\"column\" data-e-type=\"column\">\n\t\t\t<div class=\"elementor-widget-wrap elementor-element-populated\">\n\t\t\t\t\t\t<div class=\"elementor-element elementor-element-a3238cf elementor-repeater-item-none elementor-repeater-item-none_hover elementor-widget elementor-widget-google_maps\" data-id=\"a3238cf\" data-element_type=\"widget\" data-e-type=\"widget\" data-widget_type=\"google_maps.default\">\n\t\t\t\t<div class=\"elementor-widget-container\">\n\t\t\t\t\t\t\t<div class=\"elementor-custom-embed\">\n\t\t\t <div class=\"brlbs-cmpnt-container brlbs-cmpnt-content-blocker brlbs-cmpnt-with-individual-styles\" data-borlabs-cookie-content-blocker-id=\"google-maps\" data-borlabs-cookie-content=\"PGlmcmFtZSBsb2FkaW5nPSJsYXp5IgoJCQkJCXNyYz0iaHR0cHM6Ly9tYXBzLmdvb2dsZS5jb20vbWFwcz9xPXNvbGljb21wJTIwR21iSCUyMEIlQzMlQjZobWVyd2FsZHN0cmElQzMlOUZlJTIwNDJhJTIwJTdDJTIwODI1MzglMjBHZXJldHNyaWVkJiMwMzg7dD1tJiMwMzg7ej0xMyYjMDM4O291dHB1dD1lbWJlZCYjMDM4O2l3bG9jPW5lYXIiCgkJCQkJdGl0bGU9InNvbGljb21wIEdtYkggQsO2aG1lcndhbGRzdHJhw59lIDQyYSB8IDgyNTM4IEdlcmV0c3JpZWQiCgkJCQkJYXJpYS1sYWJlbD0ic29saWNvbXAgR21iSCBCw7ZobWVyd2FsZHN0cmHDn2UgNDJhIHwgODI1MzggR2VyZXRzcmllZCIKCQkJPjwvaWZyYW1lPg==\"><div class=\"brlbs-cmpnt-cb-preset-b brlbs-cmpnt-cb-google-maps\"> <div class=\"brlbs-cmpnt-cb-thumbnail\" style=\"background-image: url('https:\/\/solicomp.de\/wp-content\/uploads\/borlabs-cookie\/1\/brlbs-cb-google-maps-main.png')\"><\/div> <div class=\"brlbs-cmpnt-cb-main\"> <div class=\"brlbs-cmpnt-cb-content\"> <p class=\"brlbs-cmpnt-cb-description\">Est\u00e1s viendo un contenido de marcador de posici\u00f3n de <strong>Google Maps<\/strong>. Para acceder al contenido real, haz clic en el siguiente bot\u00f3n. Ten en cuenta que al hacerlo compartir\u00e1s datos con terceros proveedores.<\/p> <a class=\"brlbs-cmpnt-cb-provider-toggle\" href=\"#\" data-borlabs-cookie-show-provider-information role=\"button\">M\u00e1s informaci\u00f3n<\/a> <\/div> <div class=\"brlbs-cmpnt-cb-buttons\"> <a class=\"brlbs-cmpnt-cb-btn\" href=\"#\" data-borlabs-cookie-unblock role=\"button\">Desbloquear contenido<\/a> <a class=\"brlbs-cmpnt-cb-btn\" href=\"#\" data-borlabs-cookie-accept-service role=\"button\" style=\"display: inherit\">Aceptar el servicio requerido y desbloquear los contenidos<\/a> <\/div> <\/div> <\/div><\/div>\n\t\t<\/div>\n\t\t\t\t\t\t<\/div>\n\t\t\t\t<\/div>\n\t\t\t\t\t<\/div>\n\t\t<\/div>\n\t\t\t\t<div class=\"elementor-column elementor-col-50 elementor-top-column elementor-element elementor-element-37b3924 elementor-repeater-item-none elementor-repeater-item-none_hover\" data-id=\"37b3924\" data-element_type=\"column\" data-e-type=\"column\">\n\t\t\t<div class=\"elementor-widget-wrap elementor-element-populated\">\n\t\t\t\t\t\t<section class=\"elementor-section elementor-inner-section elementor-element elementor-element-8c8a78b elementor-section-boxed ang-section-padding-initial elementor-section-height-default elementor-section-height-default elementor-repeater-item-none elementor-repeater-item-none_hover\" data-id=\"8c8a78b\" data-element_type=\"section\" data-e-type=\"section\" data-settings=\"{&quot;_ha_eqh_enable&quot;:false}\">\n\t\t\t\t\t\t<div class=\"elementor-container elementor-column-gap-no\">\n\t\t\t\t\t<div class=\"elementor-column elementor-col-50 elementor-inner-column elementor-element elementor-element-5f3e354 elementor-repeater-item-none elementor-repeater-item-none_hover\" data-id=\"5f3e354\" data-element_type=\"column\" data-e-type=\"column\">\n\t\t\t<div class=\"elementor-widget-wrap elementor-element-populated\">\n\t\t\t\t\t\t<div class=\"elementor-element elementor-element-0a35c1b elementor-position-inline-start elementor-view-default elementor-mobile-position-block-start elementor-repeater-item-none elementor-repeater-item-none_hover elementor-widget elementor-widget-icon-box\" data-id=\"0a35c1b\" data-element_type=\"widget\" data-e-type=\"widget\" data-widget_type=\"icon-box.default\">\n\t\t\t\t<div class=\"elementor-widget-container\">\n\t\t\t\t\t\t\t<div class=\"elementor-icon-box-wrapper\">\n\n\t\t\t\t\t\t<div class=\"elementor-icon-box-icon\">\n\t\t\t\t<a href=\"tel:00498171999380\" class=\"elementor-icon\" tabindex=\"-1\" aria-label=\"Tel\u00e9fono\">\n\t\t\t\t<i aria-hidden=\"true\" class=\"fas fa-phone-alt\"><\/i>\t\t\t\t<\/a>\n\t\t\t<\/div>\n\t\t\t\n\t\t\t\t\t\t<div class=\"elementor-icon-box-content\">\n\n\t\t\t\t\t\t\t\t\t<h4 class=\"elementor-icon-box-title\">\n\t\t\t\t\t\t<a href=\"tel:00498171999380\" >\n\t\t\t\t\t\t\tTel\u00e9fono\t\t\t\t\t\t<\/a>\n\t\t\t\t\t<\/h4>\n\t\t\t\t\n\t\t\t\t\t\t\t\t\t<p class=\"elementor-icon-box-description\">\n\t\t\t\t\t\t+49 (0) 8171 999 38-0\t\t\t\t\t<\/p>\n\t\t\t\t\n\t\t\t<\/div>\n\t\t\t\n\t\t<\/div>\n\t\t\t\t\t\t<\/div>\n\t\t\t\t<\/div>\n\t\t\t\t\t<\/div>\n\t\t<\/div>\n\t\t\t\t<div class=\"elementor-column elementor-col-50 elementor-inner-column elementor-element elementor-element-224f86e elementor-repeater-item-none elementor-repeater-item-none_hover\" data-id=\"224f86e\" data-element_type=\"column\" data-e-type=\"column\">\n\t\t\t<div class=\"elementor-widget-wrap elementor-element-populated\">\n\t\t\t\t\t\t<div class=\"elementor-element elementor-element-7b9d04a elementor-position-inline-start elementor-view-default elementor-mobile-position-block-start elementor-repeater-item-none elementor-repeater-item-none_hover elementor-widget elementor-widget-icon-box\" data-id=\"7b9d04a\" data-element_type=\"widget\" data-e-type=\"widget\" data-widget_type=\"icon-box.default\">\n\t\t\t\t<div class=\"elementor-widget-container\">\n\t\t\t\t\t\t\t<div class=\"elementor-icon-box-wrapper\">\n\n\t\t\t\t\t\t<div class=\"elementor-icon-box-icon\">\n\t\t\t\t<a href=\"tel:00498171999389\" class=\"elementor-icon\" tabindex=\"-1\" aria-label=\"Fax\">\n\t\t\t\t<i aria-hidden=\"true\" class=\"fas fa-fax\"><\/i>\t\t\t\t<\/a>\n\t\t\t<\/div>\n\t\t\t\n\t\t\t\t\t\t<div class=\"elementor-icon-box-content\">\n\n\t\t\t\t\t\t\t\t\t<h4 class=\"elementor-icon-box-title\">\n\t\t\t\t\t\t<a href=\"tel:00498171999389\" >\n\t\t\t\t\t\t\tFax\t\t\t\t\t\t<\/a>\n\t\t\t\t\t<\/h4>\n\t\t\t\t\n\t\t\t\t\t\t\t\t\t<p class=\"elementor-icon-box-description\">\n\t\t\t\t\t\t+49 (0) 8171 999 38-9\t\t\t\t\t<\/p>\n\t\t\t\t\n\t\t\t<\/div>\n\t\t\t\n\t\t<\/div>\n\t\t\t\t\t\t<\/div>\n\t\t\t\t<\/div>\n\t\t\t\t\t<\/div>\n\t\t<\/div>\n\t\t\t\t\t<\/div>\n\t\t<\/section>\n\t\t\t\t<section class=\"elementor-section elementor-inner-section elementor-element elementor-element-a6e4b31 elementor-section-boxed ang-section-padding-initial elementor-section-height-default elementor-section-height-default elementor-repeater-item-none elementor-repeater-item-none_hover\" data-id=\"a6e4b31\" data-element_type=\"section\" data-e-type=\"section\" data-settings=\"{&quot;_ha_eqh_enable&quot;:false}\">\n\t\t\t\t\t\t<div class=\"elementor-container elementor-column-gap-default\">\n\t\t\t\t\t<div class=\"elementor-column elementor-col-50 elementor-inner-column elementor-element elementor-element-3247bfc elementor-repeater-item-none elementor-repeater-item-none_hover\" data-id=\"3247bfc\" data-element_type=\"column\" data-e-type=\"column\">\n\t\t\t<div class=\"elementor-widget-wrap elementor-element-populated\">\n\t\t\t\t\t\t<div class=\"elementor-element elementor-element-efb2b8e elementor-position-inline-start elementor-view-default elementor-mobile-position-block-start elementor-repeater-item-none elementor-repeater-item-none_hover elementor-widget elementor-widget-icon-box\" data-id=\"efb2b8e\" data-element_type=\"widget\" data-e-type=\"widget\" data-widget_type=\"icon-box.default\">\n\t\t\t\t<div class=\"elementor-widget-container\">\n\t\t\t\t\t\t\t<div class=\"elementor-icon-box-wrapper\">\n\n\t\t\t\t\t\t<div class=\"elementor-icon-box-icon\">\n\t\t\t\t<a href=\"mailto:info@solicomp.de\" class=\"elementor-icon\" tabindex=\"-1\" aria-label=\"Correo electr\u00f3nico\">\n\t\t\t\t<i aria-hidden=\"true\" class=\"fas fa-envelope-open-text\"><\/i>\t\t\t\t<\/a>\n\t\t\t<\/div>\n\t\t\t\n\t\t\t\t\t\t<div class=\"elementor-icon-box-content\">\n\n\t\t\t\t\t\t\t\t\t<h4 class=\"elementor-icon-box-title\">\n\t\t\t\t\t\t<a href=\"mailto:info@solicomp.de\" >\n\t\t\t\t\t\t\tCorreo electr\u00f3nico\t\t\t\t\t\t<\/a>\n\t\t\t\t\t<\/h4>\n\t\t\t\t\n\t\t\t\t\t\t\t\t\t<p class=\"elementor-icon-box-description\">\n\t\t\t\t\t\tinfo@solicomp.de\t\t\t\t\t<\/p>\n\t\t\t\t\n\t\t\t<\/div>\n\t\t\t\n\t\t<\/div>\n\t\t\t\t\t\t<\/div>\n\t\t\t\t<\/div>\n\t\t\t\t\t<\/div>\n\t\t<\/div>\n\t\t\t\t<div class=\"elementor-column elementor-col-50 elementor-inner-column elementor-element elementor-element-59e9a79 elementor-repeater-item-none elementor-repeater-item-none_hover\" data-id=\"59e9a79\" data-element_type=\"column\" data-e-type=\"column\">\n\t\t\t<div class=\"elementor-widget-wrap elementor-element-populated\">\n\t\t\t\t\t\t<div class=\"elementor-element elementor-element-bda4cde elementor-position-inline-start elementor-view-default elementor-mobile-position-block-start elementor-repeater-item-none elementor-repeater-item-none_hover elementor-widget elementor-widget-icon-box\" data-id=\"bda4cde\" data-element_type=\"widget\" data-e-type=\"widget\" data-widget_type=\"icon-box.default\">\n\t\t\t\t<div class=\"elementor-widget-container\">\n\t\t\t\t\t\t\t<div class=\"elementor-icon-box-wrapper\">\n\n\t\t\t\t\t\t<div class=\"elementor-icon-box-icon\">\n\t\t\t\t<span  class=\"elementor-icon\">\n\t\t\t\t<i aria-hidden=\"true\" class=\"fas fa-map-pin\"><\/i>\t\t\t\t<\/span>\n\t\t\t<\/div>\n\t\t\t\n\t\t\t\t\t\t<div class=\"elementor-icon-box-content\">\n\n\t\t\t\t\t\t\t\t\t<h4 class=\"elementor-icon-box-title\">\n\t\t\t\t\t\t<span  >\n\t\t\t\t\t\t\tDirecci\u00f3n\t\t\t\t\t\t<\/span>\n\t\t\t\t\t<\/h4>\n\t\t\t\t\n\t\t\t\t\t\t\t\t\t<p class=\"elementor-icon-box-description\">\n\t\t\t\t\t\tSolicomp GmbH<br>\nB\u00f6hmerwaldstr. 42a<br>\n82538 Geretstried\t\t\t\t\t<\/p>\n\t\t\t\t\n\t\t\t<\/div>\n\t\t\t\n\t\t<\/div>\n\t\t\t\t\t\t<\/div>\n\t\t\t\t<\/div>\n\t\t\t\t\t<\/div>\n\t\t<\/div>\n\t\t\t\t\t<\/div>\n\t\t<\/section>\n\t\t\t\t\t<\/div>\n\t\t<\/div>\n\t\t\t\t\t<\/div>\n\t\t<\/section>\n\t\t\t\t<\/div>\n\t\t","protected":false},"excerpt":{"rendered":"<p>Zum Anfrageformular&times; Anfrage erfolgreich verschickt Ihre Anfrage wird mit hoher Priori\u00e4t durch unseren Vertrieb bearbeitet. Wir melden uns schnellstm\u00f6glich und direkt mit den gew\u00fcnschten Informationen. Produktanfrage: Geben Sie das gesuchte Produkt einfach in die Suchleiste ein: Artikel-Nr. Bezeichnung 1 Bezeichnung 2 HC Bestand Bitte verwenden Sie die Suchfunktion, um Artikel anzuzeigen. Ihre Auswahl: Bitte w\u00e4hlen [&hellip;]<\/p>\n","protected":false},"author":1,"featured_media":0,"parent":0,"menu_order":0,"comment_status":"closed","ping_status":"closed","template":"","meta":{"_acf_changed":false,"site-sidebar-layout":"no-sidebar","site-content-layout":"page-builder","ast-site-content-layout":"default","site-content-style":"default","site-sidebar-style":"default","ast-global-header-display":"","ast-banner-title-visibility":"","ast-main-header-display":"","ast-hfb-above-header-display":"","ast-hfb-below-header-display":"","ast-hfb-mobile-header-display":"","site-post-title":"disabled","ast-breadcrumbs-content":"","ast-featured-img":"disabled","footer-sml-layout":"","ast-disable-related-posts":"","theme-transparent-header-meta":"default","adv-header-id-meta":"","stick-header-meta":"","header-above-stick-meta":"","header-main-stick-meta":"","header-below-stick-meta":"","astra-migrate-meta-layouts":"default","ast-page-background-enabled":"default","ast-page-background-meta":{"desktop":{"background-color":"","background-image":"","background-repeat":"repeat","background-position":"center center","background-size":"auto","background-attachment":"scroll","background-type":"","background-media":"","overlay-type":"","overlay-color":"","overlay-opacity":"","overlay-gradient":""},"tablet":{"background-color":"","background-image":"","background-repeat":"repeat","background-position":"center center","background-size":"auto","background-attachment":"scroll","background-type":"","background-media":"","overlay-type":"","overlay-color":"","overlay-opacity":"","overlay-gradient":""},"mobile":{"background-color":"","background-image":"","background-repeat":"repeat","background-position":"center center","background-size":"auto","background-attachment":"scroll","background-type":"","background-media":"","overlay-type":"","overlay-color":"","overlay-opacity":"","overlay-gradient":""}},"ast-content-background-meta":{"desktop":{"background-color":"var(--ast-global-color-5)","background-image":"","background-repeat":"repeat","background-position":"center center","background-size":"auto","background-attachment":"scroll","background-type":"","background-media":"","overlay-type":"","overlay-color":"","overlay-opacity":"","overlay-gradient":""},"tablet":{"background-color":"var(--ast-global-color-5)","background-image":"","background-repeat":"repeat","background-position":"center center","background-size":"auto","background-attachment":"scroll","background-type":"","background-media":"","overlay-type":"","overlay-color":"","overlay-opacity":"","overlay-gradient":""},"mobile":{"background-color":"var(--ast-global-color-5)","background-image":"","background-repeat":"repeat","background-position":"center center","background-size":"auto","background-attachment":"scroll","background-type":"","background-media":"","overlay-type":"","overlay-color":"","overlay-opacity":"","overlay-gradient":""}},"footnotes":""},"class_list":["post-3871","page","type-page","status-publish","hentry"],"acf":[],"_links":{"self":[{"href":"https:\/\/solicomp.de\/es\/wp-json\/wp\/v2\/pages\/3871","targetHints":{"allow":["GET"]}}],"collection":[{"href":"https:\/\/solicomp.de\/es\/wp-json\/wp\/v2\/pages"}],"about":[{"href":"https:\/\/solicomp.de\/es\/wp-json\/wp\/v2\/types\/page"}],"author":[{"embeddable":true,"href":"https:\/\/solicomp.de\/es\/wp-json\/wp\/v2\/users\/1"}],"replies":[{"embeddable":true,"href":"https:\/\/solicomp.de\/es\/wp-json\/wp\/v2\/comments?post=3871"}],"version-history":[{"count":4,"href":"https:\/\/solicomp.de\/es\/wp-json\/wp\/v2\/pages\/3871\/revisions"}],"predecessor-version":[{"id":10266,"href":"https:\/\/solicomp.de\/es\/wp-json\/wp\/v2\/pages\/3871\/revisions\/10266"}],"wp:attachment":[{"href":"https:\/\/solicomp.de\/es\/wp-json\/wp\/v2\/media?parent=3871"}],"curies":[{"name":"wp","href":"https:\/\/api.w.org\/{rel}","templated":true}]}}