{"id":10144,"date":"2020-03-03T11:55:24","date_gmt":"2020-03-03T10:55:24","guid":{"rendered":"https:\/\/solicomp.de\/prodotti\/moduli-e-array-di-led-personalizzati\/"},"modified":"2024-04-24T16:13:55","modified_gmt":"2024-04-24T14:13:55","slug":"moduli-e-array-di-led-personalizzati","status":"publish","type":"page","link":"https:\/\/solicomp.de\/it\/prodotti\/moduli-e-array-di-led-personalizzati\/","title":{"rendered":"Moduli e array di LED personalizzati"},"content":{"rendered":"\t\t<div data-elementor-type=\"wp-page\" data-elementor-id=\"10144\" class=\"elementor elementor-10144 elementor-641\" data-elementor-settings=\"{&quot;ha_cmc_init_switcher&quot;:&quot;no&quot;}\" data-elementor-post-type=\"page\">\n\t\t\t\t\t\t<section class=\"elementor-section elementor-top-section elementor-element elementor-element-5c3c9bd elementor-section-boxed ang-section-padding-initial elementor-section-height-default elementor-section-height-default elementor-repeater-item-none elementor-repeater-item-none_hover\" data-id=\"5c3c9bd\" data-element_type=\"section\" data-e-type=\"section\" data-settings=\"{&quot;_ha_eqh_enable&quot;:false}\">\n\t\t\t\t\t\t<div class=\"elementor-container elementor-column-gap-default\">\n\t\t\t\t\t<div class=\"elementor-column elementor-col-100 elementor-top-column elementor-element elementor-element-b3b436e elementor-repeater-item-none elementor-repeater-item-none_hover\" data-id=\"b3b436e\" data-element_type=\"column\" data-e-type=\"column\">\n\t\t\t<div class=\"elementor-widget-wrap elementor-element-populated\">\n\t\t\t\t\t\t<div class=\"elementor-element elementor-element-177ffdd elementor-repeater-item-none elementor-repeater-item-none_hover elementor-widget elementor-widget-text-editor\" data-id=\"177ffdd\" data-element_type=\"widget\" data-e-type=\"widget\" data-widget_type=\"text-editor.default\">\n\t\t\t\t<div class=\"elementor-widget-container\">\n\t\t\t\t\t\t\t\t\t<p>Parlate con noi di moduli e array di LED personalizzati. In collaborazione con il nostro partner Chips 4 Light, non lasciamo nulla di intentato. Tra gli altri, utilizziamo FR4, MCPCB, ceramica o chip a emissione superficiale. \u00c8 inoltre possibile integrare resistenze o condensatori come componenti aggiuntivi. Per proteggere i componenti, si pu\u00f2 scegliere tra l&#8217;invasatura con silicone o epossidica. \u00c8 possibile anche l&#8217;installazione di vetrate. La nostra gamma di LED copre tutte le lunghezze d&#8217;onda, dal blu all&#8217;infrarosso. Sono disponibili anche diodi laser, misurati individualmente per lunghezza d&#8217;onda e potenza su richiesta. <\/p>\n<p>Il nostro obiettivo: miniaturizzare il pi\u00f9 possibile. <\/p>\n\t\t\t\t\t\t\t\t<\/div>\n\t\t\t\t<\/div>\n\t\t\t\t\t<\/div>\n\t\t<\/div>\n\t\t\t\t\t<\/div>\n\t\t<\/section>\n\t\t\t\t<section class=\"elementor-section elementor-top-section elementor-element elementor-element-6fce620e ang-section-padding-default elementor-section-boxed elementor-section-height-default elementor-section-height-default elementor-repeater-item-none elementor-repeater-item-none_hover\" data-id=\"6fce620e\" data-element_type=\"section\" data-e-type=\"section\" data-settings=\"{&quot;_ha_eqh_enable&quot;:false}\">\n\t\t\t\t\t\t<div class=\"elementor-container elementor-column-gap-default\">\n\t\t\t\t\t<div class=\"elementor-column elementor-col-33 elementor-top-column elementor-element elementor-element-748f5ef5 elementor-repeater-item-none elementor-repeater-item-none_hover\" data-id=\"748f5ef5\" data-element_type=\"column\" data-e-type=\"column\">\n\t\t\t<div class=\"elementor-widget-wrap elementor-element-populated\">\n\t\t\t\t\t\t<div class=\"elementor-element elementor-element-379dbcc external_elementor-repeater-item-none_external elementor-repeater-item-none elementor-repeater-item-none_hover elementor-widget elementor-widget-image\" data-id=\"379dbcc\" data-element_type=\"widget\" data-e-type=\"widget\" data-widget_type=\"image.default\">\n\t\t\t\t<div class=\"elementor-widget-container\">\n\t\t\t\t\t\t\t\t\t\t\t\t\t\t\t\t<a href=\"https:\/\/solicomp.de\/wp-content\/uploads\/2020\/06\/Bildschirmfoto-2020-06-05-um-14.24.43.png\" data-elementor-open-lightbox=\"yes\" data-elementor-lightbox-title=\"Bildschirmfoto 2020-06-05 um 14.24.43\" data-e-action-hash=\"#elementor-action%3Aaction%3Dlightbox%26settings%3DeyJpZCI6ODk1OCwidXJsIjoiaHR0cHM6XC9cL3NvbGljb21wLmRlXC93cC1jb250ZW50XC91cGxvYWRzXC8yMDIwXC8wNlwvQmlsZHNjaGlybWZvdG8tMjAyMC0wNi0wNS11bS0xNC4yNC40My5wbmcifQ%3D%3D\">\n\t\t\t\t\t\t\t<img fetchpriority=\"high\" decoding=\"async\" width=\"470\" height=\"312\" src=\"https:\/\/solicomp.de\/wp-content\/uploads\/2020\/06\/Bildschirmfoto-2020-06-05-um-14.24.43.png\" class=\"attachment-large size-large wp-image-8958\" alt=\"\" srcset=\"https:\/\/solicomp.de\/wp-content\/uploads\/2020\/06\/Bildschirmfoto-2020-06-05-um-14.24.43.png 470w, https:\/\/solicomp.de\/wp-content\/uploads\/2020\/06\/Bildschirmfoto-2020-06-05-um-14.24.43-300x199.png 300w\" sizes=\"(max-width: 470px) 100vw, 470px\" title=\"\">\t\t\t\t\t\t\t\t<\/a>\n\t\t\t\t\t\t\t\t\t\t\t\t\t\t\t<\/div>\n\t\t\t\t<\/div>\n\t\t\t\t\t<\/div>\n\t\t<\/div>\n\t\t\t\t<div class=\"elementor-column elementor-col-33 elementor-top-column elementor-element elementor-element-44c0b1a8 elementor-repeater-item-none elementor-repeater-item-none_hover\" data-id=\"44c0b1a8\" data-element_type=\"column\" data-e-type=\"column\">\n\t\t\t<div class=\"elementor-widget-wrap elementor-element-populated\">\n\t\t\t\t\t\t<div class=\"elementor-element elementor-element-7a3059ea external_elementor-repeater-item-none_external elementor-repeater-item-none elementor-repeater-item-none_hover elementor-widget elementor-widget-image\" data-id=\"7a3059ea\" data-element_type=\"widget\" data-e-type=\"widget\" data-widget_type=\"image.default\">\n\t\t\t\t<div class=\"elementor-widget-container\">\n\t\t\t\t\t\t\t\t\t\t\t\t\t\t\t\t<a href=\"https:\/\/solicomp.de\/wp-content\/uploads\/2020\/06\/Bildschirmfoto-2020-06-05-um-14.25.03.png\" data-elementor-open-lightbox=\"yes\" data-elementor-lightbox-title=\"Bildschirmfoto 2020-06-05 um 14.25.03\" data-e-action-hash=\"#elementor-action%3Aaction%3Dlightbox%26settings%3DeyJpZCI6ODk1OSwidXJsIjoiaHR0cHM6XC9cL3NvbGljb21wLmRlXC93cC1jb250ZW50XC91cGxvYWRzXC8yMDIwXC8wNlwvQmlsZHNjaGlybWZvdG8tMjAyMC0wNi0wNS11bS0xNC4yNS4wMy5wbmcifQ%3D%3D\">\n\t\t\t\t\t\t\t<img decoding=\"async\" width=\"412\" height=\"318\" src=\"https:\/\/solicomp.de\/wp-content\/uploads\/2020\/06\/Bildschirmfoto-2020-06-05-um-14.25.03.png\" class=\"attachment-large size-large wp-image-8959\" alt=\"\" srcset=\"https:\/\/solicomp.de\/wp-content\/uploads\/2020\/06\/Bildschirmfoto-2020-06-05-um-14.25.03.png 412w, https:\/\/solicomp.de\/wp-content\/uploads\/2020\/06\/Bildschirmfoto-2020-06-05-um-14.25.03-300x232.png 300w\" sizes=\"(max-width: 412px) 100vw, 412px\" title=\"\">\t\t\t\t\t\t\t\t<\/a>\n\t\t\t\t\t\t\t\t\t\t\t\t\t\t\t<\/div>\n\t\t\t\t<\/div>\n\t\t\t\t\t<\/div>\n\t\t<\/div>\n\t\t\t\t<div class=\"elementor-column elementor-col-33 elementor-top-column elementor-element elementor-element-128e611a elementor-repeater-item-none elementor-repeater-item-none_hover\" data-id=\"128e611a\" data-element_type=\"column\" data-e-type=\"column\">\n\t\t\t<div class=\"elementor-widget-wrap elementor-element-populated\">\n\t\t\t\t\t\t<div class=\"elementor-element elementor-element-11fc388b external_elementor-repeater-item-none_external elementor-repeater-item-none elementor-repeater-item-none_hover elementor-widget elementor-widget-image\" data-id=\"11fc388b\" data-element_type=\"widget\" data-e-type=\"widget\" data-widget_type=\"image.default\">\n\t\t\t\t<div class=\"elementor-widget-container\">\n\t\t\t\t\t\t\t\t\t\t\t\t\t\t\t\t<a href=\"https:\/\/solicomp.de\/wp-content\/uploads\/2020\/06\/Bildschirmfoto-2020-06-05-um-14.24.01.png\" data-elementor-open-lightbox=\"yes\" data-elementor-lightbox-title=\"Bildschirmfoto 2020-06-05 um 14.24.01\" data-e-action-hash=\"#elementor-action%3Aaction%3Dlightbox%26settings%3DeyJpZCI6ODk2MCwidXJsIjoiaHR0cHM6XC9cL3NvbGljb21wLmRlXC93cC1jb250ZW50XC91cGxvYWRzXC8yMDIwXC8wNlwvQmlsZHNjaGlybWZvdG8tMjAyMC0wNi0wNS11bS0xNC4yNC4wMS5wbmcifQ%3D%3D\">\n\t\t\t\t\t\t\t<img decoding=\"async\" width=\"518\" height=\"368\" src=\"https:\/\/solicomp.de\/wp-content\/uploads\/2020\/06\/Bildschirmfoto-2020-06-05-um-14.24.01.png\" class=\"attachment-large size-large wp-image-8960\" alt=\"\" srcset=\"https:\/\/solicomp.de\/wp-content\/uploads\/2020\/06\/Bildschirmfoto-2020-06-05-um-14.24.01.png 518w, https:\/\/solicomp.de\/wp-content\/uploads\/2020\/06\/Bildschirmfoto-2020-06-05-um-14.24.01-300x213.png 300w\" sizes=\"(max-width: 518px) 100vw, 518px\" title=\"\">\t\t\t\t\t\t\t\t<\/a>\n\t\t\t\t\t\t\t\t\t\t\t\t\t\t\t<\/div>\n\t\t\t\t<\/div>\n\t\t\t\t\t<\/div>\n\t\t<\/div>\n\t\t\t\t\t<\/div>\n\t\t<\/section>\n\t\t\t\t<section class=\"elementor-section elementor-top-section elementor-element elementor-element-ac73d87 elementor-section-boxed ang-section-padding-initial elementor-section-height-default elementor-section-height-default elementor-repeater-item-none elementor-repeater-item-none_hover\" data-id=\"ac73d87\" data-element_type=\"section\" data-e-type=\"section\" data-settings=\"{&quot;_ha_eqh_enable&quot;:false}\">\n\t\t\t\t\t\t<div class=\"elementor-container elementor-column-gap-default\">\n\t\t\t\t\t<div class=\"elementor-column elementor-col-50 elementor-top-column elementor-element elementor-element-4f7a80e elementor-repeater-item-none elementor-repeater-item-none_hover\" data-id=\"4f7a80e\" data-element_type=\"column\" data-e-type=\"column\">\n\t\t\t<div class=\"elementor-widget-wrap elementor-element-populated\">\n\t\t\t\t\t\t<div class=\"elementor-element elementor-element-d98acc1 elementor-repeater-item-none elementor-repeater-item-none_hover elementor-widget elementor-widget-text-editor\" data-id=\"d98acc1\" data-element_type=\"widget\" data-e-type=\"widget\" data-widget_type=\"text-editor.default\">\n\t\t\t\t<div class=\"elementor-widget-container\">\n\t\t\t\t\t\t\t\t\t<ul>\n<li>Prototipi e campioni<\/li>\n<li>Smistamento di stampi e chip a LED<\/li>\n<li>Incollaggio a filo<\/li>\n<li>Garanzia di qualit\u00e0 microscopica<\/li>\n<li>Misurazione di chip nudi LED \/ LED \/ Laser<\/li>\n<\/ul>\n\t\t\t\t\t\t\t\t<\/div>\n\t\t\t\t<\/div>\n\t\t\t\t\t<\/div>\n\t\t<\/div>\n\t\t\t\t<div class=\"elementor-column elementor-col-50 elementor-top-column elementor-element elementor-element-60fbb2b elementor-repeater-item-none elementor-repeater-item-none_hover\" data-id=\"60fbb2b\" data-element_type=\"column\" data-e-type=\"column\">\n\t\t\t<div class=\"elementor-widget-wrap elementor-element-populated\">\n\t\t\t\t\t\t<div class=\"elementor-element elementor-element-e92844e external_elementor-repeater-item-none_external elementor-repeater-item-none elementor-repeater-item-none_hover elementor-widget elementor-widget-image\" data-id=\"e92844e\" data-element_type=\"widget\" data-e-type=\"widget\" data-widget_type=\"image.default\">\n\t\t\t\t<div class=\"elementor-widget-container\">\n\t\t\t\t\t\t\t\t\t\t\t\t\t\t\t<img loading=\"lazy\" decoding=\"async\" width=\"482\" height=\"300\" src=\"https:\/\/solicomp.de\/wp-content\/uploads\/2023\/03\/Bildschirmfoto-2020-06-05-um-13.48.29.png\" class=\"attachment-large size-large wp-image-11400\" alt=\"\" srcset=\"https:\/\/solicomp.de\/wp-content\/uploads\/2023\/03\/Bildschirmfoto-2020-06-05-um-13.48.29.png 482w, https:\/\/solicomp.de\/wp-content\/uploads\/2023\/03\/Bildschirmfoto-2020-06-05-um-13.48.29-300x187.png 300w\" sizes=\"(max-width: 482px) 100vw, 482px\" title=\"\">\t\t\t\t\t\t\t\t\t\t\t\t\t\t\t<\/div>\n\t\t\t\t<\/div>\n\t\t\t\t\t<\/div>\n\t\t<\/div>\n\t\t\t\t\t<\/div>\n\t\t<\/section>\n\t\t\t\t<\/div>\n\t\t","protected":false},"excerpt":{"rendered":"<p>Parlate con noi di moduli e array di LED personalizzati. In collaborazione con il nostro partner Chips 4 Light, non lasciamo nulla di intentato. Tra gli altri, utilizziamo FR4, MCPCB, ceramica o chip a emissione superficiale. \u00c8 inoltre possibile integrare resistenze o condensatori come componenti aggiuntivi. Per proteggere i componenti, si pu\u00f2 scegliere tra l&#8217;invasatura [&hellip;]<\/p>\n","protected":false},"author":8,"featured_media":0,"parent":10123,"menu_order":0,"comment_status":"closed","ping_status":"closed","template":"","meta":{"_acf_changed":false,"site-sidebar-layout":"no-sidebar","site-content-layout":"page-builder","ast-site-content-layout":"default","site-content-style":"default","site-sidebar-style":"default","ast-global-header-display":"","ast-banner-title-visibility":"","ast-main-header-display":"","ast-hfb-above-header-display":"","ast-hfb-below-header-display":"","ast-hfb-mobile-header-display":"","site-post-title":"disabled","ast-breadcrumbs-content":"","ast-featured-img":"disabled","footer-sml-layout":"","ast-disable-related-posts":"","theme-transparent-header-meta":"default","adv-header-id-meta":"","stick-header-meta":"default","header-above-stick-meta":"","header-main-stick-meta":"","header-below-stick-meta":"","astra-migrate-meta-layouts":"default","ast-page-background-enabled":"default","ast-page-background-meta":{"desktop":{"background-color":"","background-image":"","background-repeat":"repeat","background-position":"center center","background-size":"auto","background-attachment":"scroll","background-type":"","background-media":"","overlay-type":"","overlay-color":"","overlay-opacity":"","overlay-gradient":""},"tablet":{"background-color":"","background-image":"","background-repeat":"repeat","background-position":"center center","background-size":"auto","background-attachment":"scroll","background-type":"","background-media":"","overlay-type":"","overlay-color":"","overlay-opacity":"","overlay-gradient":""},"mobile":{"background-color":"","background-image":"","background-repeat":"repeat","background-position":"center center","background-size":"auto","background-attachment":"scroll","background-type":"","background-media":"","overlay-type":"","overlay-color":"","overlay-opacity":"","overlay-gradient":""}},"ast-content-background-meta":{"desktop":{"background-color":"var(--ast-global-color-5)","background-image":"","background-repeat":"repeat","background-position":"center center","background-size":"auto","background-attachment":"scroll","background-type":"","background-media":"","overlay-type":"","overlay-color":"","overlay-opacity":"","overlay-gradient":""},"tablet":{"background-color":"var(--ast-global-color-5)","background-image":"","background-repeat":"repeat","background-position":"center center","background-size":"auto","background-attachment":"scroll","background-type":"","background-media":"","overlay-type":"","overlay-color":"","overlay-opacity":"","overlay-gradient":""},"mobile":{"background-color":"var(--ast-global-color-5)","background-image":"","background-repeat":"repeat","background-position":"center center","background-size":"auto","background-attachment":"scroll","background-type":"","background-media":"","overlay-type":"","overlay-color":"","overlay-opacity":"","overlay-gradient":""}},"footnotes":""},"class_list":["post-10144","page","type-page","status-publish","hentry"],"acf":[],"_links":{"self":[{"href":"https:\/\/solicomp.de\/it\/wp-json\/wp\/v2\/pages\/10144","targetHints":{"allow":["GET"]}}],"collection":[{"href":"https:\/\/solicomp.de\/it\/wp-json\/wp\/v2\/pages"}],"about":[{"href":"https:\/\/solicomp.de\/it\/wp-json\/wp\/v2\/types\/page"}],"author":[{"embeddable":true,"href":"https:\/\/solicomp.de\/it\/wp-json\/wp\/v2\/users\/8"}],"replies":[{"embeddable":true,"href":"https:\/\/solicomp.de\/it\/wp-json\/wp\/v2\/comments?post=10144"}],"version-history":[{"count":4,"href":"https:\/\/solicomp.de\/it\/wp-json\/wp\/v2\/pages\/10144\/revisions"}],"predecessor-version":[{"id":12789,"href":"https:\/\/solicomp.de\/it\/wp-json\/wp\/v2\/pages\/10144\/revisions\/12789"}],"up":[{"embeddable":true,"href":"https:\/\/solicomp.de\/it\/wp-json\/wp\/v2\/pages\/10123"}],"wp:attachment":[{"href":"https:\/\/solicomp.de\/it\/wp-json\/wp\/v2\/media?parent=10144"}],"curies":[{"name":"wp","href":"https:\/\/api.w.org\/{rel}","templated":true}]}}