{"id":10243,"date":"2020-02-17T13:25:10","date_gmt":"2020-02-17T12:25:10","guid":{"rendered":"https:\/\/solicomp.de\/azienda\/"},"modified":"2024-01-09T12:11:43","modified_gmt":"2024-01-09T11:11:43","slug":"solicomp-2","status":"publish","type":"page","link":"https:\/\/solicomp.de\/it\/solicomp-2\/","title":{"rendered":"Azienda"},"content":{"rendered":"\t\t<div data-elementor-type=\"wp-page\" data-elementor-id=\"10243\" class=\"elementor elementor-10243 elementor-31\" data-elementor-settings=\"{&quot;ha_cmc_init_switcher&quot;:&quot;no&quot;}\" data-elementor-post-type=\"page\">\n\t\t\t\t\t\t<section class=\"elementor-section elementor-top-section elementor-element elementor-element-4f85020 ang-section-padding-default elementor-section-boxed elementor-section-height-default elementor-section-height-default elementor-repeater-item-none elementor-repeater-item-none_hover\" data-id=\"4f85020\" data-element_type=\"section\" data-e-type=\"section\" data-settings=\"{&quot;_ha_eqh_enable&quot;:false}\">\n\t\t\t\t\t\t<div class=\"elementor-container elementor-column-gap-default\">\n\t\t\t\t\t<div class=\"elementor-column elementor-col-50 elementor-top-column elementor-element elementor-element-d6d4d86 elementor-repeater-item-none elementor-repeater-item-none_hover\" data-id=\"d6d4d86\" data-element_type=\"column\" data-e-type=\"column\">\n\t\t\t<div class=\"elementor-widget-wrap elementor-element-populated\">\n\t\t\t\t\t\t<div class=\"elementor-element elementor-element-203fcf6 elementor-repeater-item-none elementor-repeater-item-none_hover elementor-widget elementor-widget-heading\" data-id=\"203fcf6\" data-element_type=\"widget\" data-e-type=\"widget\" data-widget_type=\"heading.default\">\n\t\t\t\t<div class=\"elementor-widget-container\">\n\t\t\t\t\t<h3 class=\"elementor-heading-title elementor-size-default\">Un'azienda con storia e ambizione.<\/h3>\t\t\t\t<\/div>\n\t\t\t\t<\/div>\n\t\t\t\t<div class=\"elementor-element elementor-element-94d77e6 elementor-repeater-item-none elementor-repeater-item-none_hover elementor-widget elementor-widget-text-editor\" data-id=\"94d77e6\" data-element_type=\"widget\" data-e-type=\"widget\" data-widget_type=\"text-editor.default\">\n\t\t\t\t<div class=\"elementor-widget-container\">\n\t\t\t\t\t\t\t\t\t<p>Solicomp GmbH \u00e8 stata fondata nel 1975 dal Dipl. Ing. Michael Dacqu\u00e9 come distributore speciale per i semiconduttori di potenza.<\/p>\n<p>Nel corso di oltre 40 anni di attivit\u00e0, Solicomp GmbH ha ampliato selettivamente i propri settori di attivit\u00e0. In questo modo, ha concentrato le sue attivit\u00e0 e ha aggiunto con successo i punti focali delle soluzioni LED e dell&#8217;elettromeccanica.<\/p>\n\t\t\t\t\t\t\t\t<\/div>\n\t\t\t\t<\/div>\n\t\t\t\t\t<\/div>\n\t\t<\/div>\n\t\t\t\t<div class=\"elementor-column elementor-col-50 elementor-top-column elementor-element elementor-element-8de8cf5 elementor-repeater-item-none elementor-repeater-item-none_hover\" data-id=\"8de8cf5\" data-element_type=\"column\" data-e-type=\"column\">\n\t\t\t<div class=\"elementor-widget-wrap elementor-element-populated\">\n\t\t\t\t\t\t<div class=\"elementor-element elementor-element-db0281f external_elementor-repeater-item-none_external elementor-repeater-item-none elementor-repeater-item-none_hover elementor-widget elementor-widget-image\" data-id=\"db0281f\" data-element_type=\"widget\" data-e-type=\"widget\" data-widget_type=\"image.default\">\n\t\t\t\t<div class=\"elementor-widget-container\">\n\t\t\t\t\t\t\t\t\t\t\t\t\t\t\t\t<a href=\"https:\/\/solicomp.de\/wp-content\/uploads\/2021\/09\/Team_Solicomp.jpg\" data-elementor-open-lightbox=\"yes\" data-e-action-hash=\"#elementor-action%3Aaction%3Dlightbox%26settings%3DeyJpZCI6ODM4NiwidXJsIjpmYWxzZX0%3D\">\n\t\t\t\t\t\t\t<img decoding=\"async\" src=\"https:\/\/solicomp.de\/wp-content\/uploads\/2021\/09\/Team_Solicomp.jpg\" title=\"\" alt=\"\" loading=\"lazy\">\t\t\t\t\t\t\t\t<\/a>\n\t\t\t\t\t\t\t\t\t\t\t\t\t\t\t<\/div>\n\t\t\t\t<\/div>\n\t\t\t\t\t<\/div>\n\t\t<\/div>\n\t\t\t\t\t<\/div>\n\t\t<\/section>\n\t\t\t\t<section class=\"elementor-section elementor-top-section elementor-element elementor-element-19084c7 elementor-section-boxed ang-section-padding-initial elementor-section-height-default elementor-section-height-default elementor-repeater-item-none elementor-repeater-item-none_hover\" data-id=\"19084c7\" data-element_type=\"section\" data-e-type=\"section\" data-settings=\"{&quot;_ha_eqh_enable&quot;:false}\">\n\t\t\t\t\t\t<div class=\"elementor-container elementor-column-gap-default\">\n\t\t\t\t\t<div class=\"elementor-column elementor-col-100 elementor-top-column elementor-element elementor-element-c7198da elementor-repeater-item-none elementor-repeater-item-none_hover\" data-id=\"c7198da\" data-element_type=\"column\" data-e-type=\"column\">\n\t\t\t<div class=\"elementor-widget-wrap elementor-element-populated\">\n\t\t\t\t\t\t<div class=\"elementor-element elementor-element-eea96da elementor-repeater-item-none elementor-repeater-item-none_hover elementor-widget elementor-widget-text-editor\" data-id=\"eea96da\" data-element_type=\"widget\" data-e-type=\"widget\" data-widget_type=\"text-editor.default\">\n\t\t\t\t<div class=\"elementor-widget-container\">\n\t\t\t\t\t\t\t\t\t<p>Solicomp fornisce all&#8217;industria e al settore dell&#8217;illuminazione soluzioni LED a valore aggiunto. Con un elevato livello di competenza tecnica, offriamo il pacchetto completo, dai prodotti standard ai progetti speciali personalizzati.<\/p>\n<p>La nostra gamma di prodotti comprende LED per quasi tutte le applicazioni e le relative ottiche, lenti e dissipatori di calore, che possono essere realizzati anche per applicazioni specifiche.<\/p>\n<p>In collaborazione con i nostri partner tecnologici, offriamo anche moduli e array di LED personalizzati.<\/p>\n<p>Solicomp \u00e8 un distributore autorizzato di <b>ams OSRAM<\/b>, uno dei leader tecnologici e di mercato nel settore dei LED. Oltre all&#8217;attuale gamma standard, disponiamo di un gran numero di prodotti fuori produzione di <b>OSRAM Opto Semiconductors<\/b>.<\/p>\n<p>Per garantire la massima affidabilit\u00e0 delle consegne e un&#8217;elevata soddisfazione dei clienti, Solicomp si \u00e8 sempre affidata a un ampio magazzino e a una logistica orientata al cliente.<\/p>\t\t\t\t\t\t\t\t<\/div>\n\t\t\t\t<\/div>\n\t\t\t\t\t<\/div>\n\t\t<\/div>\n\t\t\t\t\t<\/div>\n\t\t<\/section>\n\t\t\t\t<section class=\"elementor-section elementor-top-section elementor-element elementor-element-f230caf elementor-reverse-mobile ang-section-padding-default elementor-reverse-tablet elementor-section-boxed elementor-section-height-default elementor-section-height-default elementor-repeater-item-none elementor-repeater-item-none_hover\" data-id=\"f230caf\" data-element_type=\"section\" data-e-type=\"section\" data-settings=\"{&quot;_ha_eqh_enable&quot;:false}\">\n\t\t\t\t\t\t<div class=\"elementor-container elementor-column-gap-default\">\n\t\t\t\t\t<div class=\"elementor-column elementor-col-50 elementor-top-column elementor-element elementor-element-300b042 elementor-repeater-item-none elementor-repeater-item-none_hover\" data-id=\"300b042\" data-element_type=\"column\" data-e-type=\"column\">\n\t\t\t<div class=\"elementor-widget-wrap elementor-element-populated\">\n\t\t\t\t\t\t<div class=\"elementor-element elementor-element-ade9599 external_elementor-repeater-item-none_external elementor-repeater-item-none elementor-repeater-item-none_hover elementor-widget elementor-widget-image\" data-id=\"ade9599\" data-element_type=\"widget\" data-e-type=\"widget\" data-widget_type=\"image.default\">\n\t\t\t\t<div class=\"elementor-widget-container\">\n\t\t\t\t\t\t\t\t\t\t\t\t\t\t\t\t<a href=\"https:\/\/solicomp.de\/wp-content\/uploads\/2023\/11\/solicomp_certificate_din_en_iso_9001_2015-scaled.jpg\" data-elementor-open-lightbox=\"yes\" data-elementor-lightbox-title=\"solicomp_certificate_din_en_iso_9001_2015\" data-e-action-hash=\"#elementor-action%3Aaction%3Dlightbox%26settings%3DeyJpZCI6MTI1ODIsInVybCI6Imh0dHBzOlwvXC9zb2xpY29tcC5kZVwvd3AtY29udGVudFwvdXBsb2Fkc1wvMjAyM1wvMTFcL3NvbGljb21wX2NlcnRpZmljYXRlX2Rpbl9lbl9pc29fOTAwMV8yMDE1LXNjYWxlZC5qcGcifQ%3D%3D\">\n\t\t\t\t\t\t\t<img fetchpriority=\"high\" decoding=\"async\" width=\"768\" height=\"1086\" src=\"https:\/\/solicomp.de\/wp-content\/uploads\/2023\/11\/solicomp_certificate_din_en_iso_9001_2015-768x1086.jpg\" class=\"attachment-medium_large size-medium_large wp-image-12582\" alt=\"\" srcset=\"https:\/\/solicomp.de\/wp-content\/uploads\/2023\/11\/solicomp_certificate_din_en_iso_9001_2015-768x1086.jpg 768w, https:\/\/solicomp.de\/wp-content\/uploads\/2023\/11\/solicomp_certificate_din_en_iso_9001_2015-212x300.jpg 212w, https:\/\/solicomp.de\/wp-content\/uploads\/2023\/11\/solicomp_certificate_din_en_iso_9001_2015-724x1024.jpg 724w, https:\/\/solicomp.de\/wp-content\/uploads\/2023\/11\/solicomp_certificate_din_en_iso_9001_2015-1086x1536.jpg 1086w, https:\/\/solicomp.de\/wp-content\/uploads\/2023\/11\/solicomp_certificate_din_en_iso_9001_2015-1448x2048.jpg 1448w, https:\/\/solicomp.de\/wp-content\/uploads\/2023\/11\/solicomp_certificate_din_en_iso_9001_2015-scaled.jpg 1810w\" sizes=\"(max-width: 768px) 100vw, 768px\" title=\"\">\t\t\t\t\t\t\t\t<\/a>\n\t\t\t\t\t\t\t\t\t\t\t\t\t\t\t<\/div>\n\t\t\t\t<\/div>\n\t\t\t\t<div class=\"elementor-element elementor-element-cb4b9e2 elementor-align-center elementor-tablet-align-center elementor-mobile-align-justify elementor-repeater-item-none elementor-repeater-item-none_hover elementor-widget elementor-widget-button\" data-id=\"cb4b9e2\" data-element_type=\"widget\" data-e-type=\"widget\" data-widget_type=\"button.default\">\n\t\t\t\t<div class=\"elementor-widget-container\">\n\t\t\t\t\t\t\t\t\t<div class=\"elementor-button-wrapper\">\n\t\t\t\t\t<a class=\"elementor-button elementor-button-link elementor-size-sm\" href=\"\/wp-content\/uploads\/2023\/11\/solicomp_certificate_din_en_iso_9001_2015.pdf\" target=\"_blank\">\n\t\t\t\t\t\t<span class=\"elementor-button-content-wrapper\">\n\t\t\t\t\t\t\t\t\t<span class=\"elementor-button-text\">Visualizza il certificato (PDF)<\/span>\n\t\t\t\t\t<\/span>\n\t\t\t\t\t<\/a>\n\t\t\t\t<\/div>\n\t\t\t\t\t\t\t\t<\/div>\n\t\t\t\t<\/div>\n\t\t\t\t\t<\/div>\n\t\t<\/div>\n\t\t\t\t<div class=\"elementor-column elementor-col-50 elementor-top-column elementor-element elementor-element-2f3e7ce elementor-repeater-item-none elementor-repeater-item-none_hover\" data-id=\"2f3e7ce\" data-element_type=\"column\" data-e-type=\"column\">\n\t\t\t<div class=\"elementor-widget-wrap elementor-element-populated\">\n\t\t\t\t\t\t<div class=\"elementor-element elementor-element-f32bd45 elementor-repeater-item-none elementor-repeater-item-none_hover elementor-widget elementor-widget-heading\" data-id=\"f32bd45\" data-element_type=\"widget\" data-e-type=\"widget\" data-widget_type=\"heading.default\">\n\t\t\t\t<div class=\"elementor-widget-container\">\n\t\t\t\t\t<h3 class=\"elementor-heading-title elementor-size-default\">DIN EN ISO 9001:2015<\/h3>\t\t\t\t<\/div>\n\t\t\t\t<\/div>\n\t\t\t\t<div class=\"elementor-element elementor-element-243c7e6 elementor-repeater-item-none elementor-repeater-item-none_hover elementor-widget elementor-widget-text-editor\" data-id=\"243c7e6\" data-element_type=\"widget\" data-e-type=\"widget\" data-widget_type=\"text-editor.default\">\n\t\t\t\t<div class=\"elementor-widget-container\">\n\t\t\t\t\t\t\t\t\t<p>L&#8217;elevata richiesta di qualit\u00e0 dei nostri prodotti e servizi non consente alcun compromesso. Tutti i processi aziendali sono documentati e tracciabili. Lo stoccaggio e la manipolazione dei prodotti sono soggetti a norme rigorose e vengono effettuati esclusivamente da personale qualificato. La conformit\u00e0 \u00e8 dimostrata da regolari audit interni ed esterni. In conformit\u00e0 con gli standard riconosciuti a livello internazionale, Solicomp GmbH opera secondo un sistema di gestione della qualit\u00e0 certificato.<\/p>\n<p>L&#8217;ente di certificazione T\u00dcV S\u00dcD Management Service GmbH certifica che l&#8217;azienda solicomp GmbH ha introdotto e applicato con successo un sistema di gestione della qualit\u00e0 per l&#8217;ambito &#8220;Distribuzione di componenti elettronici&#8221;. Attraverso un audit, il rapporto n. 70007024, \u00e8 stata fornita la prova che i requisiti della ISO 9001:2015 sono soddisfatti.<\/p>\n<p>Questo certificato \u00e8 valido insieme al certificato principale<br>dal 23.11.2023 al 22.11.2026.<br>Certificato di registrazione n. 12 100 8686 TMS.<\/p>\t\t\t\t\t\t\t\t<\/div>\n\t\t\t\t<\/div>\n\t\t\t\t\t<\/div>\n\t\t<\/div>\n\t\t\t\t\t<\/div>\n\t\t<\/section>\n\t\t\t\t<\/div>\n\t\t","protected":false},"excerpt":{"rendered":"<p>Un&#8217;azienda con storia e ambizione. Solicomp GmbH \u00e8 stata fondata nel 1975 dal Dipl. Ing. Michael Dacqu\u00e9 come distributore speciale per i semiconduttori di potenza. Nel corso di oltre 40 anni di attivit\u00e0, Solicomp GmbH ha ampliato selettivamente i propri settori di attivit\u00e0. In questo modo, ha concentrato le sue attivit\u00e0 e ha aggiunto con [&hellip;]<\/p>\n","protected":false},"author":8,"featured_media":0,"parent":0,"menu_order":0,"comment_status":"closed","ping_status":"closed","template":"","meta":{"_acf_changed":false,"site-sidebar-layout":"no-sidebar","site-content-layout":"page-builder","ast-site-content-layout":"default","site-content-style":"default","site-sidebar-style":"default","ast-global-header-display":"","ast-banner-title-visibility":"","ast-main-header-display":"disabled","ast-hfb-above-header-display":"","ast-hfb-below-header-display":"","ast-hfb-mobile-header-display":"","site-post-title":"disabled","ast-breadcrumbs-content":"disabled","ast-featured-img":"disabled","footer-sml-layout":"","ast-disable-related-posts":"","theme-transparent-header-meta":"default","adv-header-id-meta":"","stick-header-meta":"default","header-above-stick-meta":"","header-main-stick-meta":"","header-below-stick-meta":"","astra-migrate-meta-layouts":"default","ast-page-background-enabled":"default","ast-page-background-meta":{"desktop":{"background-color":"","background-image":"","background-repeat":"repeat","background-position":"center center","background-size":"auto","background-attachment":"scroll","background-type":"","background-media":"","overlay-type":"","overlay-color":"","overlay-opacity":"","overlay-gradient":""},"tablet":{"background-color":"","background-image":"","background-repeat":"repeat","background-position":"center center","background-size":"auto","background-attachment":"scroll","background-type":"","background-media":"","overlay-type":"","overlay-color":"","overlay-opacity":"","overlay-gradient":""},"mobile":{"background-color":"","background-image":"","background-repeat":"repeat","background-position":"center center","background-size":"auto","background-attachment":"scroll","background-type":"","background-media":"","overlay-type":"","overlay-color":"","overlay-opacity":"","overlay-gradient":""}},"ast-content-background-meta":{"desktop":{"background-color":"var(--ast-global-color-5)","background-image":"","background-repeat":"repeat","background-position":"center center","background-size":"auto","background-attachment":"scroll","background-type":"","background-media":"","overlay-type":"","overlay-color":"","overlay-opacity":"","overlay-gradient":""},"tablet":{"background-color":"var(--ast-global-color-5)","background-image":"","background-repeat":"repeat","background-position":"center center","background-size":"auto","background-attachment":"scroll","background-type":"","background-media":"","overlay-type":"","overlay-color":"","overlay-opacity":"","overlay-gradient":""},"mobile":{"background-color":"var(--ast-global-color-5)","background-image":"","background-repeat":"repeat","background-position":"center center","background-size":"auto","background-attachment":"scroll","background-type":"","background-media":"","overlay-type":"","overlay-color":"","overlay-opacity":"","overlay-gradient":""}},"footnotes":""},"class_list":["post-10243","page","type-page","status-publish","hentry"],"acf":[],"_links":{"self":[{"href":"https:\/\/solicomp.de\/it\/wp-json\/wp\/v2\/pages\/10243","targetHints":{"allow":["GET"]}}],"collection":[{"href":"https:\/\/solicomp.de\/it\/wp-json\/wp\/v2\/pages"}],"about":[{"href":"https:\/\/solicomp.de\/it\/wp-json\/wp\/v2\/types\/page"}],"author":[{"embeddable":true,"href":"https:\/\/solicomp.de\/it\/wp-json\/wp\/v2\/users\/8"}],"replies":[{"embeddable":true,"href":"https:\/\/solicomp.de\/it\/wp-json\/wp\/v2\/comments?post=10243"}],"version-history":[{"count":5,"href":"https:\/\/solicomp.de\/it\/wp-json\/wp\/v2\/pages\/10243\/revisions"}],"predecessor-version":[{"id":12635,"href":"https:\/\/solicomp.de\/it\/wp-json\/wp\/v2\/pages\/10243\/revisions\/12635"}],"wp:attachment":[{"href":"https:\/\/solicomp.de\/it\/wp-json\/wp\/v2\/media?parent=10243"}],"curies":[{"name":"wp","href":"https:\/\/api.w.org\/{rel}","templated":true}]}}