{"id":11961,"date":"2023-03-17T10:01:26","date_gmt":"2023-03-17T09:01:26","guid":{"rendered":"https:\/\/solicomp.de\/prodotti\/waermemanagement-ableitung\/"},"modified":"2023-03-20T16:06:06","modified_gmt":"2023-03-20T15:06:06","slug":"gestione-e-dissipazione-del-calore","status":"publish","type":"page","link":"https:\/\/solicomp.de\/it\/prodotti\/gestione-e-dissipazione-del-calore\/","title":{"rendered":"Gestione e dissipazione del calore"},"content":{"rendered":"\t\t<div data-elementor-type=\"wp-page\" data-elementor-id=\"11961\" class=\"elementor elementor-11961 elementor-11718\" data-elementor-settings=\"{&quot;ha_cmc_init_switcher&quot;:&quot;no&quot;}\" data-elementor-post-type=\"page\">\n\t\t\t\t\t\t<section class=\"elementor-section elementor-top-section elementor-element elementor-element-ec6f1d7 elementor-section-boxed ang-section-padding-initial elementor-section-height-default elementor-section-height-default elementor-repeater-item-none elementor-repeater-item-none_hover\" data-id=\"ec6f1d7\" data-element_type=\"section\" data-e-type=\"section\" data-settings=\"{&quot;_ha_eqh_enable&quot;:false}\">\n\t\t\t\t\t\t<div class=\"elementor-container elementor-column-gap-default\">\n\t\t\t\t\t<div class=\"elementor-column elementor-col-100 elementor-top-column elementor-element elementor-element-c9d2567 elementor-repeater-item-none elementor-repeater-item-none_hover\" data-id=\"c9d2567\" data-element_type=\"column\" data-e-type=\"column\">\n\t\t\t<div class=\"elementor-widget-wrap elementor-element-populated\">\n\t\t\t\t\t\t<div class=\"elementor-element elementor-element-ec02c1e elementor-repeater-item-none elementor-repeater-item-none_hover elementor-widget elementor-widget-text-editor\" data-id=\"ec02c1e\" data-element_type=\"widget\" data-e-type=\"widget\" data-widget_type=\"text-editor.default\">\n\t\t\t\t<div class=\"elementor-widget-container\">\n\t\t\t\t\t\t\t\t\t<p>La progressiva integrazione della tecnologia in tutti gli aspetti della nostra vita richiede una corretta gestione termica dei componenti elettronici integrati, a vantaggio di maggiori prestazioni ed efficienza dei sistemi.<\/p>\n<p>Oggi l&#8217;industria pone pi\u00f9 enfasi sulle soluzioni elettroniche che sui progetti meccanici. I prodotti Aismalibar riducono la temperatura di esercizio dei componenti elettronici, prolungandone la vita e ottimizzandone le prestazioni.<\/p>\n<p>L&#8217;utilizzo dei prodotti Aismalibar garantisce la qualit\u00e0 e l&#8217;affidabilit\u00e0 dei prodotti dei nostri clienti. L&#8217;installazione di ventilatori di solito non \u00e8 pi\u00f9 necessaria. Ci\u00f2 consente di risparmiare energia, sforzi e costi in termini di una tecnologia pi\u00f9 sostenibile e rispettosa dell&#8217;ambiente.<\/p>\n\t\t\t\t\t\t\t\t<\/div>\n\t\t\t\t<\/div>\n\t\t\t\t\t<\/div>\n\t\t<\/div>\n\t\t\t\t\t<\/div>\n\t\t<\/section>\n\t\t\t\t<section class=\"elementor-section elementor-top-section elementor-element elementor-element-38105af elementor-section-content-middle elementor-section-boxed ang-section-padding-initial elementor-section-height-default elementor-section-height-default elementor-repeater-item-none elementor-repeater-item-none_hover\" data-id=\"38105af\" data-element_type=\"section\" data-e-type=\"section\" data-settings=\"{&quot;_ha_eqh_enable&quot;:false}\">\n\t\t\t\t\t\t<div class=\"elementor-container elementor-column-gap-default\">\n\t\t\t\t\t<div class=\"elementor-column elementor-col-50 elementor-top-column elementor-element elementor-element-0c148d7 elementor-repeater-item-none elementor-repeater-item-none_hover\" data-id=\"0c148d7\" data-element_type=\"column\" data-e-type=\"column\">\n\t\t\t<div class=\"elementor-widget-wrap elementor-element-populated\">\n\t\t\t\t\t\t<div class=\"elementor-element elementor-element-a28c431 elementor-repeater-item-none elementor-repeater-item-none_hover elementor-widget elementor-widget-heading\" data-id=\"a28c431\" data-element_type=\"widget\" data-e-type=\"widget\" data-widget_type=\"heading.default\">\n\t\t\t\t<div class=\"elementor-widget-container\">\n\t\t\t\t\t<h3 class=\"elementor-heading-title elementor-size-default\">Materiali di interfaccia<\/h3>\t\t\t\t<\/div>\n\t\t\t\t<\/div>\n\t\t\t\t<div class=\"elementor-element elementor-element-3fe1892 elementor-repeater-item-none elementor-repeater-item-none_hover elementor-widget elementor-widget-text-editor\" data-id=\"3fe1892\" data-element_type=\"widget\" data-e-type=\"widget\" data-widget_type=\"text-editor.default\">\n\t\t\t\t<div class=\"elementor-widget-container\">\n\t\t\t\t\t\t\t\t\t<p>I substrati metallici isolati di <strong><a href=\"https:\/\/www.aismalibar.com\/de\/\" target=\"_blank\" rel=\"noopener\">AISMALIBAR<\/a> <\/strong>consentono la lavorazione con i metodi standard dei circuiti stampati e integrano la dissipazione del calore senza componenti aggiuntivi e il processo di assemblaggio SMD. Substrato spesso a base di alluminio laminato con lamina di rame ED. Progettato per un&#8217;efficace dissipazione del calore e un elevato isolamento elettrico. La nostra ceramica polimerica appositamente formulata garantisce un&#8217;elevata conducibilit\u00e0 termica, rigidit\u00e0 dielettrica e resistenza termica.<\/p>\t\t\t\t\t\t\t\t<\/div>\n\t\t\t\t<\/div>\n\t\t\t\t\t<\/div>\n\t\t<\/div>\n\t\t\t\t<div class=\"elementor-column elementor-col-50 elementor-top-column elementor-element elementor-element-d08cd42 elementor-repeater-item-none elementor-repeater-item-none_hover\" data-id=\"d08cd42\" data-element_type=\"column\" data-e-type=\"column\">\n\t\t\t<div class=\"elementor-widget-wrap elementor-element-populated\">\n\t\t\t\t\t\t<div class=\"elementor-element elementor-element-47f98bc external_elementor-repeater-item-none_external elementor-repeater-item-none elementor-repeater-item-none_hover elementor-widget elementor-widget-image\" data-id=\"47f98bc\" data-element_type=\"widget\" data-e-type=\"widget\" data-widget_type=\"image.default\">\n\t\t\t\t<div class=\"elementor-widget-container\">\n\t\t\t\t\t\t\t\t\t\t\t\t\t\t\t\t<a href=\"\/wp-content\/uploads\/2023\/03\/Aismalibar_Company_Profile.pdf\" target=\"_blank\">\n\t\t\t\t\t\t\t<img fetchpriority=\"high\" decoding=\"async\" width=\"768\" height=\"275\" src=\"https:\/\/solicomp.de\/wp-content\/uploads\/2023\/03\/Aismalibar-1-1-768x275.jpg\" class=\"attachment-medium_large size-medium_large wp-image-11396\" alt=\"\" srcset=\"https:\/\/solicomp.de\/wp-content\/uploads\/2023\/03\/Aismalibar-1-1-768x275.jpg 768w, https:\/\/solicomp.de\/wp-content\/uploads\/2023\/03\/Aismalibar-1-1-300x108.jpg 300w, https:\/\/solicomp.de\/wp-content\/uploads\/2023\/03\/Aismalibar-1-1-1024x367.jpg 1024w, https:\/\/solicomp.de\/wp-content\/uploads\/2023\/03\/Aismalibar-1-1-1536x550.jpg 1536w, https:\/\/solicomp.de\/wp-content\/uploads\/2023\/03\/Aismalibar-1-1.jpg 1942w\" sizes=\"(max-width: 768px) 100vw, 768px\" title=\"\">\t\t\t\t\t\t\t\t<\/a>\n\t\t\t\t\t\t\t\t\t\t\t\t\t\t\t<\/div>\n\t\t\t\t<\/div>\n\t\t\t\t<div class=\"elementor-element elementor-element-e188152 elementor-align-center elementor-tablet-align-center elementor-mobile-align-justify elementor-widget-mobile__width-inherit elementor-repeater-item-none elementor-repeater-item-none_hover elementor-widget elementor-widget-button\" data-id=\"e188152\" data-element_type=\"widget\" data-e-type=\"widget\" data-widget_type=\"button.default\">\n\t\t\t\t<div class=\"elementor-widget-container\">\n\t\t\t\t\t\t\t\t\t<div class=\"elementor-button-wrapper\">\n\t\t\t\t\t<a class=\"elementor-button elementor-button-link elementor-size-md\" href=\"\/wp-content\/uploads\/2023\/03\/Aismalibar_Company_Profile.pdf\" target=\"_blank\">\n\t\t\t\t\t\t<span class=\"elementor-button-content-wrapper\">\n\t\t\t\t\t\t<span class=\"elementor-button-icon\">\n\t\t\t\t<i aria-hidden=\"true\" class=\"fas fa-file-pdf\"><\/i>\t\t\t<\/span>\n\t\t\t\t\t\t\t\t\t<span class=\"elementor-button-text\">Profilo aziendale di Aismalibar<\/span>\n\t\t\t\t\t<\/span>\n\t\t\t\t\t<\/a>\n\t\t\t\t<\/div>\n\t\t\t\t\t\t\t\t<\/div>\n\t\t\t\t<\/div>\n\t\t\t\t\t<\/div>\n\t\t<\/div>\n\t\t\t\t\t<\/div>\n\t\t<\/section>\n\t\t\t\t<section class=\"elementor-section elementor-top-section elementor-element elementor-element-380ade49 ang-section-padding-default elementor-section-content-middle elementor-section-boxed elementor-section-height-default elementor-section-height-default elementor-repeater-item-none elementor-repeater-item-none_hover\" data-id=\"380ade49\" data-element_type=\"section\" data-e-type=\"section\" data-settings=\"{&quot;_ha_eqh_enable&quot;:false}\">\n\t\t\t\t\t\t<div class=\"elementor-container elementor-column-gap-default\">\n\t\t\t\t\t<div class=\"elementor-column elementor-col-66 elementor-top-column elementor-element elementor-element-59ac04ff elementor-repeater-item-none elementor-repeater-item-none_hover\" data-id=\"59ac04ff\" data-element_type=\"column\" data-e-type=\"column\">\n\t\t\t<div class=\"elementor-widget-wrap elementor-element-populated\">\n\t\t\t\t\t\t<div class=\"elementor-element elementor-element-439938dd elementor-repeater-item-none elementor-repeater-item-none_hover elementor-widget elementor-widget-heading\" data-id=\"439938dd\" data-element_type=\"widget\" data-e-type=\"widget\" data-widget_type=\"heading.default\">\n\t\t\t\t<div class=\"elementor-widget-container\">\n\t\t\t\t\t<h4 class=\"elementor-heading-title elementor-size-default\">IMS - METALLO LAMINATO<\/h4>\t\t\t\t<\/div>\n\t\t\t\t<\/div>\n\t\t\t\t<div class=\"elementor-element elementor-element-2266b0f1 elementor-repeater-item-none elementor-repeater-item-none_hover elementor-widget elementor-widget-text-editor\" data-id=\"2266b0f1\" data-element_type=\"widget\" data-e-type=\"widget\" data-widget_type=\"text-editor.default\">\n\t\t\t\t<div class=\"elementor-widget-container\">\n\t\t\t\t\t\t\t\t\t<p>Substrato spesso a base di alluminio laminato con lamina di rame ED. Progettato per un&#8217;efficace dissipazione del calore e un elevato isolamento elettrico. La nostra ceramica polimerica appositamente formulata garantisce un&#8217;elevata conducibilit\u00e0 termica, rigidit\u00e0 dielettrica e resistenza termica. I substrati metallici isolati di AISMALIBAR consentono la lavorazione con i metodi standard dei PCB e integrano la dissipazione del calore senza componenti aggiuntivi e il processo di assemblaggio SMD.<\/p>\n\t\t\t\t\t\t\t\t<\/div>\n\t\t\t\t<\/div>\n\t\t\t\t\t<\/div>\n\t\t<\/div>\n\t\t\t\t<div class=\"elementor-column elementor-col-33 elementor-top-column elementor-element elementor-element-a35d8c9 elementor-repeater-item-none elementor-repeater-item-none_hover\" data-id=\"a35d8c9\" data-element_type=\"column\" data-e-type=\"column\">\n\t\t\t<div class=\"elementor-widget-wrap elementor-element-populated\">\n\t\t\t\t\t\t<div class=\"elementor-element elementor-element-b768a2e external_elementor-repeater-item-none_external elementor-repeater-item-none elementor-repeater-item-none_hover elementor-widget elementor-widget-image\" data-id=\"b768a2e\" data-element_type=\"widget\" data-e-type=\"widget\" data-widget_type=\"image.default\">\n\t\t\t\t<div class=\"elementor-widget-container\">\n\t\t\t\t\t\t\t\t\t\t\t\t\t\t\t<img decoding=\"async\" width=\"426\" height=\"424\" src=\"https:\/\/solicomp.de\/wp-content\/uploads\/2023\/03\/IMS-Metal_Clad.jpg\" class=\"attachment-medium_large size-medium_large wp-image-11755\" alt=\"IMS Metal Clad\" srcset=\"https:\/\/solicomp.de\/wp-content\/uploads\/2023\/03\/IMS-Metal_Clad.jpg 426w, https:\/\/solicomp.de\/wp-content\/uploads\/2023\/03\/IMS-Metal_Clad-300x300.jpg 300w, https:\/\/solicomp.de\/wp-content\/uploads\/2023\/03\/IMS-Metal_Clad-150x150.jpg 150w\" sizes=\"(max-width: 426px) 100vw, 426px\" title=\"\">\t\t\t\t\t\t\t\t\t\t\t\t\t\t\t<\/div>\n\t\t\t\t<\/div>\n\t\t\t\t\t<\/div>\n\t\t<\/div>\n\t\t\t\t\t<\/div>\n\t\t<\/section>\n\t\t\t\t<section class=\"elementor-section elementor-top-section elementor-element elementor-element-07baf40 ang-section-padding-default elementor-section-content-middle elementor-reverse-mobile elementor-section-boxed elementor-section-height-default elementor-section-height-default elementor-repeater-item-none elementor-repeater-item-none_hover\" data-id=\"07baf40\" data-element_type=\"section\" data-e-type=\"section\" data-settings=\"{&quot;_ha_eqh_enable&quot;:false}\">\n\t\t\t\t\t\t<div class=\"elementor-container elementor-column-gap-default\">\n\t\t\t\t\t<div class=\"elementor-column elementor-col-33 elementor-top-column elementor-element elementor-element-bb800a0 elementor-repeater-item-none elementor-repeater-item-none_hover\" data-id=\"bb800a0\" data-element_type=\"column\" data-e-type=\"column\">\n\t\t\t<div class=\"elementor-widget-wrap elementor-element-populated\">\n\t\t\t\t\t\t<div class=\"elementor-element elementor-element-597e25c external_elementor-repeater-item-none_external elementor-repeater-item-none elementor-repeater-item-none_hover elementor-widget elementor-widget-image\" data-id=\"597e25c\" data-element_type=\"widget\" data-e-type=\"widget\" data-widget_type=\"image.default\">\n\t\t\t\t<div class=\"elementor-widget-container\">\n\t\t\t\t\t\t\t\t\t\t\t\t\t\t\t<img decoding=\"async\" width=\"422\" height=\"414\" src=\"https:\/\/solicomp.de\/wp-content\/uploads\/2023\/03\/Multilayer.jpg\" class=\"attachment-large size-large wp-image-11759\" alt=\"Multilayer\" srcset=\"https:\/\/solicomp.de\/wp-content\/uploads\/2023\/03\/Multilayer.jpg 422w, https:\/\/solicomp.de\/wp-content\/uploads\/2023\/03\/Multilayer-300x294.jpg 300w\" sizes=\"(max-width: 422px) 100vw, 422px\" title=\"\">\t\t\t\t\t\t\t\t\t\t\t\t\t\t\t<\/div>\n\t\t\t\t<\/div>\n\t\t\t\t\t<\/div>\n\t\t<\/div>\n\t\t\t\t<div class=\"elementor-column elementor-col-66 elementor-top-column elementor-element elementor-element-9ce320f elementor-repeater-item-none elementor-repeater-item-none_hover\" data-id=\"9ce320f\" data-element_type=\"column\" data-e-type=\"column\">\n\t\t\t<div class=\"elementor-widget-wrap elementor-element-populated\">\n\t\t\t\t\t\t<div class=\"elementor-element elementor-element-b5c52b4 elementor-repeater-item-none elementor-repeater-item-none_hover elementor-widget elementor-widget-heading\" data-id=\"b5c52b4\" data-element_type=\"widget\" data-e-type=\"widget\" data-widget_type=\"heading.default\">\n\t\t\t\t<div class=\"elementor-widget-container\">\n\t\t\t\t\t<h4 class=\"elementor-heading-title elementor-size-default\">Multistrato<\/h4>\t\t\t\t<\/div>\n\t\t\t\t<\/div>\n\t\t\t\t<div class=\"elementor-element elementor-element-f8834be elementor-repeater-item-none elementor-repeater-item-none_hover elementor-widget elementor-widget-text-editor\" data-id=\"f8834be\" data-element_type=\"widget\" data-e-type=\"widget\" data-widget_type=\"text-editor.default\">\n\t\t\t\t<div class=\"elementor-widget-container\">\n\t\t\t\t\t\t\t\t\t<p>I PCB multistrato sono spesso richiesti per PCB complessi con circuiti pi\u00f9 densi. Questa combinazione di pi\u00f9 strati consente di migliorare le funzioni e le connessioni. AISMALIBAR offre diversi substrati che possono essere combinati per fornire soluzioni uniche e personalizzate per i vostri progetti elettronici.<\/p>\n\t\t\t\t\t\t\t\t<\/div>\n\t\t\t\t<\/div>\n\t\t\t\t\t<\/div>\n\t\t<\/div>\n\t\t\t\t\t<\/div>\n\t\t<\/section>\n\t\t\t\t<section class=\"elementor-section elementor-top-section elementor-element elementor-element-e6ec0d3 ang-section-padding-default elementor-section-content-middle elementor-section-boxed elementor-section-height-default elementor-section-height-default elementor-repeater-item-none elementor-repeater-item-none_hover\" data-id=\"e6ec0d3\" data-element_type=\"section\" data-e-type=\"section\" data-settings=\"{&quot;_ha_eqh_enable&quot;:false}\">\n\t\t\t\t\t\t<div class=\"elementor-container elementor-column-gap-default\">\n\t\t\t\t\t<div class=\"elementor-column elementor-col-66 elementor-top-column elementor-element elementor-element-ad7437e elementor-repeater-item-none elementor-repeater-item-none_hover\" data-id=\"ad7437e\" data-element_type=\"column\" data-e-type=\"column\">\n\t\t\t<div class=\"elementor-widget-wrap elementor-element-populated\">\n\t\t\t\t\t\t<div class=\"elementor-element elementor-element-b1e2ac0 elementor-repeater-item-none elementor-repeater-item-none_hover elementor-widget elementor-widget-heading\" data-id=\"b1e2ac0\" data-element_type=\"widget\" data-e-type=\"widget\" data-widget_type=\"heading.default\">\n\t\t\t\t<div class=\"elementor-widget-container\">\n\t\t\t\t\t<h4 class=\"elementor-heading-title elementor-size-default\">FOGLIO DI FONDO<\/h4>\t\t\t\t<\/div>\n\t\t\t\t<\/div>\n\t\t\t\t<div class=\"elementor-element elementor-element-f5fa7ab elementor-repeater-item-none elementor-repeater-item-none_hover elementor-widget elementor-widget-text-editor\" data-id=\"f5fa7ab\" data-element_type=\"widget\" data-e-type=\"widget\" data-widget_type=\"text-editor.default\">\n\t\t\t\t<div class=\"elementor-widget-container\">\n\t\t\t\t\t\t\t\t\t<p>AISMALIBAR offre una gamma di film termoconduttivi ad alte prestazioni (prepeg termici) per varie applicazioni nel campo dei PCB e MPCB. Utilizzando lamine termoconduttrici, gli strati dielettrici diventano termoconduttori e sono ideali per dissipare il calore dai componenti che generano calore sul rame funzionale allo strato di rame o al dissipatore di calore sul lato opposto. Le pellicole termoconduttive sono disponibili in spessori compresi tra 80 e 100 \u00b5m (3,1 e 4 milli = millesimi di pollice), con una conducibilit\u00e0 termica di 2,2 W\/mK o 3,2 W\/mK. I film termoconduttivi sono utilizzati nei processi standard di laminazione multistrato. La loro elevata resistenza agli shock termici, unita all&#8217;alta conduttivit\u00e0 termica, garantisce una dissipazione del calore affidabile ed efficiente nei circuiti termocritici.<\/p>\n\t\t\t\t\t\t\t\t<\/div>\n\t\t\t\t<\/div>\n\t\t\t\t\t<\/div>\n\t\t<\/div>\n\t\t\t\t<div class=\"elementor-column elementor-col-33 elementor-top-column elementor-element elementor-element-3b75052 elementor-repeater-item-none elementor-repeater-item-none_hover\" data-id=\"3b75052\" data-element_type=\"column\" data-e-type=\"column\">\n\t\t\t<div class=\"elementor-widget-wrap elementor-element-populated\">\n\t\t\t\t\t\t<div class=\"elementor-element elementor-element-4d8aab0 external_elementor-repeater-item-none_external elementor-repeater-item-none elementor-repeater-item-none_hover elementor-widget elementor-widget-image\" data-id=\"4d8aab0\" data-element_type=\"widget\" data-e-type=\"widget\" data-widget_type=\"image.default\">\n\t\t\t\t<div class=\"elementor-widget-container\">\n\t\t\t\t\t\t\t\t\t\t\t\t\t\t\t<img loading=\"lazy\" decoding=\"async\" width=\"421\" height=\"430\" src=\"https:\/\/solicomp.de\/wp-content\/uploads\/2023\/03\/High_Electrical_Isolation.jpg\" class=\"attachment-large size-large wp-image-11751\" alt=\"High Electrical Isolation\" srcset=\"https:\/\/solicomp.de\/wp-content\/uploads\/2023\/03\/High_Electrical_Isolation.jpg 421w, https:\/\/solicomp.de\/wp-content\/uploads\/2023\/03\/High_Electrical_Isolation-294x300.jpg 294w\" sizes=\"(max-width: 421px) 100vw, 421px\" title=\"\">\t\t\t\t\t\t\t\t\t\t\t\t\t\t\t<\/div>\n\t\t\t\t<\/div>\n\t\t\t\t\t<\/div>\n\t\t<\/div>\n\t\t\t\t\t<\/div>\n\t\t<\/section>\n\t\t\t\t<section class=\"elementor-section elementor-top-section elementor-element elementor-element-0958ae9 ang-section-padding-default elementor-section-content-middle elementor-reverse-mobile elementor-section-boxed elementor-section-height-default elementor-section-height-default elementor-repeater-item-none elementor-repeater-item-none_hover\" data-id=\"0958ae9\" data-element_type=\"section\" data-e-type=\"section\" data-settings=\"{&quot;_ha_eqh_enable&quot;:false}\">\n\t\t\t\t\t\t<div class=\"elementor-container elementor-column-gap-default\">\n\t\t\t\t\t<div class=\"elementor-column elementor-col-33 elementor-top-column elementor-element elementor-element-7a6c778 elementor-repeater-item-none elementor-repeater-item-none_hover\" data-id=\"7a6c778\" data-element_type=\"column\" data-e-type=\"column\">\n\t\t\t<div class=\"elementor-widget-wrap elementor-element-populated\">\n\t\t\t\t\t\t<div class=\"elementor-element elementor-element-3141098 external_elementor-repeater-item-none_external elementor-repeater-item-none elementor-repeater-item-none_hover elementor-widget elementor-widget-image\" data-id=\"3141098\" data-element_type=\"widget\" data-e-type=\"widget\" data-widget_type=\"image.default\">\n\t\t\t\t<div class=\"elementor-widget-container\">\n\t\t\t\t\t\t\t\t\t\t\t\t\t\t\t<img loading=\"lazy\" decoding=\"async\" width=\"424\" height=\"418\" src=\"https:\/\/solicomp.de\/wp-content\/uploads\/2023\/03\/Copper_Clad_Laminate.jpg\" class=\"attachment-large size-large wp-image-11747\" alt=\"Copper Clad Laminate\" srcset=\"https:\/\/solicomp.de\/wp-content\/uploads\/2023\/03\/Copper_Clad_Laminate.jpg 424w, https:\/\/solicomp.de\/wp-content\/uploads\/2023\/03\/Copper_Clad_Laminate-300x296.jpg 300w\" sizes=\"(max-width: 424px) 100vw, 424px\" title=\"\">\t\t\t\t\t\t\t\t\t\t\t\t\t\t\t<\/div>\n\t\t\t\t<\/div>\n\t\t\t\t\t<\/div>\n\t\t<\/div>\n\t\t\t\t<div class=\"elementor-column elementor-col-66 elementor-top-column elementor-element elementor-element-7f04917 elementor-repeater-item-none elementor-repeater-item-none_hover\" data-id=\"7f04917\" data-element_type=\"column\" data-e-type=\"column\">\n\t\t\t<div class=\"elementor-widget-wrap elementor-element-populated\">\n\t\t\t\t\t\t<div class=\"elementor-element elementor-element-0cc5df9 elementor-repeater-item-none elementor-repeater-item-none_hover elementor-widget elementor-widget-heading\" data-id=\"0cc5df9\" data-element_type=\"widget\" data-e-type=\"widget\" data-widget_type=\"heading.default\">\n\t\t\t\t<div class=\"elementor-widget-container\">\n\t\t\t\t\t<h4 class=\"elementor-heading-title elementor-size-default\">Laminato di rame<\/h4>\t\t\t\t<\/div>\n\t\t\t\t<\/div>\n\t\t\t\t<div class=\"elementor-element elementor-element-c95f080 elementor-repeater-item-none elementor-repeater-item-none_hover elementor-widget elementor-widget-text-editor\" data-id=\"c95f080\" data-element_type=\"widget\" data-e-type=\"widget\" data-widget_type=\"text-editor.default\">\n\t\t\t\t<div class=\"elementor-widget-container\">\n\t\t\t\t\t\t\t\t\t<p>I laminati rivestiti di rame sono costituiti da uno strato interno di prepreg laminato su entrambi i lati con un sottile strato di lamina di rame. La laminazione si ottiene pressando uno o pi\u00f9 strati di rame e preimpregnato in condizioni di elevato calore, pressione e vuoto.<\/p>\n\t\t\t\t\t\t\t\t<\/div>\n\t\t\t\t<\/div>\n\t\t\t\t\t<\/div>\n\t\t<\/div>\n\t\t\t\t\t<\/div>\n\t\t<\/section>\n\t\t\t\t<\/div>\n\t\t","protected":false},"excerpt":{"rendered":"<p>La progressiva integrazione della tecnologia in tutti gli aspetti della nostra vita richiede una corretta gestione termica dei componenti elettronici integrati, a vantaggio di maggiori prestazioni ed efficienza dei sistemi. Oggi l&#8217;industria pone pi\u00f9 enfasi sulle soluzioni elettroniche che sui progetti meccanici. I prodotti Aismalibar riducono la temperatura di esercizio dei componenti elettronici, prolungandone la [&hellip;]<\/p>\n","protected":false},"author":8,"featured_media":0,"parent":10123,"menu_order":0,"comment_status":"closed","ping_status":"closed","template":"","meta":{"_acf_changed":false,"site-sidebar-layout":"no-sidebar","site-content-layout":"page-builder","ast-site-content-layout":"default","site-content-style":"default","site-sidebar-style":"default","ast-global-header-display":"","ast-banner-title-visibility":"","ast-main-header-display":"","ast-hfb-above-header-display":"","ast-hfb-below-header-display":"","ast-hfb-mobile-header-display":"","site-post-title":"disabled","ast-breadcrumbs-content":"","ast-featured-img":"disabled","footer-sml-layout":"","ast-disable-related-posts":"","theme-transparent-header-meta":"default","adv-header-id-meta":"","stick-header-meta":"default","header-above-stick-meta":"","header-main-stick-meta":"","header-below-stick-meta":"","astra-migrate-meta-layouts":"default","ast-page-background-enabled":"default","ast-page-background-meta":{"desktop":{"background-color":"","background-image":"","background-repeat":"repeat","background-position":"center center","background-size":"auto","background-attachment":"scroll","background-type":"","background-media":"","overlay-type":"","overlay-color":"","overlay-opacity":"","overlay-gradient":""},"tablet":{"background-color":"","background-image":"","background-repeat":"repeat","background-position":"center center","background-size":"auto","background-attachment":"scroll","background-type":"","background-media":"","overlay-type":"","overlay-color":"","overlay-opacity":"","overlay-gradient":""},"mobile":{"background-color":"","background-image":"","background-repeat":"repeat","background-position":"center center","background-size":"auto","background-attachment":"scroll","background-type":"","background-media":"","overlay-type":"","overlay-color":"","overlay-opacity":"","overlay-gradient":""}},"ast-content-background-meta":{"desktop":{"background-color":"var(--ast-global-color-5)","background-image":"","background-repeat":"repeat","background-position":"center center","background-size":"auto","background-attachment":"scroll","background-type":"","background-media":"","overlay-type":"","overlay-color":"","overlay-opacity":"","overlay-gradient":""},"tablet":{"background-color":"var(--ast-global-color-5)","background-image":"","background-repeat":"repeat","background-position":"center center","background-size":"auto","background-attachment":"scroll","background-type":"","background-media":"","overlay-type":"","overlay-color":"","overlay-opacity":"","overlay-gradient":""},"mobile":{"background-color":"var(--ast-global-color-5)","background-image":"","background-repeat":"repeat","background-position":"center center","background-size":"auto","background-attachment":"scroll","background-type":"","background-media":"","overlay-type":"","overlay-color":"","overlay-opacity":"","overlay-gradient":""}},"footnotes":""},"class_list":["post-11961","page","type-page","status-publish","hentry"],"acf":[],"_links":{"self":[{"href":"https:\/\/solicomp.de\/it\/wp-json\/wp\/v2\/pages\/11961","targetHints":{"allow":["GET"]}}],"collection":[{"href":"https:\/\/solicomp.de\/it\/wp-json\/wp\/v2\/pages"}],"about":[{"href":"https:\/\/solicomp.de\/it\/wp-json\/wp\/v2\/types\/page"}],"author":[{"embeddable":true,"href":"https:\/\/solicomp.de\/it\/wp-json\/wp\/v2\/users\/8"}],"replies":[{"embeddable":true,"href":"https:\/\/solicomp.de\/it\/wp-json\/wp\/v2\/comments?post=11961"}],"version-history":[{"count":5,"href":"https:\/\/solicomp.de\/it\/wp-json\/wp\/v2\/pages\/11961\/revisions"}],"predecessor-version":[{"id":11981,"href":"https:\/\/solicomp.de\/it\/wp-json\/wp\/v2\/pages\/11961\/revisions\/11981"}],"up":[{"embeddable":true,"href":"https:\/\/solicomp.de\/it\/wp-json\/wp\/v2\/pages\/10123"}],"wp:attachment":[{"href":"https:\/\/solicomp.de\/it\/wp-json\/wp\/v2\/media?parent=11961"}],"curies":[{"name":"wp","href":"https:\/\/api.w.org\/{rel}","templated":true}]}}